{"id":243,"date":"2019-04-21T13:13:22","date_gmt":"2019-04-21T16:13:22","guid":{"rendered":"http:\/\/moodle.reikibr.org\/projetoluz\/?page_id=243"},"modified":"2020-08-10T11:17:33","modified_gmt":"2020-08-10T14:17:33","slug":"preparativos-para-a-iniciacao","status":"publish","type":"page","link":"https:\/\/moodle.reikibr.org\/projetoluz\/index.php\/preparativos-para-a-iniciacao\/","title":{"rendered":"Preparativos para a inicia\u00e7\u00e3o"},"content":{"rendered":"\n<p>Prezados Iniciandos: <br><br><\/p>\n\n\n\n<p>No pr\u00f3ximo dia 15, \u00e0s 23 horas, haver\u00e1 a nossa&nbsp;inicia\u00e7\u00e3o&nbsp;\u00e0\n dist\u00e2ncia, contando com a participa\u00e7\u00e3o dos mestres do Projeto Luz e \ninscritos das mais diversas localidades. Caso esteja em uma regi\u00e3o com \nfuso hor\u00e1rio diferente do centro do Brasil, verifique <a href=\"http:\/\/www.horariodebrasilia.org\/\" target=\"_blank\" rel=\"noreferrer noopener\">nessa p\u00e1gina<\/a>\n o hor\u00e1rio oficial do projeto. Caso voc\u00ea esteja em tr\u00e2nsito (viajando ou\n trabalhando), adote os procedimentos que lhe forem poss\u00edveis. Quando \nn\u00e3o \u00e9 poss\u00edvel fazer o relaxamento adequado, a inicia\u00e7\u00e3o tende a se \ncompletar no per\u00edodo de repouso (sono) seguinte.<\/p>\n\n\n\n<p><strong>&nbsp; &nbsp; &nbsp; &nbsp; &nbsp; &nbsp; &nbsp; &nbsp; &nbsp; &nbsp; &nbsp; &nbsp; &nbsp; &nbsp; &nbsp; &nbsp; &nbsp; &nbsp; &nbsp; &nbsp; &nbsp; &nbsp; &nbsp; &nbsp; &nbsp; &nbsp; &nbsp; &nbsp; &nbsp; &nbsp; Nos dias que antecedem a inicia\u00e7\u00e3o:<\/strong><\/p>\n\n\n\n<ul class=\"wp-block-list\"><li>Os\u00a0<a rel=\"noreferrer noopener\" href=\"http:\/\/moodle.reikibr.org\/projetoluz\/index.php\/projeto-luz\/os-cinco-principios\/\" target=\"_blank\">cinco princ\u00edpios<\/a>\u00a0devem ser observados;<\/li><li>pedimos que reduzam o consumo de carne e demais alimentos de origem animal, o que recomendamos que seja\u00a0continuado depois da inicia\u00e7\u00e3o.\u00a0<a rel=\"noreferrer noopener\" href=\"http:\/\/moodle.reikibr.org\/projetoluz\/index.php\/alimentacao-etica\/\" target=\"_blank\">Clique aqui<\/a>\u00a0e leia as raz\u00f5es para alimentar-se dessa forma e <a rel=\"noreferrer noopener\" href=\"https:\/\/www.facebook.com\/media\/set\/?set=a.297669333578994.84771.100000077908846&amp;type=1&amp;l=e68fd0a622\" target=\"_blank\">aqui<\/a> para conhecer receitas e sugest\u00f5es;<\/li><li>elimine  h\u00e1bitos nocivos, como \u00e1lcool, cigarro e outros psicotr\u00f3picos. Sendo  necess\u00e1rio, utilizem florais recomendados no f\u00f3rum da sua turma, como  suporte;<\/li><li>para ouvir o \u00e1udio de condu\u00e7\u00e3o da inicia\u00e7\u00e3o: instale o <a href=\"http:\/\/moodle.reikibr.org\/projetoluz\/index.php\/app-reikibr\/\" target=\"_blank\" rel=\"noreferrer noopener\">aplicativo do grupo<\/a> ou clique no play, abaixo;\u00a0<\/li><li>para baixar o \u00e1udio de condu\u00e7\u00e3o da inicia\u00e7\u00e3o. O link est\u00e1 no final dessa p\u00e1gina;<\/li><li>preparem um <a rel=\"noreferrer noopener\" aria-label=\"sabonete de sal e ervas para a limpeza (opens in a new tab)\" href=\"http:\/\/moodle.reikibr.org\/projetoluz\/index.php\/projeto-luz\/sabonete-de-sal-e-ervas-2\/\" target=\"_blank\">sabonete de sal e ervas para a limpeza<\/a> (opcional).<\/li><\/ul>\n\n\n\n<p><strong>&nbsp; &nbsp; &nbsp; &nbsp; &nbsp; &nbsp; &nbsp; &nbsp; &nbsp; &nbsp; &nbsp; &nbsp; &nbsp; &nbsp; &nbsp; &nbsp; &nbsp; &nbsp; &nbsp; &nbsp; &nbsp; &nbsp; &nbsp; &nbsp; &nbsp; &nbsp; &nbsp; &nbsp; &nbsp; &nbsp; &nbsp; &nbsp; &nbsp; &nbsp; &nbsp; &nbsp; No dia da cerim\u00f4nia:<\/strong><\/p>\n\n\n\n<ul class=\"wp-block-list\"><li>t\u00e3o logo lhes seja poss\u00edvel, desconectem-se da sua rotina;<\/li><li>comuniquem os seus familiares que participar\u00e3o de uma cerim\u00f4nia, pedindo a colabora\u00e7\u00e3o necess\u00e1ria;<\/li><li>se acharem oportuno, preparem uma salmoura, e banhe-se do pesco\u00e7o para baixo, ap\u00f3s a sua higiene habitual ou usem o <a href=\"http:\/\/moodle.reikibr.org\/projetoluz\/index.php\/projeto-luz\/sabonete-de-sal-e-ervas-2\/\" target=\"_blank\" rel=\"noreferrer noopener\">sabonete de sal e ervas<\/a>, mencionado acima;<\/li><li>sugerimos que usem incensos ou ess\u00eancias;<\/li><li>fiquem de prefer\u00eancia sob meia-luz,\u00a0como\u00a0a de velas ou\u00a0abajur;<\/li><li>no  momento agendado (23 horas, ou antes), relaxem o corpo f\u00edsico e a  mente, e rodem o \u00e1udio de condu\u00e7\u00e3o\u00a0ao Templo Azul, assumindo uma postura  receptiva e confiante.\u00a0Fiquem assim por no m\u00ednimo 30 minutos (at\u00e9 23h30min), preferencialmente deitados.\u00a0Caso sintam\u00a0necessidade, mudem de posi\u00e7\u00e3o durante a cerim\u00f4nia;<\/li><li>n\u00e3o esperem por imagens, sons, luzes ou qualquer outra coisa, por\u00e9m n\u00e3o se assustem se acontecer.<\/li><\/ul>\n\n\n\n<p>A&nbsp;inicia\u00e7\u00e3o&nbsp;em&nbsp;Reiki&nbsp;\u00e9 algo muito pessoal, e cada um vivencia de forma diferente. &nbsp;As sensa\u00e7\u00f5es mais corriqueiras s\u00e3o expans\u00f5es do&nbsp;chakra&nbsp;da\n coroa, do card\u00edaco e o aquecimento ou aumento das m\u00e3os durante ou logo \nap\u00f3s o evento. Isso decorre dos reflexos em n\u00edvel f\u00edsico dos \nprocedimentos energ\u00e9ticos adotados no processo. Caso adorme\u00e7am no \ndecorrer da&nbsp;inicia\u00e7\u00e3o&nbsp;n\u00e3o significa que perderam algo, ou que a&nbsp;inicia\u00e7\u00e3o&nbsp;n\u00e3o\n foi bem sucedida. Muitas vezes, quando adormecemos, atenuamos nossos \nla\u00e7os com o corpo f\u00edsico, podendo assim visitar outros planos e receber \nl\u00e1 orienta\u00e7\u00f5es, sintoniza\u00e7\u00f5es ou outros procedimentos que nossos Mestres\n (pessoais) acham necess\u00e1rios.<br>Ap\u00f3s\n o per\u00edodo recomendado, agrade\u00e7am ao Universo e deixem que a energia \nflua por alguns momentos em voc\u00eas mesmos. Fa\u00e7am isso colocando as m\u00e3os \nsobre o&nbsp;chakra&nbsp;card\u00edaco\n (cora\u00e7\u00e3o) e sintam que j\u00e1 s\u00e3o canais de amor. Se desejarem, fa\u00e7am em \nseguida em seus familiares, animais de estima\u00e7\u00e3o ou imaginando o planeta\n Terra entre as m\u00e3os. Quanto mais usarem essa maravilhosa energia que \nacabam de relembrar, mais ela se tornar\u00e1 forte, pois estar\u00e3o abrindo uma\n passagem maior para ela. Com a pr\u00e1tica, certamente vir\u00e1&nbsp;a&nbsp;certeza de que a t\u00e9cnica funciona maravilhosamente e com muita simplicidade.&nbsp;<\/p>\n\n\n\n<p>Orientamos\n para que, em um primeiro momento, seja dada especial aten\u00e7\u00e3o a \nauto-aplica\u00e7\u00e3o. Essa primeira fase (referimo-nos aqui ao n\u00edvel I) \u00e9 \ncrucial para a desintoxica\u00e7\u00e3o e consequente equil\u00edbrio do novo \nterapeuta. Lembremos que quanto melhores estivermos f\u00edsica, mental e \nespiritualmente, melhor ser\u00e1 o tratamento que ofereceremos aos outros, \npois s\u00f3 podemos oferecer aquilo que temos em abund\u00e2ncia.<\/p>\n\n\n\n<p>Usem muito essa nova ferramenta de cura, com a confian\u00e7a de que n\u00e3o podem errar no que fazem, pois&nbsp;Reiki&nbsp;\u00e9 amor ao pr\u00f3ximo e a si mesmo, e amor verdadeiro n\u00e3o pode fazer mal.<\/p>\n\n\n\n<p>Caso queiram, <a href=\"http:\/\/moodle.reikibr.org\/projetoluz\/index.php\/projeto-luz\/a-cerimonia-de-iniciacao\/\" target=\"_blank\" rel=\"noreferrer noopener\" aria-label=\"leiam aqui (opens in a new tab)\">leiam aqui<\/a> um interessante e amplo texto sobre as inicia\u00e7\u00f5es.<\/p>\n\n\n\n<p>Com as mais intensas vibra\u00e7\u00f5es de Luz e Paz,<\/p>\n\n\n\n<p><strong>Os mestres do Projeto Luz.<\/strong><\/p>\n\n\n\n<div class=\"wp-block-file\"><a href=\"http:\/\/moodle.reikibr.org\/projetoluz\/wp-content\/uploads\/2019\/04\/audioTAconducaoNOV2018.mp3\">\u00c1udio de Condu\u00e7\u00e3o ao Templo Azul<\/a><a href=\"http:\/\/moodle.reikibr.org\/projetoluz\/wp-content\/uploads\/2019\/04\/audioTAconducaoNOV2018.mp3\" class=\"wp-block-file__button\" download>Baixar<\/a><\/div>\n\n\n\n<p><a rel=\"noreferrer noopener\" href=\"http:\/\/moodle.reikibr.org\/projetoluz\/index.php\/app-reikibr\/\" target=\"_blank\">Aplicativo ReikiBr<\/a><\/p>\n","protected":false},"excerpt":{"rendered":"<p>Prezados Iniciandos: No pr\u00f3ximo dia 15, \u00e0s 23 horas, haver\u00e1 a nossa&nbsp;inicia\u00e7\u00e3o&nbsp;\u00e0 dist\u00e2ncia, contando com a participa\u00e7\u00e3o dos mestres do Projeto Luz e inscritos das mais diversas localidades. Caso esteja em uma regi\u00e3o com fuso hor\u00e1rio diferente do centro do Brasil, verifique nessa p\u00e1gina o hor\u00e1rio oficial do projeto. Caso voc\u00ea esteja em tr\u00e2nsito (viajando [&hellip;]<\/p>\n","protected":false},"author":1,"featured_media":0,"parent":0,"menu_order":0,"comment_status":"closed","ping_status":"closed","template":"","meta":{"jetpack_post_was_ever_published":false,"footnotes":""},"class_list":["post-243","page","type-page","status-publish","hentry"],"jetpack_sharing_enabled":true,"jetpack_shortlink":"https:\/\/wp.me\/PaUIHY-3V","_links":{"self":[{"href":"https:\/\/moodle.reikibr.org\/projetoluz\/index.php\/wp-json\/wp\/v2\/pages\/243","targetHints":{"allow":["GET"]}}],"collection":[{"href":"https:\/\/moodle.reikibr.org\/projetoluz\/index.php\/wp-json\/wp\/v2\/pages"}],"about":[{"href":"https:\/\/moodle.reikibr.org\/projetoluz\/index.php\/wp-json\/wp\/v2\/types\/page"}],"author":[{"embeddable":true,"href":"https:\/\/moodle.reikibr.org\/projetoluz\/index.php\/wp-json\/wp\/v2\/users\/1"}],"replies":[{"embeddable":true,"href":"https:\/\/moodle.reikibr.org\/projetoluz\/index.php\/wp-json\/wp\/v2\/comments?post=243"}],"version-history":[{"count":7,"href":"https:\/\/moodle.reikibr.org\/projetoluz\/index.php\/wp-json\/wp\/v2\/pages\/243\/revisions"}],"predecessor-version":[{"id":505,"href":"https:\/\/moodle.reikibr.org\/projetoluz\/index.php\/wp-json\/wp\/v2\/pages\/243\/revisions\/505"}],"wp:attachment":[{"href":"https:\/\/moodle.reikibr.org\/projetoluz\/index.php\/wp-json\/wp\/v2\/media?parent=243"}],"curies":[{"name":"wp","href":"https:\/\/api.w.org\/{rel}","templated":true}]}}