{"id":8,"date":"2019-04-19T23:57:14","date_gmt":"2019-04-20T02:57:14","guid":{"rendered":"http:\/\/moodle.reikibr.org\/projetoluz\/?page_id=8"},"modified":"2025-02-22T10:09:44","modified_gmt":"2025-02-22T13:09:44","slug":"8-2","status":"publish","type":"page","link":"http:\/\/moodle.reikibr.org\/projetoluz\/","title":{"rendered":"ReikiBr.org"},"content":{"rendered":"<div class=\"wp-block-image\">\n<figure class=\"aligncenter is-resized\"><img loading=\"lazy\" decoding=\"async\" width=\"507\" height=\"497\" src=\"http:\/\/moodle.reikibr.org\/projetoluz\/wp-content\/uploads\/2019\/04\/reiki-flame-1.jpg\" alt=\"\" class=\"wp-image-203\" style=\"width:120px;height:118px\" srcset=\"http:\/\/moodle.reikibr.org\/projetoluz\/wp-content\/uploads\/2019\/04\/reiki-flame-1.jpg 507w, http:\/\/moodle.reikibr.org\/projetoluz\/wp-content\/uploads\/2019\/04\/reiki-flame-1-300x294.jpg 300w\" sizes=\"auto, (max-width: 507px) 100vw, 507px\" \/><\/figure><\/div>\n\n\n<p><strong>25\u00ba ano do grupo e 23\u00ba do Projeto Luz<\/strong><\/p>\n\n\n\n<p><strong>O que \u00e9 Reiki&nbsp;<\/strong><br \/>Resumidamente, podemos dizer que a Reiki \u00e9 uma t\u00e9cnica curativa milenar, aplicada atrav\u00e9s da imposi\u00e7\u00e3o das m\u00e3os, ou direcionada atrav\u00e9s da inten\u00e7\u00e3o. Para saber mais, baixe a&nbsp;<a href=\"http:\/\/moodle.reikibr.org\/projetoluz\/index.php\/projeto-luz\/apostilas\/\" target=\"_blank\" rel=\"noopener noreferrer\">apostila de n\u00edvel I<\/a>&nbsp;e leia a defini\u00e7\u00e3o dada pelo Mestre Usui, bem como suas respostas sobre o assunto, <a href=\"http:\/\/projetoluz.pontodeluz.net\/documentos\/Reiki%20Ryoho%20do%20Dr.%20Usui%20-%20Defini%e7%e3o,%20Perguntas%20e%20Repostas.pdf\" target=\"_blank\" rel=\"noreferrer noopener\">clicando aqui<\/a>.<\/p>\n\n\n\n<p><strong>&nbsp;Sobre n\u00f3s<\/strong><\/p>\n\n\n\n<p>Somos um grupo de mais de 8000 reikianos, dos mais diversos n\u00edveis, que h\u00e1 mais de dez anos usamos a internet para divulgar, trocar informa\u00e7\u00f5es, dirimir d\u00favidas, ensinar a t\u00e9cnica de forma gratuita e oferecer tratamento \u00e0 dist\u00e2ncia, sem custos.<\/p>\n\n\n\n<p><strong>Nossa Miss\u00e3o<\/strong><\/p>\n\n\n\n<p>Levar a t\u00e9cnica reiki para todos os que j\u00e1 est\u00e3o prontos para receb\u00ea-la,&nbsp;<a rel=\"noopener noreferrer\" href=\"http:\/\/moodle.reikibr.org\/projetoluz\/index.php\/projeto-luz\/\" target=\"_blank\">atrav\u00e9s dos cursos<\/a>&nbsp;e dos <a rel=\"noreferrer noopener\" href=\"http:\/\/moodle.reikibr.org\/projetoluz\/index.php\/tratamentos-a-distancia\/\" target=\"_blank\">tratamentos \u00e0 dist\u00e2ncia.<\/a> Nossa proposta \u00e9 facilitarmos a jornada, nessa senda de cura, para todos aqueles que ouviram o chamado do seu mestre interior.<\/p>\n\n\n\n<p>&nbsp;<strong>Como operamos<\/strong><\/p>\n\n\n\n<p>&nbsp;Utilizamos algumas ferramentas para facilitar a nossa comunica\u00e7\u00e3o e acessibilidade: <a href=\"https:\/\/www.facebook.com\/groups\/projetoluzreikibr\/\" target=\"_blank\" rel=\"noreferrer noopener\">grupo no Facebook <\/a>para trocarmos mensagens e o&nbsp;<a href=\"http:\/\/moodle.reikibr.org\/projetoluz\/index.php\/projeto-luz\/\" target=\"_blank\" rel=\"noreferrer noopener\">m\u00f3dulo de cursos moodle<\/a> para gerenciar as turmas em forma\u00e7\u00e3o.&nbsp;<\/p>\n\n\n\n<p>Sugerimos que acesse, pela barra superior, as demais p\u00e1ginas.<\/p>\n\n\n\n<p>Somos gratos pela sua visita,<\/p>\n\n\n\n<p><strong><em>Os&nbsp;mestres do Projeto Luz.<\/em><\/strong><\/p>\n\n\n<div class=\"wp-block-image\">\n<figure class=\"aligncenter is-resized\"><img loading=\"lazy\" decoding=\"async\" width=\"320\" height=\"320\" src=\"http:\/\/moodle.reikibr.org\/projetoluz\/wp-content\/uploads\/2019\/04\/logoantigo.jpg\" alt=\"\" class=\"wp-image-206\" style=\"width:164px;height:164px\" srcset=\"http:\/\/moodle.reikibr.org\/projetoluz\/wp-content\/uploads\/2019\/04\/logoantigo.jpg 320w, http:\/\/moodle.reikibr.org\/projetoluz\/wp-content\/uploads\/2019\/04\/logoantigo-150x150.jpg 150w, http:\/\/moodle.reikibr.org\/projetoluz\/wp-content\/uploads\/2019\/04\/logoantigo-300x300.jpg 300w\" sizes=\"auto, (max-width: 320px) 100vw, 320px\" \/><\/figure><\/div>","protected":false},"excerpt":{"rendered":"<p>25\u00ba ano do grupo e 23\u00ba do Projeto Luz O que \u00e9 Reiki&nbsp;Resumidamente, podemos dizer que a Reiki \u00e9 uma t\u00e9cnica curativa milenar, aplicada atrav\u00e9s da imposi\u00e7\u00e3o das m\u00e3os, ou direcionada atrav\u00e9s da inten\u00e7\u00e3o. Para saber mais, baixe a&nbsp;apostila de n\u00edvel I&nbsp;e leia a defini\u00e7\u00e3o dada pelo Mestre Usui, bem como suas respostas sobre o [&hellip;]<\/p>\n","protected":false},"author":1,"featured_media":0,"parent":0,"menu_order":0,"comment_status":"closed","ping_status":"closed","template":"","meta":{"jetpack_post_was_ever_published":false,"footnotes":""},"class_list":["post-8","page","type-page","status-publish","hentry"],"jetpack_sharing_enabled":true,"jetpack_shortlink":"https:\/\/wp.me\/PaUIHY-8","_links":{"self":[{"href":"http:\/\/moodle.reikibr.org\/projetoluz\/index.php\/wp-json\/wp\/v2\/pages\/8","targetHints":{"allow":["GET"]}}],"collection":[{"href":"http:\/\/moodle.reikibr.org\/projetoluz\/index.php\/wp-json\/wp\/v2\/pages"}],"about":[{"href":"http:\/\/moodle.reikibr.org\/projetoluz\/index.php\/wp-json\/wp\/v2\/types\/page"}],"author":[{"embeddable":true,"href":"http:\/\/moodle.reikibr.org\/projetoluz\/index.php\/wp-json\/wp\/v2\/users\/1"}],"replies":[{"embeddable":true,"href":"http:\/\/moodle.reikibr.org\/projetoluz\/index.php\/wp-json\/wp\/v2\/comments?post=8"}],"version-history":[{"count":15,"href":"http:\/\/moodle.reikibr.org\/projetoluz\/index.php\/wp-json\/wp\/v2\/pages\/8\/revisions"}],"predecessor-version":[{"id":594,"href":"http:\/\/moodle.reikibr.org\/projetoluz\/index.php\/wp-json\/wp\/v2\/pages\/8\/revisions\/594"}],"wp:attachment":[{"href":"http:\/\/moodle.reikibr.org\/projetoluz\/index.php\/wp-json\/wp\/v2\/media?parent=8"}],"curies":[{"name":"wp","href":"https:\/\/api.w.org\/{rel}","templated":true}]}}