{"id":612,"date":"2025-04-20T22:04:56","date_gmt":"2025-04-21T01:04:56","guid":{"rendered":"https:\/\/moodle.reikibr.org\/projetoluz\/?page_id=612"},"modified":"2025-05-16T21:51:34","modified_gmt":"2025-05-17T00:51:34","slug":"iniciacao-para-criancas","status":"publish","type":"page","link":"http:\/\/moodle.reikibr.org\/projetoluz\/index.php\/iniciacao-para-criancas\/","title":{"rendered":"Inicia\u00e7\u00e3o para crian\u00e7as"},"content":{"rendered":"<div class=\"wp-block-image\">\n<figure class=\"aligncenter size-large is-resized\"><img loading=\"lazy\" decoding=\"async\" width=\"682\" height=\"1024\" src=\"https:\/\/moodle.reikibr.org\/projetoluz\/wp-content\/uploads\/2025\/04\/photo_2025-04-26_14-39-05-682x1024.jpg\" alt=\"\" class=\"wp-image-630\" style=\"width:302px;height:auto\" srcset=\"http:\/\/moodle.reikibr.org\/projetoluz\/wp-content\/uploads\/2025\/04\/photo_2025-04-26_14-39-05-682x1024.jpg 682w, http:\/\/moodle.reikibr.org\/projetoluz\/wp-content\/uploads\/2025\/04\/photo_2025-04-26_14-39-05-200x300.jpg 200w, http:\/\/moodle.reikibr.org\/projetoluz\/wp-content\/uploads\/2025\/04\/photo_2025-04-26_14-39-05-768x1152.jpg 768w, http:\/\/moodle.reikibr.org\/projetoluz\/wp-content\/uploads\/2025\/04\/photo_2025-04-26_14-39-05.jpg 853w\" sizes=\"auto, (max-width: 682px) 100vw, 682px\" \/><\/figure><\/div>\n\n\n<h2 class=\"wp-block-heading\">Regras para participa\u00e7\u00e3o:<\/h2>\n\n\n\n<ol class=\"wp-block-list\">\n<li><strong>Faixa Et\u00e1ria Permitida<\/strong><br>O projeto \u00e9 destinado exclusivamente para crian\u00e7as com idade entre 7 e 12 anos.<\/li>\n\n\n\n<li><strong>Acompanhamento obrigat\u00f3rio<\/strong><br>Todas as crian\u00e7as devem estar acompanhadas por um dos pais ou respons\u00e1veis legais durante a inicia\u00e7\u00e3o e estudo do material.<\/li>\n\n\n\n<li><strong>Comprometimento com as Orienta\u00e7\u00f5es<\/strong><br>\u00c9 fundamental que pais e respons\u00e1veis leiam atentamente todas as orienta\u00e7\u00f5es pr\u00e9vias enviadas pelos organizadores do evento.<br>O cumprimento dessas orienta\u00e7\u00f5es \u00e9 essencial para a harmonia, seguran\u00e7a e efic\u00e1cia do projeto.<\/li>\n\n\n\n<li><strong>Datas de inscri\u00e7\u00e3o<\/strong><br>As inscri\u00e7\u00f5es ocorrem de 16\/03 a 31\/03 e 16\/09 a 30\/09.<\/li>\n\n\n\n<li><strong>Formul\u00e1rio de Inscri\u00e7\u00e3o<\/strong><br>Para participar do evento, \u00e9 obrigat\u00f3rio o preenchimento de uma ficha de inscri\u00e7\u00e3o, incluindo autoriza\u00e7\u00e3o para participa\u00e7\u00e3o da crian\u00e7a nas pr\u00e1ticas de Reiki.<\/li>\n\n\n\n<li><strong>Datas da inicia\u00e7\u00e3o<\/strong><br>As inicia\u00e7\u00f5es ocorrem nos dias 15 de abril e 15 de outubro.<\/li>\n\n\n\n<li><strong>Para dirimir d\u00favidas<\/strong><br>Poste no f\u00f3rum no <a href=\"https:\/\/chat.whatsapp.com\/LdNoLrPujxu3EdE77iHPBW\" target=\"_blank\" rel=\"noreferrer noopener\">WhatsApp<\/a> ou no <a href=\"https:\/\/t.me\/+o_aihvnPs9Q3ZmQx\" target=\"_blank\" rel=\"noreferrer noopener\">Telegram<\/a> acima ou mande e-mail para <a href=\"mailto:reikibr.org@gmail.com\" target=\"_blank\" rel=\"noreferrer noopener\">reikibr.org@gmail.com<\/a><\/li>\n<\/ol>\n\n\n\n<p>Para inicia\u00e7\u00e3o para adultos, <a href=\"https:\/\/moodle.reikibr.org\/projetoluz\/index.php\/projeto-luz\/\" data-type=\"link\" data-id=\"https:\/\/moodle.reikibr.org\/projetoluz\/index.php\/projeto-luz\/\" target=\"_blank\" rel=\"noreferrer noopener\">clique aqui. <\/a><\/p>\n\n\n\n<div class=\"wp-block-buttons is-content-justification-center is-layout-flex wp-container-core-buttons-is-layout-16018d1d wp-block-buttons-is-layout-flex\">\n<div class=\"wp-block-button\"><a class=\"wp-block-button__link has-text-align-center wp-element-button\" href=\"https:\/\/docs.google.com\/forms\/d\/e\/1FAIpQLSe1iPEftnd9RTQgfZeL2un4FwrkaHPH2khf0LbdppUn4wMfyg\/viewform\" target=\"_blank\" rel=\"noreferrer noopener\">formul\u00e1rio para participa\u00e7\u00e3o<\/a><\/div>\n\n\n\n<div class=\"wp-block-button\"><a class=\"wp-block-button__link wp-element-button\" href=\"https:\/\/moodle.reikibr.org\/projetoluz\/index.php\/reiki-para-criancas\/\" target=\"_blank\" rel=\"noreferrer noopener\">apostila no celular <\/a><\/div>\n\n\n\n<div class=\"wp-block-button\"><a class=\"wp-block-button__link wp-element-button\" href=\"http:\/\/moodle.reikibr.org\/projetoluz\/wp-content\/uploads\/2025\/04\/Reiki-Para-Criancas-abril-de-2025-versao-2.pdf\" target=\"_blank\" rel=\"noreferrer noopener\">apostila em PDF<\/a><\/div>\n<\/div>\n\n\n\n<p><\/p>\n","protected":false},"excerpt":{"rendered":"<p>Regras para participa\u00e7\u00e3o: Para inicia\u00e7\u00e3o para adultos, clique aqui.<\/p>\n","protected":false},"author":3,"featured_media":0,"parent":0,"menu_order":0,"comment_status":"closed","ping_status":"closed","template":"","meta":{"jetpack_post_was_ever_published":false,"footnotes":""},"class_list":["post-612","page","type-page","status-publish","hentry"],"jetpack_sharing_enabled":true,"jetpack_shortlink":"https:\/\/wp.me\/PaUIHY-9S","_links":{"self":[{"href":"http:\/\/moodle.reikibr.org\/projetoluz\/index.php\/wp-json\/wp\/v2\/pages\/612","targetHints":{"allow":["GET"]}}],"collection":[{"href":"http:\/\/moodle.reikibr.org\/projetoluz\/index.php\/wp-json\/wp\/v2\/pages"}],"about":[{"href":"http:\/\/moodle.reikibr.org\/projetoluz\/index.php\/wp-json\/wp\/v2\/types\/page"}],"author":[{"embeddable":true,"href":"http:\/\/moodle.reikibr.org\/projetoluz\/index.php\/wp-json\/wp\/v2\/users\/3"}],"replies":[{"embeddable":true,"href":"http:\/\/moodle.reikibr.org\/projetoluz\/index.php\/wp-json\/wp\/v2\/comments?post=612"}],"version-history":[{"count":17,"href":"http:\/\/moodle.reikibr.org\/projetoluz\/index.php\/wp-json\/wp\/v2\/pages\/612\/revisions"}],"predecessor-version":[{"id":643,"href":"http:\/\/moodle.reikibr.org\/projetoluz\/index.php\/wp-json\/wp\/v2\/pages\/612\/revisions\/643"}],"wp:attachment":[{"href":"http:\/\/moodle.reikibr.org\/projetoluz\/index.php\/wp-json\/wp\/v2\/media?parent=612"}],"curies":[{"name":"wp","href":"https:\/\/api.w.org\/{rel}","templated":true}]}}