{"id":585,"date":"2024-07-17T13:30:00","date_gmt":"2024-07-17T16:30:00","guid":{"rendered":"https:\/\/moodle.reikibr.org\/projetoluz\/?page_id=585"},"modified":"2024-07-17T14:47:17","modified_gmt":"2024-07-17T17:47:17","slug":"irradiacao-1111","status":"publish","type":"page","link":"http:\/\/moodle.reikibr.org\/projetoluz\/index.php\/irradiacao-1111\/","title":{"rendered":"Irradia\u00e7\u00e3o 11:11"},"content":{"rendered":"\n<h2 class=\"wp-block-heading\">Irradia\u00e7\u00e3o Coletiva 11:11<\/h2>\n\n\n\n<figure class=\"wp-block-image size-large\"><img loading=\"lazy\" decoding=\"async\" width=\"1024\" height=\"1024\" src=\"https:\/\/moodle.reikibr.org\/projetoluz\/wp-content\/uploads\/2024\/07\/35833a8d-a8df-460f-bb21-d46b63b311dc2631712839791573213.jpeg\" alt=\"\" class=\"wp-image-584\" srcset=\"http:\/\/moodle.reikibr.org\/projetoluz\/wp-content\/uploads\/2024\/07\/35833a8d-a8df-460f-bb21-d46b63b311dc2631712839791573213.jpeg 1024w, http:\/\/moodle.reikibr.org\/projetoluz\/wp-content\/uploads\/2024\/07\/35833a8d-a8df-460f-bb21-d46b63b311dc2631712839791573213-300x300.jpeg 300w, http:\/\/moodle.reikibr.org\/projetoluz\/wp-content\/uploads\/2024\/07\/35833a8d-a8df-460f-bb21-d46b63b311dc2631712839791573213-150x150.jpeg 150w, http:\/\/moodle.reikibr.org\/projetoluz\/wp-content\/uploads\/2024\/07\/35833a8d-a8df-460f-bb21-d46b63b311dc2631712839791573213-768x768.jpeg 768w\" sizes=\"auto, (max-width: 1024px) 100vw, 1024px\" \/><\/figure>\n\n\n\n<p>Imagine-se no Templo Azul, local onde irradiamos Reiki uns para os outros. Apenas relaxe. Caso n\u00e3o seja reikiano, apenas fique em estado receptivo.<\/p>\n\n\n\n<p>Essas trocas ocorrer\u00e3o aos domingos, \u00e0s 23h11min.<\/p>\n\n\n\n<p>\u00c1udio para o momento da irradia\u00e7\u00e3o:<\/p>\n\n\n\n<p><\/p>\n\n\n\n<p>Os mestres do Projeto Luz.<\/p>\n\n\n\n<figure class=\"wp-block-audio\"><audio controls src=\"https:\/\/moodle.reikibr.org\/projetoluz\/wp-content\/uploads\/2019\/04\/audioTAconducaoNOV2018.mp3?fbclid=IwAR1pp90o4wfdyDH98cRArBG10bDpY_c9E9I9yK89tifch4fNVcOXGM6vev8\"><\/audio><\/figure>\n\n\n\n<figure class=\"wp-block-gallery has-nested-images columns-default is-cropped wp-block-gallery-1 is-layout-flex wp-block-gallery-is-layout-flex\"><\/figure>\n","protected":false},"excerpt":{"rendered":"<p>Irradia\u00e7\u00e3o Coletiva 11:11 Imagine-se no Templo Azul, local onde irradiamos Reiki uns para os outros. Apenas relaxe. Caso n\u00e3o seja reikiano, apenas fique em estado receptivo. Essas trocas ocorrer\u00e3o aos domingos, \u00e0s 23h11min. \u00c1udio para o momento da irradia\u00e7\u00e3o: Os mestres do Projeto Luz.<\/p>\n","protected":false},"author":1,"featured_media":0,"parent":0,"menu_order":0,"comment_status":"closed","ping_status":"closed","template":"","meta":{"jetpack_post_was_ever_published":false,"footnotes":""},"class_list":["post-585","page","type-page","status-publish","hentry"],"jetpack_sharing_enabled":true,"jetpack_shortlink":"https:\/\/wp.me\/PaUIHY-9r","_links":{"self":[{"href":"http:\/\/moodle.reikibr.org\/projetoluz\/index.php\/wp-json\/wp\/v2\/pages\/585","targetHints":{"allow":["GET"]}}],"collection":[{"href":"http:\/\/moodle.reikibr.org\/projetoluz\/index.php\/wp-json\/wp\/v2\/pages"}],"about":[{"href":"http:\/\/moodle.reikibr.org\/projetoluz\/index.php\/wp-json\/wp\/v2\/types\/page"}],"author":[{"embeddable":true,"href":"http:\/\/moodle.reikibr.org\/projetoluz\/index.php\/wp-json\/wp\/v2\/users\/1"}],"replies":[{"embeddable":true,"href":"http:\/\/moodle.reikibr.org\/projetoluz\/index.php\/wp-json\/wp\/v2\/comments?post=585"}],"version-history":[{"count":4,"href":"http:\/\/moodle.reikibr.org\/projetoluz\/index.php\/wp-json\/wp\/v2\/pages\/585\/revisions"}],"predecessor-version":[{"id":591,"href":"http:\/\/moodle.reikibr.org\/projetoluz\/index.php\/wp-json\/wp\/v2\/pages\/585\/revisions\/591"}],"wp:attachment":[{"href":"http:\/\/moodle.reikibr.org\/projetoluz\/index.php\/wp-json\/wp\/v2\/media?parent=585"}],"curies":[{"name":"wp","href":"https:\/\/api.w.org\/{rel}","templated":true}]}}