{"id":50,"date":"2019-04-20T00:55:21","date_gmt":"2019-04-20T03:55:21","guid":{"rendered":"http:\/\/moodle.reikibr.org\/projetoluz\/?page_id=50"},"modified":"2019-04-20T18:53:16","modified_gmt":"2019-04-20T21:53:16","slug":"o-modulo-de-cursos","status":"publish","type":"page","link":"http:\/\/moodle.reikibr.org\/projetoluz\/index.php\/projeto-luz\/o-modulo-de-cursos\/","title":{"rendered":"O m\u00f3dulo de cursos"},"content":{"rendered":"\n<p style=\"text-align:center\"><strong>Acessando o m\u00f3dulo de cursos (moodle)<\/strong><\/p>\n\n\n\n<p>&nbsp;Aten\u00e7\u00e3o: n\u00e3o crie mais de um perfil. Isso poder\u00e1 \nensejar o cancelamento da sua participa\u00e7\u00e3o nas turmas. Caso perca a \nsenha, utilize a p\u00e1gina de recupera\u00e7\u00e3o, clicando <a href=\"https:\/\/moodle.reikibr.org\/moodle\/login\/forgot_password.php\" target=\"_blank\" rel=\"noreferrer noopener\">aqui<\/a> e digitando apenas um dos campos requeridos.<\/p>\n\n\n\n<p>Navegadores recomendados: Firefox ou Chrome.<br><\/p>\n\n\n\n<p><a href=\"https:\/\/moodle.reikibr.org\/moodle\/login\/\" target=\"_blank\" rel=\"noreferrer noopener\" aria-label=\"Abra a p\u00e1gina do novo moodle: (abre numa nova aba)\">Abra a p\u00e1gina do novo moodle:<\/a> <\/p>\n\n\n\n<p>Clique em \u201ccadastramento de usu\u00e1rios\u201d e complete os seus dados. Preencha corretamente,&nbsp;<strong>por favor<\/strong>, escreva seu nome no formato &#8220;<strong>Nome Sobrenome<\/strong>&#8220;, com mai\u00fasculas e min\u00fasculas na forma correta pois da forma que voc\u00ea cadastrar, sair\u00e1 em todos os certificados, sem a possibilidade de altera\u00e7\u00e3o. Caso tenha muitos sobrenomes, abrevie, evitando que saiam cortados, no certificado. &nbsp; <br><\/p>\n\n\n\n<p>Anote nome de usu\u00e1rio, e-mail e senha cadastrados em \nlocal seguro, pois eles ser\u00e3o necess\u00e1rios em todos os cursos que voc\u00ea \nfizer.<\/p>\n\n\n\n<p>Ser\u00e1 necess\u00e1rio  abrir o e-mail cadastrado e confirmar a inscri\u00e7\u00e3o. Caso n\u00e3o esteja na  sua caixa principal depois de alguns minutos, verifique na sua caixa de  spam.<br>O curso de n\u00edvel I s\u00f3 estar\u00e1 dispon\u00edvel no per\u00edodo determinado pelo <a href=\"http:\/\/moodle.reikibr.org\/projetoluz\/index.php\/projeto-luz\/calendario-de-cursos\/\">calend\u00e1rio.<\/a><\/p>\n\n\n\n<p>Ap\u00f3s fazer o cadastro, \u00e9 poss\u00edvel baixar o aplicativo para dispositivos m\u00f3veis <a rel=\"noreferrer noopener\" href=\"https:\/\/download.moodle.org\/mobile?version=2018120302&amp;lang=pt_br&amp;iosappid=633359593&amp;androidappid=com.moodle.moodlemobile\" target=\"_blank\">nesse endere\u00e7o<\/a> ou na loja de aplicativos do seu celular. Depois de instalado, cole o seguinte endere\u00e7o no campo &#8220;site&#8221;: https:\/\/moodle.reikibr.org\/moodle<\/p>\n\n\n\n<p>Os dados para login s\u00e3o os mesmos utilizados no site. <\/p>\n\n\n\n<figure class=\"wp-block-image\"><img loading=\"lazy\" decoding=\"async\" width=\"887\" height=\"456\" src=\"http:\/\/moodle.reikibr.org\/projetoluz\/wp-content\/uploads\/2019\/04\/moodle.png\" alt=\"\" class=\"wp-image-68\" srcset=\"http:\/\/moodle.reikibr.org\/projetoluz\/wp-content\/uploads\/2019\/04\/moodle.png 887w, http:\/\/moodle.reikibr.org\/projetoluz\/wp-content\/uploads\/2019\/04\/moodle-300x154.png 300w, http:\/\/moodle.reikibr.org\/projetoluz\/wp-content\/uploads\/2019\/04\/moodle-768x395.png 768w\" sizes=\"auto, (max-width: 887px) 100vw, 887px\" \/><\/figure>\n\n\n\n<figure class=\"wp-block-embed-youtube wp-block-embed is-type-video is-provider-youtube wp-embed-aspect-16-9 wp-has-aspect-ratio wp-embed-aspect-4-3\"><div class=\"wp-block-embed__wrapper\">\n<div class=\"jetpack-video-wrapper\"><span class=\"embed-youtube\" style=\"text-align:center; display: block;\"><iframe loading=\"lazy\" class=\"youtube-player\" width=\"820\" height=\"462\" src=\"https:\/\/www.youtube.com\/embed\/gPxBnsGvPGU?version=3&#038;rel=1&#038;showsearch=0&#038;showinfo=1&#038;iv_load_policy=1&#038;fs=1&#038;hl=pt-BR&#038;autohide=2&#038;wmode=transparent\" allowfullscreen=\"true\" style=\"border:0;\" sandbox=\"allow-scripts allow-same-origin allow-popups allow-presentation allow-popups-to-escape-sandbox\"><\/iframe><\/span><\/div>\n<\/div><\/figure>\n","protected":false},"excerpt":{"rendered":"<p>Acessando o m\u00f3dulo de cursos (moodle) &nbsp;Aten\u00e7\u00e3o: n\u00e3o crie mais de um perfil. Isso poder\u00e1 ensejar o cancelamento da sua participa\u00e7\u00e3o nas turmas. Caso perca a senha, utilize a p\u00e1gina de recupera\u00e7\u00e3o, clicando aqui e digitando apenas um dos campos requeridos. Navegadores recomendados: Firefox ou Chrome. Abra a p\u00e1gina do novo moodle: Clique em \u201ccadastramento [&hellip;]<\/p>\n","protected":false},"author":1,"featured_media":0,"parent":17,"menu_order":0,"comment_status":"closed","ping_status":"closed","template":"","meta":{"jetpack_post_was_ever_published":false,"footnotes":""},"class_list":["post-50","page","type-page","status-publish","hentry"],"jetpack_sharing_enabled":true,"jetpack_shortlink":"https:\/\/wp.me\/PaUIHY-O","_links":{"self":[{"href":"http:\/\/moodle.reikibr.org\/projetoluz\/index.php\/wp-json\/wp\/v2\/pages\/50","targetHints":{"allow":["GET"]}}],"collection":[{"href":"http:\/\/moodle.reikibr.org\/projetoluz\/index.php\/wp-json\/wp\/v2\/pages"}],"about":[{"href":"http:\/\/moodle.reikibr.org\/projetoluz\/index.php\/wp-json\/wp\/v2\/types\/page"}],"author":[{"embeddable":true,"href":"http:\/\/moodle.reikibr.org\/projetoluz\/index.php\/wp-json\/wp\/v2\/users\/1"}],"replies":[{"embeddable":true,"href":"http:\/\/moodle.reikibr.org\/projetoluz\/index.php\/wp-json\/wp\/v2\/comments?post=50"}],"version-history":[{"count":4,"href":"http:\/\/moodle.reikibr.org\/projetoluz\/index.php\/wp-json\/wp\/v2\/pages\/50\/revisions"}],"predecessor-version":[{"id":70,"href":"http:\/\/moodle.reikibr.org\/projetoluz\/index.php\/wp-json\/wp\/v2\/pages\/50\/revisions\/70"}],"up":[{"embeddable":true,"href":"http:\/\/moodle.reikibr.org\/projetoluz\/index.php\/wp-json\/wp\/v2\/pages\/17"}],"wp:attachment":[{"href":"http:\/\/moodle.reikibr.org\/projetoluz\/index.php\/wp-json\/wp\/v2\/media?parent=50"}],"curies":[{"name":"wp","href":"https:\/\/api.w.org\/{rel}","templated":true}]}}