{"id":45,"date":"2019-04-20T00:48:47","date_gmt":"2019-04-20T03:48:47","guid":{"rendered":"http:\/\/moodle.reikibr.org\/projetoluz\/?page_id=45"},"modified":"2019-04-20T00:49:03","modified_gmt":"2019-04-20T03:49:03","slug":"os-cinco-principios","status":"publish","type":"page","link":"http:\/\/moodle.reikibr.org\/projetoluz\/index.php\/projeto-luz\/os-cinco-principios\/","title":{"rendered":"Os cinco princ\u00edpios"},"content":{"rendered":"\n<p style=\"text-align:center\"><strong>Os cinco\nprinc\u00edpios da t\u00e9cnica Reiki:<\/strong><\/p>\n\n\n\n<p>S\u00f3 por hoje sou tolerante.<\/p>\n\n\n\n<p>S\u00f3 por hoje confio.<\/p>\n\n\n\n<p>S\u00f3 por hoje sou grato(a).<\/p>\n\n\n\n<p>S\u00f3 por hoje trabalho\narduamente (na cura da alma).<\/p>\n\n\n\n<p>S\u00f3 por hoje sou bondoso(a) com todos os seres.<\/p>\n","protected":false},"excerpt":{"rendered":"<p>Os cinco princ\u00edpios da t\u00e9cnica Reiki: S\u00f3 por hoje sou tolerante. S\u00f3 por hoje confio. S\u00f3 por hoje sou grato(a). S\u00f3 por hoje trabalho arduamente (na cura da alma). S\u00f3 por hoje sou bondoso(a) com todos os seres.<\/p>\n","protected":false},"author":1,"featured_media":0,"parent":17,"menu_order":0,"comment_status":"closed","ping_status":"closed","template":"","meta":{"jetpack_post_was_ever_published":false,"footnotes":""},"class_list":["post-45","page","type-page","status-publish","hentry"],"jetpack_sharing_enabled":true,"jetpack_shortlink":"https:\/\/wp.me\/PaUIHY-J","_links":{"self":[{"href":"http:\/\/moodle.reikibr.org\/projetoluz\/index.php\/wp-json\/wp\/v2\/pages\/45","targetHints":{"allow":["GET"]}}],"collection":[{"href":"http:\/\/moodle.reikibr.org\/projetoluz\/index.php\/wp-json\/wp\/v2\/pages"}],"about":[{"href":"http:\/\/moodle.reikibr.org\/projetoluz\/index.php\/wp-json\/wp\/v2\/types\/page"}],"author":[{"embeddable":true,"href":"http:\/\/moodle.reikibr.org\/projetoluz\/index.php\/wp-json\/wp\/v2\/users\/1"}],"replies":[{"embeddable":true,"href":"http:\/\/moodle.reikibr.org\/projetoluz\/index.php\/wp-json\/wp\/v2\/comments?post=45"}],"version-history":[{"count":1,"href":"http:\/\/moodle.reikibr.org\/projetoluz\/index.php\/wp-json\/wp\/v2\/pages\/45\/revisions"}],"predecessor-version":[{"id":46,"href":"http:\/\/moodle.reikibr.org\/projetoluz\/index.php\/wp-json\/wp\/v2\/pages\/45\/revisions\/46"}],"up":[{"embeddable":true,"href":"http:\/\/moodle.reikibr.org\/projetoluz\/index.php\/wp-json\/wp\/v2\/pages\/17"}],"wp:attachment":[{"href":"http:\/\/moodle.reikibr.org\/projetoluz\/index.php\/wp-json\/wp\/v2\/media?parent=45"}],"curies":[{"name":"wp","href":"https:\/\/api.w.org\/{rel}","templated":true}]}}