{"id":389,"date":"2019-04-28T11:06:10","date_gmt":"2019-04-28T14:06:10","guid":{"rendered":"http:\/\/moodle.reikibr.org\/projetoluz\/?page_id=389"},"modified":"2019-04-28T11:06:11","modified_gmt":"2019-04-28T14:06:11","slug":"blog-do-projeto-luz","status":"publish","type":"page","link":"http:\/\/moodle.reikibr.org\/projetoluz\/index.php\/projeto-luz\/blog-do-projeto-luz\/","title":{"rendered":"Blog do Projeto Luz"},"content":{"rendered":"\n<p> Blog para publica\u00e7\u00e3o da lista de aprovados e not\u00edcias:<br><br><a rel=\"noreferrer noopener\" href=\"https:\/\/reikibr.home.blog\/?fbclid=IwAR0gEWOhL8PvLgBh0ZTCzakadEMu_5xapp_dzvt66dKLMzG0b5_UsPaYnlE\" target=\"_blank\">https:\/\/reikibr.home.blog\/<\/a><br><br> Quem quiser ser notificado sobre novas publica\u00e7\u00f5es, basta clicar no  canto direito inferior e digitar o seu e-mail, confirmando atrav\u00e9s da  sua caixa de entrada. <\/p>\n\n\n\n<figure class=\"wp-block-image\"><img loading=\"lazy\" decoding=\"async\" width=\"1024\" height=\"437\" src=\"http:\/\/moodle.reikibr.org\/projetoluz\/wp-content\/uploads\/2019\/04\/blog-1024x437.jpg\" alt=\"\" class=\"wp-image-391\" srcset=\"http:\/\/moodle.reikibr.org\/projetoluz\/wp-content\/uploads\/2019\/04\/blog-1024x437.jpg 1024w, http:\/\/moodle.reikibr.org\/projetoluz\/wp-content\/uploads\/2019\/04\/blog-300x128.jpg 300w, http:\/\/moodle.reikibr.org\/projetoluz\/wp-content\/uploads\/2019\/04\/blog-768x328.jpg 768w, http:\/\/moodle.reikibr.org\/projetoluz\/wp-content\/uploads\/2019\/04\/blog-1500x640.jpg 1500w, http:\/\/moodle.reikibr.org\/projetoluz\/wp-content\/uploads\/2019\/04\/blog.jpg 1860w\" sizes=\"auto, (max-width: 1024px) 100vw, 1024px\" \/><\/figure>\n","protected":false},"excerpt":{"rendered":"<p>Blog para publica\u00e7\u00e3o da lista de aprovados e not\u00edcias: https:\/\/reikibr.home.blog\/ Quem quiser ser notificado sobre novas publica\u00e7\u00f5es, basta clicar no canto direito inferior e digitar o seu e-mail, confirmando atrav\u00e9s da sua caixa de entrada.<\/p>\n","protected":false},"author":1,"featured_media":0,"parent":17,"menu_order":0,"comment_status":"closed","ping_status":"closed","template":"","meta":{"jetpack_post_was_ever_published":false,"footnotes":""},"class_list":["post-389","page","type-page","status-publish","hentry"],"jetpack_sharing_enabled":true,"jetpack_shortlink":"https:\/\/wp.me\/PaUIHY-6h","_links":{"self":[{"href":"http:\/\/moodle.reikibr.org\/projetoluz\/index.php\/wp-json\/wp\/v2\/pages\/389","targetHints":{"allow":["GET"]}}],"collection":[{"href":"http:\/\/moodle.reikibr.org\/projetoluz\/index.php\/wp-json\/wp\/v2\/pages"}],"about":[{"href":"http:\/\/moodle.reikibr.org\/projetoluz\/index.php\/wp-json\/wp\/v2\/types\/page"}],"author":[{"embeddable":true,"href":"http:\/\/moodle.reikibr.org\/projetoluz\/index.php\/wp-json\/wp\/v2\/users\/1"}],"replies":[{"embeddable":true,"href":"http:\/\/moodle.reikibr.org\/projetoluz\/index.php\/wp-json\/wp\/v2\/comments?post=389"}],"version-history":[{"count":1,"href":"http:\/\/moodle.reikibr.org\/projetoluz\/index.php\/wp-json\/wp\/v2\/pages\/389\/revisions"}],"predecessor-version":[{"id":392,"href":"http:\/\/moodle.reikibr.org\/projetoluz\/index.php\/wp-json\/wp\/v2\/pages\/389\/revisions\/392"}],"up":[{"embeddable":true,"href":"http:\/\/moodle.reikibr.org\/projetoluz\/index.php\/wp-json\/wp\/v2\/pages\/17"}],"wp:attachment":[{"href":"http:\/\/moodle.reikibr.org\/projetoluz\/index.php\/wp-json\/wp\/v2\/media?parent=389"}],"curies":[{"name":"wp","href":"https:\/\/api.w.org\/{rel}","templated":true}]}}