{"id":383,"date":"2019-04-28T10:53:42","date_gmt":"2019-04-28T13:53:42","guid":{"rendered":"http:\/\/moodle.reikibr.org\/projetoluz\/?page_id=383"},"modified":"2019-04-28T10:53:42","modified_gmt":"2019-04-28T13:53:42","slug":"por-que-refazer-as-iniciacoes","status":"publish","type":"page","link":"http:\/\/moodle.reikibr.org\/projetoluz\/index.php\/por-que-refazer-as-iniciacoes\/","title":{"rendered":"Por que refazer as inicia\u00e7\u00f5es"},"content":{"rendered":"<p align=\"center\"><b>Motivos pelos quais as inicia\u00e7\u00f5es devem ser refeitas pelo Projeto Luz<\/b><\/p>\n<p><span style=\"font-size: medium;\">1 &#8211; n\u00e3o precisarmos aferir as inicia\u00e7\u00f5es anteriores, o que demandaria envio de documentos via correio ou digitalizada;<\/span><\/p>\n<p><span style=\"font-size: medium;\">\u00a02 &#8211; a egr\u00e9gora do nosso grupo (grupo-iniciado\/iniciado-grupo), \u00e9 fortalecida a cada inicia\u00e7\u00e3o realizada;<\/span><\/p>\n<p><span style=\"font-size: medium;\">\u00a03 &#8211; tempo m\u00ednimo entre uma inicia\u00e7\u00e3o e outra, de forma gradual, para assimila\u00e7\u00e3o f\u00edsico-espiritual;<\/span><\/p>\n<p><span style=\"font-size: medium;\">\u00a04 &#8211; organiza\u00e7\u00e3o, sem o qual \u00e9 imposs\u00edvel realizar um trabalho de qualidade;<\/span><\/p>\n<p><span style=\"font-size: medium;\">\u00a05 &#8211; o p\u00e9ssimo estado energ\u00e9tico que alguns candidatos apresentaram (n\u00e3o estamos aqui para julgar, mas sim preservar a integridade do conjunto dos iniciados). Nesse caso a repeti\u00e7\u00e3o das inicia\u00e7\u00f5es favorece uma melhora nesse estado, porque h\u00e1 um tratamento que a precede;<br \/>\n<\/span><\/p>\n<p><span style=\"font-size: medium;\">N\u00e3o nos julgamos melhores, enquanto iniciadores, mas h\u00e1 diretrizes para a realiza\u00e7\u00e3o do nosso trabalho. Respeitamos todos as escolas e mestres, e tamb\u00e9m requeremos esse mesmo tratamento.<br \/>\n<\/span><\/p>\n","protected":false},"excerpt":{"rendered":"<p>Motivos pelos quais as inicia\u00e7\u00f5es devem ser refeitas pelo Projeto Luz 1 &#8211; n\u00e3o precisarmos aferir as inicia\u00e7\u00f5es anteriores, o que demandaria envio de documentos via correio ou digitalizada; \u00a02 &#8211; a egr\u00e9gora do nosso grupo (grupo-iniciado\/iniciado-grupo), \u00e9 fortalecida a cada inicia\u00e7\u00e3o realizada; \u00a03 &#8211; tempo m\u00ednimo entre uma inicia\u00e7\u00e3o e outra, de forma gradual, [&hellip;]<\/p>\n","protected":false},"author":1,"featured_media":0,"parent":0,"menu_order":0,"comment_status":"closed","ping_status":"closed","template":"","meta":{"jetpack_post_was_ever_published":false,"footnotes":""},"class_list":["post-383","page","type-page","status-publish","hentry"],"jetpack_sharing_enabled":true,"jetpack_shortlink":"https:\/\/wp.me\/PaUIHY-6b","_links":{"self":[{"href":"http:\/\/moodle.reikibr.org\/projetoluz\/index.php\/wp-json\/wp\/v2\/pages\/383","targetHints":{"allow":["GET"]}}],"collection":[{"href":"http:\/\/moodle.reikibr.org\/projetoluz\/index.php\/wp-json\/wp\/v2\/pages"}],"about":[{"href":"http:\/\/moodle.reikibr.org\/projetoluz\/index.php\/wp-json\/wp\/v2\/types\/page"}],"author":[{"embeddable":true,"href":"http:\/\/moodle.reikibr.org\/projetoluz\/index.php\/wp-json\/wp\/v2\/users\/1"}],"replies":[{"embeddable":true,"href":"http:\/\/moodle.reikibr.org\/projetoluz\/index.php\/wp-json\/wp\/v2\/comments?post=383"}],"version-history":[{"count":1,"href":"http:\/\/moodle.reikibr.org\/projetoluz\/index.php\/wp-json\/wp\/v2\/pages\/383\/revisions"}],"predecessor-version":[{"id":385,"href":"http:\/\/moodle.reikibr.org\/projetoluz\/index.php\/wp-json\/wp\/v2\/pages\/383\/revisions\/385"}],"wp:attachment":[{"href":"http:\/\/moodle.reikibr.org\/projetoluz\/index.php\/wp-json\/wp\/v2\/media?parent=383"}],"curies":[{"name":"wp","href":"https:\/\/api.w.org\/{rel}","templated":true}]}}