{"id":356,"date":"2019-04-28T00:19:38","date_gmt":"2019-04-28T03:19:38","guid":{"rendered":"http:\/\/moodle.reikibr.org\/projetoluz\/?page_id=356"},"modified":"2019-06-02T17:44:29","modified_gmt":"2019-06-02T20:44:29","slug":"sintonizacao-de-cura","status":"publish","type":"page","link":"http:\/\/moodle.reikibr.org\/projetoluz\/index.php\/sintonizacao-de-cura\/","title":{"rendered":"Sintoniza\u00e7\u00e3o de Cura"},"content":{"rendered":"\n<p>Para casos de doen\u00e7as e situa\u00e7\u00f5es graves,  disponibilizamos a inicia\u00e7\u00e3o de cura, que dever\u00e1 ser recebida pelo  pr\u00f3prio interessado, \u00e0s 23h do dia 15, em qualquer m\u00eas, conforme os  procedimentos descritos abaixo. N\u00e3o \u00e9 necess\u00e1rio enviar dados ou se cadastrar.<\/p>\n\n\n\n<p>Esse\n \u00e9 um tratamento especial, voltado a auxiliar o receptor no seu processo\n de cura. Ela n\u00e3o habilita o iniciado a canalizar a energia (ser um \nreikiano).&nbsp;<\/p>\n\n\n\n<p>N\u00e3o  prometemos a cura de qualquer doen\u00e7a ou enfermidade, mas essa inicia\u00e7\u00e3o  poder\u00e1 ser um catalisador dos processos internos, necess\u00e1rios \u00e0 mudan\u00e7a e \u00e0 supera\u00e7\u00e3o, de acordo com o merecimento de cada um, determinado  pelas leis c\u00f3smicas universais.<\/p>\n\n\n\n<p>Recomendamos,\n com \u00eanfase, que mantenha o tratamento m\u00e9dico que lhe foi recomendado e \nprocure atendimento m\u00e9dico convencional, se ainda n\u00e3o o fez.<\/p>\n\n\n\n<p>Desde j\u00e1, poder\u00e1 usar os \u00e1udios Ho&#8217;oponopono ou Cura, dispon\u00edveis <a rel=\"noreferrer noopener\" href=\"http:\/\/reikibr.org\/audios.php\" target=\"_blank\">nessa p\u00e1gina<\/a>.&nbsp;<\/p>\n\n\n\n<p><strong> <\/strong>Nos dias que antecedem a inicia\u00e7\u00e3o:<\/p>\n\n\n\n<ul class=\"wp-block-list\"><li>os&nbsp;<a rel=\"noreferrer noopener\" href=\"http:\/\/www.reikibr.org\/cincoprincipios.php\" target=\"_blank\">cinco princ\u00edpios<\/a>&nbsp;devem ser observados;<\/li><li>pedimos que reduzam o consumo de carne e demais alimentos de origem animal, o que recomendamos que seja&nbsp;continuado depois da inicia\u00e7\u00e3o.&nbsp;<a rel=\"noreferrer noopener\" aria-label=\"Clique aqui (opens in a new tab)\" href=\"http:\/\/moodle.reikibr.org\/projetoluz\/index.php\/alimentacao-etica\/\" target=\"_blank\">Clique aqui<\/a>&nbsp;e leia as raz\u00f5es para alimentar-se dessa forma e&nbsp;<a href=\"https:\/\/www.receiteria.com.br\/receitas-veganas\/\" target=\"_blank\" rel=\"noreferrer noopener\" aria-label=\"aqui&nbsp; (opens in a new tab)\">aqui&nbsp;<\/a>para conhecer receitas e sugest\u00f5es. <\/li><li>elimine h\u00e1bitos nocivos, como \u00e1lcool, cigarro e outros psicotr\u00f3picos.&nbsp;<\/li><\/ul>\n\n\n\n<p><strong>&nbsp; &nbsp; &nbsp; &nbsp; &nbsp; &nbsp; &nbsp; &nbsp; &nbsp; &nbsp; &nbsp; &nbsp; &nbsp; &nbsp; &nbsp; &nbsp; &nbsp; &nbsp; &nbsp; &nbsp; &nbsp; &nbsp; &nbsp; &nbsp; &nbsp; &nbsp; &nbsp; &nbsp; &nbsp; &nbsp; &nbsp; &nbsp; &nbsp; &nbsp; &nbsp; &nbsp; No dia da cerim\u00f4nia:<\/strong><\/p>\n\n\n\n<ul class=\"wp-block-list\"><li>Verifique\u00a0<a rel=\"noreferrer noopener\" href=\"http:\/\/www.horariodebrasilia.org\/\" target=\"_blank\">nessa p\u00e1gina<\/a>\u00a0o hor\u00e1rio oficial, v\u00e1lida para a inicia\u00e7\u00e3o.<\/li><li>rodem o \u00e1udio dessa p\u00e1gina, ou salve o arquivo abaixo;<\/li><li>t\u00e3o logo lhes seja poss\u00edvel, desconectem-se da sua rotina;<\/li><li>comuniquem os seus familiares que participar\u00e3o de uma cerim\u00f4nia, pedindo a colabora\u00e7\u00e3o necess\u00e1ria;<\/li><li>se acharem oportuno, preparem uma salmoura, e banhem-se do pesco\u00e7o para baixo, ap\u00f3s a sua higiene habitual;<\/li><li>sugerimos que usem incensos ou ess\u00eancias;<\/li><li>fiquem de prefer\u00eancia sob meia-luz,\u00a0como\u00a0a de velas ou\u00a0abajur;<\/li><li>no  momento agendado (23 horas, ou antes), relaxem o corpo f\u00edsico e a  mente, e rodem o \u00e1udio de condu\u00e7\u00e3o ao Templo Azul, assumindo uma postura  receptiva e confiante.\u00a0Fiquem assim por no m\u00ednimo 30 minutos (at\u00e9 23h30min), preferencialmente deitados.\u00a0Caso sintam\u00a0necessidade, mudem de posi\u00e7\u00e3o durante a cerim\u00f4nia.<\/li><\/ul>\n\n\n\n<p>A&nbsp;inicia\u00e7\u00e3o&nbsp;em&nbsp;Reiki&nbsp;\u00e9 algo muito pessoal, e cada um vivencia de forma diferente. &nbsp;As sensa\u00e7\u00f5es mais corriqueiras s\u00e3o expans\u00f5es do&nbsp;chakra&nbsp;da\n coroa, do card\u00edaco e o aquecimento ou aumento das m\u00e3os durante ou logo \nap\u00f3s o evento. Isso decorre dos reflexos em n\u00edvel f\u00edsico dos \nprocedimentos energ\u00e9ticos adotados no processo. Caso adorme\u00e7am no \ndecorrer da&nbsp;inicia\u00e7\u00e3o&nbsp;n\u00e3o significa que perderam algo, ou que a&nbsp;inicia\u00e7\u00e3o&nbsp;n\u00e3o\n foi bem sucedida. Muitas vezes, quando adormecemos, atenuamos nossos \nla\u00e7os com o corpo f\u00edsico, podendo assim visitar outros planos e receber \nl\u00e1 orienta\u00e7\u00f5es, sintoniza\u00e7\u00f5es ou outros procedimentos que nossos Mestres\n (pessoais) acham necess\u00e1rios.<br><\/p>\n\n\n\n<p>Ap\u00f3s o per\u00edodo recomendado, agrade\u00e7am ao Universo.<\/p>\n\n\n\n<div class=\"wp-block-file\"><a href=\"http:\/\/moodle.reikibr.org\/projetoluz\/wp-content\/uploads\/2019\/04\/audioTAconducaoNOV2018.mp3\">Condu\u00e7\u00e3o ao tratamento<\/a><a href=\"http:\/\/moodle.reikibr.org\/projetoluz\/wp-content\/uploads\/2019\/04\/audioTAconducaoNOV2018.mp3\" class=\"wp-block-file__button\" download>Baixar<\/a><\/div>\n\n\n\n<figure class=\"wp-block-audio\"><audio controls src=\"http:\/\/moodle.reikibr.org\/projetoluz\/wp-content\/uploads\/2019\/04\/audioTAconducaoNOV2018.mp3\"><\/audio><figcaption>Clique para rodar o \u00e1udio a partir dessa p\u00e1gina.<br><br><\/figcaption><\/figure>\n","protected":false},"excerpt":{"rendered":"<p>Para casos de doen\u00e7as e situa\u00e7\u00f5es graves, disponibilizamos a inicia\u00e7\u00e3o de cura, que dever\u00e1 ser recebida pelo pr\u00f3prio interessado, \u00e0s 23h do dia 15, em qualquer m\u00eas, conforme os procedimentos descritos abaixo. N\u00e3o \u00e9 necess\u00e1rio enviar dados ou se cadastrar. Esse \u00e9 um tratamento especial, voltado a auxiliar o receptor no seu processo de cura. [&hellip;]<\/p>\n","protected":false},"author":1,"featured_media":0,"parent":0,"menu_order":0,"comment_status":"closed","ping_status":"closed","template":"","meta":{"jetpack_post_was_ever_published":false,"footnotes":""},"class_list":["post-356","page","type-page","status-publish","hentry"],"jetpack_sharing_enabled":true,"jetpack_shortlink":"https:\/\/wp.me\/PaUIHY-5K","_links":{"self":[{"href":"http:\/\/moodle.reikibr.org\/projetoluz\/index.php\/wp-json\/wp\/v2\/pages\/356","targetHints":{"allow":["GET"]}}],"collection":[{"href":"http:\/\/moodle.reikibr.org\/projetoluz\/index.php\/wp-json\/wp\/v2\/pages"}],"about":[{"href":"http:\/\/moodle.reikibr.org\/projetoluz\/index.php\/wp-json\/wp\/v2\/types\/page"}],"author":[{"embeddable":true,"href":"http:\/\/moodle.reikibr.org\/projetoluz\/index.php\/wp-json\/wp\/v2\/users\/1"}],"replies":[{"embeddable":true,"href":"http:\/\/moodle.reikibr.org\/projetoluz\/index.php\/wp-json\/wp\/v2\/comments?post=356"}],"version-history":[{"count":3,"href":"http:\/\/moodle.reikibr.org\/projetoluz\/index.php\/wp-json\/wp\/v2\/pages\/356\/revisions"}],"predecessor-version":[{"id":444,"href":"http:\/\/moodle.reikibr.org\/projetoluz\/index.php\/wp-json\/wp\/v2\/pages\/356\/revisions\/444"}],"wp:attachment":[{"href":"http:\/\/moodle.reikibr.org\/projetoluz\/index.php\/wp-json\/wp\/v2\/media?parent=356"}],"curies":[{"name":"wp","href":"https:\/\/api.w.org\/{rel}","templated":true}]}}