{"id":351,"date":"2019-04-28T00:05:59","date_gmt":"2019-04-28T03:05:59","guid":{"rendered":"http:\/\/moodle.reikibr.org\/projetoluz\/?page_id=351"},"modified":"2019-04-28T00:27:00","modified_gmt":"2019-04-28T03:27:00","slug":"tratamentos-a-distancia","status":"publish","type":"page","link":"http:\/\/moodle.reikibr.org\/projetoluz\/index.php\/tratamentos-a-distancia\/","title":{"rendered":"Tratamentos \u00e0 dist\u00e2ncia"},"content":{"rendered":"\n<p><em>&#8220;Nenhuma\n religi\u00e3o, doutrina, terapia ou tratamento de qualquer ordem, nada nem \nningu\u00e9m pode fazer pelo ser aquilo que ele n\u00e3o quer fazer por si mesmo. &#8221;\n (Mar\u00edlia Cabral)<\/em><\/p>\n\n\n\n<p><br>Voc\u00ea pode solicitar tratamento postando uma foto no<em> <\/em><a href=\"https:\/\/www.facebook.com\/groups\/olhosdereiki\/\" target=\"_blank\" rel=\"noreferrer noopener\">Grupo Olhos de Luz,<\/a> no Facebook (leia as regras daquele grupo antes), ou:<em><br><\/em><\/p>\n\n\n\n<p>Para voc\u00ea:  reserve trinta minutos para relaxar e ser conduzido ao Templo Azul  atrav\u00e9s do \u00e1udio abaixo. Voc\u00ea poder\u00e1  faz\u00ea-lo sempre que sentir necessidade, inclusive mais de uma vez por  dia. Para baixar o \u00e1udio compat\u00edvel com celular ou player, comande &#8220;salvar como&#8221;: <\/p>\n\n\n\n<div class=\"wp-block-file\"><a href=\"http:\/\/moodle.reikibr.org\/projetoluz\/wp-content\/uploads\/2019\/04\/audioTAconducaoNOV2018.mp3\">\u00c1udio de condu\u00e7\u00e3o ao tratamento:<br><\/a><a href=\"http:\/\/moodle.reikibr.org\/projetoluz\/wp-content\/uploads\/2019\/04\/audioTAconducaoNOV2018.mp3\" class=\"wp-block-file__button\" download>Baixar<\/a><\/div>\n\n\n\n<p>Para outra pessoa ou animal:  fa\u00e7a o relaxamento sugerido no \u00e1udio que est\u00e1 tocando. Quando chegar ao  Templo Azul, mentalize a pessoa ou animal para quem est\u00e1 solicitando  tratamento. Se for reikiano, poder\u00e1 l\u00e1 participar,  mentalizando a aplica\u00e7\u00e3o de energia, sob os ausp\u00edcios da egr\u00e9gora de luz. Sugerimos que n\u00e3o envie energia \u00e0 pessoas que sabidamente n\u00e3o  desejam receber, pois al\u00e9m de n\u00e3o ser \u00e9tico, \u00e9 in\u00fatil. <\/p>\n\n\n\n<p>Se voc\u00ea \u00e9 reikiano:\n poder\u00e1 auxiliar no tratamento de todos, fazendo a eleva\u00e7\u00e3o ao Templo \nAzul, atrav\u00e9s desse \u00e1udio, e colocando-se \u00e0 disposi\u00e7\u00e3o dos Mestres de \nLuz nesse importante trabalho de cura.<\/p>\n\n\n\n<p>Para casos graves, verifique a <a href=\"http:\/\/moodle.reikibr.org\/projetoluz\/index.php\/sintonizacao-de-cura\/\" target=\"_blank\" rel=\"noreferrer noopener\" aria-label=\"sintoniza\u00e7\u00e3o de cura (opens in a new tab)\">sintoniza\u00e7\u00e3o de cura<\/a>.<\/p>\n\n\n\n<p>Atenciosamente,<\/p>\n\n\n\n<p>Equipe de terapeutas do grupo ReikiBr.<\/p>\n\n\n\n<figure class=\"wp-block-audio\"><audio controls src=\"http:\/\/moodle.reikibr.org\/projetoluz\/wp-content\/uploads\/2019\/04\/audioTAconducaoNOV2018.mp3\"><\/audio><figcaption>Clique para rodar o \u00e1udio a partir dessa p\u00e1gina.<br><br><\/figcaption><\/figure>\n\n\n\n<figure class=\"wp-block-image\"><img loading=\"lazy\" decoding=\"async\" width=\"720\" height=\"720\" src=\"http:\/\/moodle.reikibr.org\/projetoluz\/wp-content\/uploads\/2019\/04\/sintonia.jpg\" alt=\"\" class=\"wp-image-360\" srcset=\"http:\/\/moodle.reikibr.org\/projetoluz\/wp-content\/uploads\/2019\/04\/sintonia.jpg 720w, http:\/\/moodle.reikibr.org\/projetoluz\/wp-content\/uploads\/2019\/04\/sintonia-150x150.jpg 150w, http:\/\/moodle.reikibr.org\/projetoluz\/wp-content\/uploads\/2019\/04\/sintonia-300x300.jpg 300w\" sizes=\"auto, (max-width: 720px) 100vw, 720px\" \/><\/figure>\n","protected":false},"excerpt":{"rendered":"<p>&#8220;Nenhuma religi\u00e3o, doutrina, terapia ou tratamento de qualquer ordem, nada nem ningu\u00e9m pode fazer pelo ser aquilo que ele n\u00e3o quer fazer por si mesmo. &#8221; (Mar\u00edlia Cabral) Voc\u00ea pode solicitar tratamento postando uma foto no Grupo Olhos de Luz, no Facebook (leia as regras daquele grupo antes), ou: Para voc\u00ea: reserve trinta minutos para [&hellip;]<\/p>\n","protected":false},"author":1,"featured_media":0,"parent":0,"menu_order":0,"comment_status":"closed","ping_status":"closed","template":"","meta":{"jetpack_post_was_ever_published":false,"footnotes":""},"class_list":["post-351","page","type-page","status-publish","hentry"],"jetpack_sharing_enabled":true,"jetpack_shortlink":"https:\/\/wp.me\/PaUIHY-5F","_links":{"self":[{"href":"http:\/\/moodle.reikibr.org\/projetoluz\/index.php\/wp-json\/wp\/v2\/pages\/351","targetHints":{"allow":["GET"]}}],"collection":[{"href":"http:\/\/moodle.reikibr.org\/projetoluz\/index.php\/wp-json\/wp\/v2\/pages"}],"about":[{"href":"http:\/\/moodle.reikibr.org\/projetoluz\/index.php\/wp-json\/wp\/v2\/types\/page"}],"author":[{"embeddable":true,"href":"http:\/\/moodle.reikibr.org\/projetoluz\/index.php\/wp-json\/wp\/v2\/users\/1"}],"replies":[{"embeddable":true,"href":"http:\/\/moodle.reikibr.org\/projetoluz\/index.php\/wp-json\/wp\/v2\/comments?post=351"}],"version-history":[{"count":4,"href":"http:\/\/moodle.reikibr.org\/projetoluz\/index.php\/wp-json\/wp\/v2\/pages\/351\/revisions"}],"predecessor-version":[{"id":361,"href":"http:\/\/moodle.reikibr.org\/projetoluz\/index.php\/wp-json\/wp\/v2\/pages\/351\/revisions\/361"}],"wp:attachment":[{"href":"http:\/\/moodle.reikibr.org\/projetoluz\/index.php\/wp-json\/wp\/v2\/media?parent=351"}],"curies":[{"name":"wp","href":"https:\/\/api.w.org\/{rel}","templated":true}]}}