{"id":337,"date":"2019-04-27T23:27:44","date_gmt":"2019-04-28T02:27:44","guid":{"rendered":"http:\/\/moodle.reikibr.org\/projetoluz\/?page_id=337"},"modified":"2021-12-01T10:44:11","modified_gmt":"2021-12-01T13:44:11","slug":"apoio","status":"publish","type":"page","link":"http:\/\/moodle.reikibr.org\/projetoluz\/index.php\/apoio\/","title":{"rendered":"Apoio ao projeto"},"content":{"rendered":"\n<p>Se puder e quiser, seu aux\u00edlio ser\u00e1 bem-vindo nos gastos com a manuten\u00e7\u00e3o dos sites e aplicativos. Qualquer valor mensal ser\u00e1 de grande valia:<\/p>\n\n\n\n<h2 class=\"wp-block-heading\" style=\"text-align: center;\"><a href=\"https:\/\/apoia.se\/reikibrorg\" target=\"_blank\" rel=\"noreferrer noopener\"><strong>Apoia-se<\/strong><\/a><\/h2>\n\n\n\n<p><\/p>\n\n\n\n<p class=\"has-text-align-center\">Para dep\u00f3sitos em Pix, a nossa chave \u00e9 a <strong>reikibr.org@gmail.com<\/strong> .<\/p>\n","protected":false},"excerpt":{"rendered":"<p>Se puder e quiser, seu aux\u00edlio ser\u00e1 bem-vindo nos gastos com a manuten\u00e7\u00e3o dos sites e aplicativos. Qualquer valor mensal ser\u00e1 de grande valia: Apoia-se Para dep\u00f3sitos em Pix, a nossa chave \u00e9 a reikibr.org@gmail.com .<\/p>\n","protected":false},"author":1,"featured_media":0,"parent":0,"menu_order":0,"comment_status":"closed","ping_status":"closed","template":"","meta":{"jetpack_post_was_ever_published":false,"footnotes":""},"class_list":["post-337","page","type-page","status-publish","hentry"],"jetpack_sharing_enabled":true,"jetpack_shortlink":"https:\/\/wp.me\/PaUIHY-5r","_links":{"self":[{"href":"http:\/\/moodle.reikibr.org\/projetoluz\/index.php\/wp-json\/wp\/v2\/pages\/337","targetHints":{"allow":["GET"]}}],"collection":[{"href":"http:\/\/moodle.reikibr.org\/projetoluz\/index.php\/wp-json\/wp\/v2\/pages"}],"about":[{"href":"http:\/\/moodle.reikibr.org\/projetoluz\/index.php\/wp-json\/wp\/v2\/types\/page"}],"author":[{"embeddable":true,"href":"http:\/\/moodle.reikibr.org\/projetoluz\/index.php\/wp-json\/wp\/v2\/users\/1"}],"replies":[{"embeddable":true,"href":"http:\/\/moodle.reikibr.org\/projetoluz\/index.php\/wp-json\/wp\/v2\/comments?post=337"}],"version-history":[{"count":7,"href":"http:\/\/moodle.reikibr.org\/projetoluz\/index.php\/wp-json\/wp\/v2\/pages\/337\/revisions"}],"predecessor-version":[{"id":539,"href":"http:\/\/moodle.reikibr.org\/projetoluz\/index.php\/wp-json\/wp\/v2\/pages\/337\/revisions\/539"}],"wp:attachment":[{"href":"http:\/\/moodle.reikibr.org\/projetoluz\/index.php\/wp-json\/wp\/v2\/media?parent=337"}],"curies":[{"name":"wp","href":"https:\/\/api.w.org\/{rel}","templated":true}]}}