{"id":284,"date":"2019-04-27T22:03:56","date_gmt":"2019-04-28T01:03:56","guid":{"rendered":"http:\/\/moodle.reikibr.org\/projetoluz\/?page_id=284"},"modified":"2025-05-16T22:05:20","modified_gmt":"2025-05-17T01:05:20","slug":"cinema-reikibr","status":"publish","type":"page","link":"http:\/\/moodle.reikibr.org\/projetoluz\/index.php\/cinema-reikibr\/","title":{"rendered":"Cinema ReikiBr"},"content":{"rendered":"\n<p><strong>Quem somos n\u00f3s?<\/strong><\/p>\n\n\n\n<p>Amanda (Marlee Matlin) est\u00e1 numa fant\u00e1stica experi\u00eancia ao estilo &#8220;Alice no Pa\u00eds das Maravilhas&#8221; enquanto seu mon\u00f3tono cotidiano come\u00e7a a se desmanchar. Esta situa\u00e7\u00e3o revela o incerto mundo escondido por tr\u00e1s daquilo que se costuma considerar realidade. Amanda mergulha num turbilh\u00e3o de ocorr\u00eancias ca\u00f3ticas que revelam um profundo e oculto conhecimento do real. Ela entra em crise e questiona o sentido da exist\u00eancia humana<\/p>\n\n\n\n<figure class=\"wp-block-embed aligncenter is-type-video is-provider-youtube wp-block-embed-youtube wp-embed-aspect-16-9 wp-has-aspect-ratio\"><div class=\"wp-block-embed__wrapper\">\n<div class=\"jetpack-video-wrapper\"><span class=\"embed-youtube\" style=\"text-align:center; display: block;\"><iframe loading=\"lazy\" class=\"youtube-player\" width=\"820\" height=\"462\" src=\"https:\/\/www.youtube.com\/embed\/_U6KE0EIzh4?version=3&#038;rel=1&#038;showsearch=0&#038;showinfo=1&#038;iv_load_policy=1&#038;fs=1&#038;hl=pt-BR&#038;autohide=2&#038;wmode=transparent\" allowfullscreen=\"true\" style=\"border:0;\" sandbox=\"allow-scripts allow-same-origin allow-popups allow-presentation allow-popups-to-escape-sandbox\"><\/iframe><\/span><\/div>\n<\/div><\/figure>\n\n\n\n<p><\/p>\n\n\n\n<p><strong>A j\u00f3ia azul<\/strong><\/p>\n\n\n\n<p>Voc\u00ea \u00e9 importante! E esta \u00e9 a mensagem principal do filme. Seus sentimentos, seus pensamentos, o que voc\u00ea faz durante o dia, a sua bela ess\u00eancia &#8211; a energia maravilhosa do seu cora\u00e7\u00e3o. Cada um e todos n\u00f3s somos curadores planet\u00e1rios e temos a habilidade de transformar este mundo em um lugar mais pac\u00edfico e mais harmonioso para todos n\u00f3s. Sua alma e seus filhos v\u00e3o agradec\u00ea-los por isto.<\/p>\n\n\n\n<figure class=\"wp-block-embed is-type-video is-provider-youtube wp-block-embed-youtube wp-embed-aspect-16-9 wp-has-aspect-ratio\"><div class=\"wp-block-embed__wrapper\">\n<div class=\"jetpack-video-wrapper\"><span class=\"embed-youtube\" style=\"text-align:center; display: block;\"><iframe loading=\"lazy\" class=\"youtube-player\" width=\"820\" height=\"462\" src=\"https:\/\/www.youtube.com\/embed\/MMhozfjzyz8?version=3&#038;rel=1&#038;showsearch=0&#038;showinfo=1&#038;iv_load_policy=1&#038;fs=1&#038;hl=pt-BR&#038;autohide=2&#038;wmode=transparent\" allowfullscreen=\"true\" style=\"border:0;\" sandbox=\"allow-scripts allow-same-origin allow-popups allow-presentation allow-popups-to-escape-sandbox\"><\/iframe><\/span><\/div>\n<\/div><\/figure>\n\n\n\n<p><\/p>\n\n\n\n<p><strong>A profecia celestina&nbsp;<\/strong><\/p>\n\n\n\n<p>Um antigo manuscrito \u00e9 encontrado nas florestas peruanas, contendo nove vis\u00f5es que a humanidade precisa conhecer. Este foi o ponto de partida do best-seller &#8220;A Profecia Celestina&#8221;, de James Red Field, um romance cheio de a\u00e7\u00e3o e revela\u00e7\u00f5es, agora em magn\u00edfica produ\u00e7\u00e3o de Hollywood. No filme, o espectador mergulha na heroica miss\u00e3o do autor, interpretado por Matthew Settle, em sua aventura para chegar no alto das montanhas dos Andes e compreender o significado contido nas nove vis\u00f5es anunciadas em pol\u00eamicos manuscritos.<\/p>\n\n\n\n<figure class=\"wp-block-embed is-type-video is-provider-youtube wp-block-embed-youtube wp-embed-aspect-4-3 wp-has-aspect-ratio\"><div class=\"wp-block-embed__wrapper\">\n<div class=\"jetpack-video-wrapper\"><span class=\"embed-youtube\" style=\"text-align:center; display: block;\"><iframe loading=\"lazy\" class=\"youtube-player\" width=\"820\" height=\"462\" src=\"https:\/\/www.youtube.com\/embed\/ae45nX5B4vM?version=3&#038;rel=1&#038;showsearch=0&#038;showinfo=1&#038;iv_load_policy=1&#038;fs=1&#038;hl=pt-BR&#038;autohide=2&#038;wmode=transparent\" allowfullscreen=\"true\" style=\"border:0;\" sandbox=\"allow-scripts allow-same-origin allow-popups allow-presentation allow-popups-to-escape-sandbox\"><\/iframe><\/span><\/div>\n<\/div><\/figure>\n\n\n\n<p><\/p>\n\n\n\n<p><\/p>\n\n\n\n<p>Thrive (Prosperar) \u00e9 um document\u00e1rio n\u00e3o-convencional que levanta o v\u00e9u sobre o que realmente est\u00e1 acontecendo em nosso mundo &#8211; descobrindo a consolida\u00e7\u00e3o mundial do poder em quase todos os aspectos de nossas vidas. Tecendo avan\u00e7os na consci\u00eancia, ci\u00eancia e ativismo, Thrive oferece solu\u00e7\u00f5es reais, capacitando-nos com estrat\u00e9gias in\u00e9ditas e ousadas para a recupera\u00e7\u00e3o de nossas vidas e nosso futuro.<\/p>\n\n\n\n<figure class=\"wp-block-embed is-type-video is-provider-youtube wp-block-embed-youtube wp-embed-aspect-4-3 wp-has-aspect-ratio\"><div class=\"wp-block-embed__wrapper\">\n<div class=\"jetpack-video-wrapper\"><span class=\"embed-youtube\" style=\"text-align:center; display: block;\"><iframe loading=\"lazy\" class=\"youtube-player\" width=\"820\" height=\"462\" src=\"https:\/\/www.youtube.com\/embed\/f_JaS-SLATs?version=3&#038;rel=1&#038;showsearch=0&#038;showinfo=1&#038;iv_load_policy=1&#038;fs=1&#038;hl=pt-BR&#038;autohide=2&#038;wmode=transparent\" allowfullscreen=\"true\" style=\"border:0;\" sandbox=\"allow-scripts allow-same-origin allow-popups allow-presentation allow-popups-to-escape-sandbox\"><\/iframe><\/span><\/div>\n<\/div><\/figure>\n","protected":false},"excerpt":{"rendered":"<p>Quem somos n\u00f3s? Amanda (Marlee Matlin) est\u00e1 numa fant\u00e1stica experi\u00eancia ao estilo &#8220;Alice no Pa\u00eds das Maravilhas&#8221; enquanto seu mon\u00f3tono cotidiano come\u00e7a a se desmanchar. Esta situa\u00e7\u00e3o revela o incerto mundo escondido por tr\u00e1s daquilo que se costuma considerar realidade. Amanda mergulha num turbilh\u00e3o de ocorr\u00eancias ca\u00f3ticas que revelam um profundo e oculto conhecimento do [&hellip;]<\/p>\n","protected":false},"author":1,"featured_media":0,"parent":0,"menu_order":0,"comment_status":"closed","ping_status":"closed","template":"","meta":{"jetpack_post_was_ever_published":false,"footnotes":""},"class_list":["post-284","page","type-page","status-publish","hentry"],"jetpack_sharing_enabled":true,"jetpack_shortlink":"https:\/\/wp.me\/PaUIHY-4A","_links":{"self":[{"href":"http:\/\/moodle.reikibr.org\/projetoluz\/index.php\/wp-json\/wp\/v2\/pages\/284","targetHints":{"allow":["GET"]}}],"collection":[{"href":"http:\/\/moodle.reikibr.org\/projetoluz\/index.php\/wp-json\/wp\/v2\/pages"}],"about":[{"href":"http:\/\/moodle.reikibr.org\/projetoluz\/index.php\/wp-json\/wp\/v2\/types\/page"}],"author":[{"embeddable":true,"href":"http:\/\/moodle.reikibr.org\/projetoluz\/index.php\/wp-json\/wp\/v2\/users\/1"}],"replies":[{"embeddable":true,"href":"http:\/\/moodle.reikibr.org\/projetoluz\/index.php\/wp-json\/wp\/v2\/comments?post=284"}],"version-history":[{"count":11,"href":"http:\/\/moodle.reikibr.org\/projetoluz\/index.php\/wp-json\/wp\/v2\/pages\/284\/revisions"}],"predecessor-version":[{"id":656,"href":"http:\/\/moodle.reikibr.org\/projetoluz\/index.php\/wp-json\/wp\/v2\/pages\/284\/revisions\/656"}],"wp:attachment":[{"href":"http:\/\/moodle.reikibr.org\/projetoluz\/index.php\/wp-json\/wp\/v2\/media?parent=284"}],"curies":[{"name":"wp","href":"https:\/\/api.w.org\/{rel}","templated":true}]}}