{"id":262,"date":"2019-04-21T13:32:46","date_gmt":"2019-04-21T16:32:46","guid":{"rendered":"http:\/\/moodle.reikibr.org\/projetoluz\/?page_id=262"},"modified":"2019-06-02T17:49:29","modified_gmt":"2019-06-02T20:49:29","slug":"alimentacao-etica","status":"publish","type":"page","link":"http:\/\/moodle.reikibr.org\/projetoluz\/index.php\/alimentacao-etica\/","title":{"rendered":"Alimenta\u00e7\u00e3o \u00e9tica"},"content":{"rendered":"\n<p><strong>Raz\u00f5es para nos alimentarmos sem o sofrimento de outros seres<\/strong><\/p>\n\n\n\n<p>Dever\u00edamos\n ser capazes de recusar-nos a viver se o pre\u00e7o da vida \u00e9 a tortura de \nseres sens\u00edveis. Tempo vir\u00e1 em que os homens ver\u00e3o o assassinato de \nanimais como eles v\u00eaem hoje o assassinato de humanos.<\/p>\n\n\n\n<p><em>Mohandas Gandhi<\/em><\/p>\n\n\n\n<p>1.&nbsp;&nbsp;&nbsp;&nbsp;&nbsp;&nbsp;&nbsp;Antibi\u00f3ticos\n e horm\u00f4nios: a crescente demanda no consumo de carne tem provocado uma \nind\u00fastria cruel, n\u00e3o se importando com a forma e cuidados com os animais\n nem com os humanos. Muitos horm\u00f4nios s\u00e3o fornecidos ao gado de corte \npara a engorda, principalmente anabolizantes que aumentam a massa \ncorporal, gerando um desequil\u00edbrio em todo o mecanismo de regula\u00e7\u00e3o \nhormonal daqueles que a consomem, O DDT \u00e9 um pesticida cancer\u00edgeno que \ncontinua a ser usado na maioria dos pa\u00edses da Am\u00e9rica Latina. O \nbenzopireno \u00e9 um corante muito encontrado nas carnes para manter a \napar\u00eancia avermelhada e para dar bom aspecto. O nitrato de pot\u00e1ssio e o \nsulfito de s\u00f3dio, usados para dar cor e boa apar\u00eancia, tamb\u00e9m s\u00e3o \ncancer\u00edgenos. Muitos antibi\u00f3ticos provenientes da ra\u00e7\u00e3o qu\u00edmica dos \nanimais de corte e rem\u00e9dios veterin\u00e1rios s\u00e3o igualmente assimilados pelo\n organismo daqueles que ingerem a carne.<\/p>\n\n\n\n<p>2.\u00a0\u00a0\u00a0\u00a0\u00a0\u00a0\u00a0Sacrif\u00edcio  de animais: o ato de alimentar-se de carne exige o sacrif\u00edcio de  bilh\u00f5es de criaturas do reino animal, especialmente aves, su\u00ednos,  bovinos, caprinos e peixes. Segundo o Dr. M\u00e1rcio Bontempo, \u201ccada  brasileiro come, aproximadamente, uma vaca a cada dez anos, o que  significa que, ao longo da sua vida coma, em m\u00e9dia, sete vacas. Como os  porcos pesam menos que os bovinos, cada brasileiro come, em m\u00e9dia,  treze porcos ao longo da sua exist\u00eancia. J\u00e1 o consumo\u00a0per capita\u00a0de  frango no Brasil \u00e9 de cerca de vinte e um por ano, somando duzentos e  dez a cada dec\u00eanio e, ao longo da sua exist\u00eancia (se os horm\u00f4nios  permitirem que viva&#8230;) o brasileiro devora cerca de mil e quinhentos  animais\u201d.<\/p>\n\n\n\n<p>3.\u00a0\u00a0\u00a0\u00a0\u00a0\u00a0\u00a0Crueldade:  os animais s\u00e3o criados e mantidos em condi\u00e7\u00f5es extremas e abomin\u00e1veis,  vivendo em habitat totalmente antinatural em gaiolas, ou confinado em  pequenos espa\u00e7os, n\u00e3o tendo o direito natural de exercer seus instintos.  S\u00e3o engordados quimicamente em condi\u00e7\u00f5es constantes de estresse. No  momento do abate, s\u00e3o transportados, \u00e0s vezes, por longas dist\u00e2ncias,  onde suas vidas s\u00e3o brutalmente e cruelmente ceifadas, espalhando pelo  ar um profundo sofrimento, muita adrenalina, cheiro de morte e  viol\u00eancia. Segundo Jos\u00e9 Salvador Caballero, f\u00edsico e presidente da Loja  Teos\u00f3fica Fraternidade, \u201ccom a mesma frieza, seus cad\u00e1veres s\u00e3o  retalhados, sendo que algumas partes v\u00e3o para os a\u00e7ougues, enquanto que  outras transformam-se em nomes atrativos como\u00a0hot-dog,\u00a0salsichas,  lingui\u00e7as, presuntos, tender,\u00a0gelatina, gordura animal, etc.\u201d.<\/p>\n\n\n\n<p>4.&nbsp;&nbsp;&nbsp;&nbsp;&nbsp;&nbsp;&nbsp;Sa\u00fade:\n o consumo de carnes (bovina, su\u00edna, aves, peixes, ovos, carnes \ncondicionadas) produz o surgimento de diferentes doen\u00e7as, que atualmente\n acometem milh\u00f5es de pessoas em todo o mundo. S\u00e3o elas: hipertens\u00e3o \narterial, gota, reumatismo, arteriosclerose, artrite, alergias, doen\u00e7as \nde pele, diferentes tipos de c\u00e2ncer, alto n\u00edvel de colesterol, pris\u00e3o de\n ventre, putrefa\u00e7\u00e3o intestinal, acidez estomacal, problemas card\u00edacos, \nrenais, biliares, estomacais, diminui\u00e7\u00e3o da capacidade do organismo de \nse defender de infec\u00e7\u00f5es, doen\u00e7as cr\u00f4nicas, tend\u00eancia \u00e0 obesidade, \nc\u00e3ibras, lentid\u00e3o mental e falta de energia.<\/p>\n\n\n\n<p>5.&nbsp;&nbsp;&nbsp;&nbsp;&nbsp;&nbsp;&nbsp;Ecologia:\n O desequil\u00edbrio da natureza cresce a cada dia e de forma insustent\u00e1vel,\n pois a produ\u00e7\u00e3o de carne em grande escala tornou-se um fator \nconsideravelmente poluidor, j\u00e1 que as fezes animais s\u00e3o cento e trinta \nvezes maiores que os excrementos humanos, e o g\u00e1s metano liberado das \nfezes animais e de suas flatul\u00eancias s\u00e3o respons\u00e1veis, em grande parte, \npelo efeito estufa.<\/p>\n\n\n\n<p>Em seu livro \u201cFundamentos do Vegetarianismo\u201d, Marly Winckler diz:<\/p>\n\n\n\n<p>\u00b7&nbsp;&nbsp;&nbsp;&nbsp;&nbsp;&nbsp;&nbsp;&nbsp;&nbsp;Quantidade de cereais e soja, em quilos, necess\u00e1ria para produzir um quilo de carne:&nbsp;sete;<\/p>\n\n\n\n<p>\u00b7&nbsp;&nbsp;&nbsp;&nbsp;&nbsp;&nbsp;&nbsp;&nbsp;&nbsp;Pessoas que seriam alimentadas com cereais usados para gerar 225g de carne:&nbsp;quarenta;<\/p>\n\n\n\n<p>\u00b7&nbsp;&nbsp;&nbsp;&nbsp;&nbsp;&nbsp;&nbsp;&nbsp;&nbsp;Produtos\n comest\u00edveis que podem sem produzidos em um hectare de terra boa, em \nquilos: feij\u00e3o, 11.200 \u2013 ma\u00e7\u00e3, 22.400 \/ cenoura, 34.900\/ batata, 44.800\/\n tomate, 56.000\/ carne,&nbsp;280;<\/p>\n\n\n\n<p>\u00b7&nbsp;&nbsp;&nbsp;&nbsp;&nbsp;&nbsp;&nbsp;&nbsp;&nbsp;N\u00famero\n de litros de \u00e1gua necess\u00e1rios na Calif\u00f3rnia, para produzir um quilo de:\n tomate, 39\/ trigo, 42\/ leite, 222\/&nbsp;ovos 932\/ frango 1.397\/ porco, 2794\/\n gado, 8939;<\/p>\n\n\n\n<p>\u00b7&nbsp;&nbsp;&nbsp;&nbsp;&nbsp;&nbsp;&nbsp;&nbsp;&nbsp;Dejetos, em quilos, gerados na cria\u00e7\u00e3o de animais, para cada quilo de carne: gado,&nbsp;7 a&nbsp;9&nbsp;e su\u00ednos,&nbsp;3,5.<\/p>\n\n\n\n<p>6.&nbsp;&nbsp;&nbsp;&nbsp;&nbsp;&nbsp;&nbsp;Espiritualidade:\n a carne \u00e9 um alimento que se op\u00f5es ao Dharma (Lei Eterna da Vida) e \u00e9 \ngeradora de sofrimento, portanto, n\u00e3o \u00e9 considerada o melhor alimento \u00e0 \nvida espiritual do homem. Ela contribui para manter a viol\u00eancia na \nsociedade humana, gera imoralidade, brutalidade e o desrespeito. Para \ntrilhar a vida espiritual, requer-se que o caminhante busque sutilizar \ncada vez mais seus ve\u00edculos de consci\u00eancia, aumentando a clara vis\u00e3o e \ndespertando um amor incondicional que se estenda a todas as formas de \nvida. O consumo de carne embrutece a natureza humana, desviando-a de seu\n prop\u00f3sito original e de sua natureza divina.<\/p>\n\n\n\n<p>De: Vegetarianismo Sustentando a Vida \u2013 Maria Laura Garcia Packer \u2013 Ed. Letrad\u00e1gua \u2013 ISBN 85-87648-08-X&nbsp;&nbsp;<\/p>\n\n\n\n<p><\/p>\n\n\n\n<p><strong>Livros recomendados sobre o assunto:<\/strong><\/p>\n\n\n\n<div class=\"wp-block-file\"><a href=\"http:\/\/moodle.reikibr.org\/projetoluz\/wp-content\/uploads\/2019\/04\/Paz_e_Amor_Bicho.pdf\">Paz e amor, bicho<\/a><a href=\"http:\/\/moodle.reikibr.org\/projetoluz\/wp-content\/uploads\/2019\/04\/Paz_e_Amor_Bicho.pdf\" class=\"wp-block-file__button\" download>Baixar<\/a><\/div>\n\n\n\n<div class=\"wp-block-file\"><a href=\"http:\/\/moodle.reikibr.org\/projetoluz\/wp-content\/uploads\/2019\/04\/O_que_ha_de_errado_em_comer_carne__Barbara-Parham.pdf\">O que h\u00e1 de errado em comer carne<\/a><a href=\"http:\/\/moodle.reikibr.org\/projetoluz\/wp-content\/uploads\/2019\/04\/O_que_ha_de_errado_em_comer_carne__Barbara-Parham.pdf\" class=\"wp-block-file__button\" download>Baixar<\/a><\/div>\n\n\n\n<div class=\"wp-block-file\"><a href=\"http:\/\/moodle.reikibr.org\/projetoluz\/wp-content\/uploads\/2019\/04\/Marcel-Benedeti-Todos-os-Animais-Merecem-o-Ceu.pdf\">Todos os animais merecem o c\u00e9u<\/a><a href=\"http:\/\/moodle.reikibr.org\/projetoluz\/wp-content\/uploads\/2019\/04\/Marcel-Benedeti-Todos-os-Animais-Merecem-o-Ceu.pdf\" class=\"wp-block-file__button\" download>Baixar<\/a><\/div>\n\n\n\n<div class=\"wp-block-file\"><a href=\"http:\/\/moodle.reikibr.org\/projetoluz\/wp-content\/uploads\/2019\/04\/Era_uma_vez_um_espirita.pdf\">Era uma ver um esp\u00edrita <\/a><a href=\"http:\/\/moodle.reikibr.org\/projetoluz\/wp-content\/uploads\/2019\/04\/Era_uma_vez_um_espirita.pdf\" class=\"wp-block-file__button\" download>Baixar<\/a><\/div>\n","protected":false},"excerpt":{"rendered":"<p>Raz\u00f5es para nos alimentarmos sem o sofrimento de outros seres Dever\u00edamos ser capazes de recusar-nos a viver se o pre\u00e7o da vida \u00e9 a tortura de seres sens\u00edveis. Tempo vir\u00e1 em que os homens ver\u00e3o o assassinato de animais como eles v\u00eaem hoje o assassinato de humanos. Mohandas Gandhi 1.&nbsp;&nbsp;&nbsp;&nbsp;&nbsp;&nbsp;&nbsp;Antibi\u00f3ticos e horm\u00f4nios: a crescente demanda [&hellip;]<\/p>\n","protected":false},"author":1,"featured_media":0,"parent":0,"menu_order":0,"comment_status":"closed","ping_status":"closed","template":"","meta":{"jetpack_post_was_ever_published":false,"footnotes":""},"class_list":["post-262","page","type-page","status-publish","hentry"],"jetpack_sharing_enabled":true,"jetpack_shortlink":"https:\/\/wp.me\/PaUIHY-4e","_links":{"self":[{"href":"http:\/\/moodle.reikibr.org\/projetoluz\/index.php\/wp-json\/wp\/v2\/pages\/262","targetHints":{"allow":["GET"]}}],"collection":[{"href":"http:\/\/moodle.reikibr.org\/projetoluz\/index.php\/wp-json\/wp\/v2\/pages"}],"about":[{"href":"http:\/\/moodle.reikibr.org\/projetoluz\/index.php\/wp-json\/wp\/v2\/types\/page"}],"author":[{"embeddable":true,"href":"http:\/\/moodle.reikibr.org\/projetoluz\/index.php\/wp-json\/wp\/v2\/users\/1"}],"replies":[{"embeddable":true,"href":"http:\/\/moodle.reikibr.org\/projetoluz\/index.php\/wp-json\/wp\/v2\/comments?post=262"}],"version-history":[{"count":5,"href":"http:\/\/moodle.reikibr.org\/projetoluz\/index.php\/wp-json\/wp\/v2\/pages\/262\/revisions"}],"predecessor-version":[{"id":448,"href":"http:\/\/moodle.reikibr.org\/projetoluz\/index.php\/wp-json\/wp\/v2\/pages\/262\/revisions\/448"}],"wp:attachment":[{"href":"http:\/\/moodle.reikibr.org\/projetoluz\/index.php\/wp-json\/wp\/v2\/media?parent=262"}],"curies":[{"name":"wp","href":"https:\/\/api.w.org\/{rel}","templated":true}]}}