{"id":20,"date":"2019-04-20T00:06:15","date_gmt":"2019-04-20T03:06:15","guid":{"rendered":"http:\/\/moodle.reikibr.org\/projetoluz\/?page_id=20"},"modified":"2021-07-30T10:35:58","modified_gmt":"2021-07-30T13:35:58","slug":"apostilas","status":"publish","type":"page","link":"http:\/\/moodle.reikibr.org\/projetoluz\/index.php\/projeto-luz\/apostilas\/","title":{"rendered":"Apostilas"},"content":{"rendered":"\n<p class=\"has-text-align-center\"><strong>Apostilas<\/strong><\/p>\n\n\n\n<p><strong><em>N\u00e3o recomendamos a pr\u00e1tica das t\u00e9cnicas Reiki sem ser iniciado (a)<\/em><\/strong><\/p>\n\n\n\n<div class=\"wp-block-file\"><a href=\"http:\/\/moodle.reikibr.org\/projetoluz\/wp-content\/uploads\/2021\/06\/Reiki-I-te\u00f3rica-20062021.pdf\">Reiki I te\u00f3rica, 20062021<\/a><a href=\"http:\/\/moodle.reikibr.org\/projetoluz\/wp-content\/uploads\/2021\/06\/Reiki-I-te\u00f3rica-20062021.pdf\" class=\"wp-block-file__button\" download>Baixar<\/a><\/div>\n\n\n\n<div class=\"wp-block-file\"><a href=\"http:\/\/moodle.reikibr.org\/projetoluz\/wp-content\/uploads\/2019\/04\/Reiki-I-pratica-01032002.pdf\">Reiki n\u00edve I pr\u00e1tica<\/a><a href=\"http:\/\/moodle.reikibr.org\/projetoluz\/wp-content\/uploads\/2019\/04\/Reiki-I-pratica-01032002.pdf\" class=\"wp-block-file__button\" download>Baixar<\/a><\/div>\n\n\n\n<div class=\"wp-block-file\"><a href=\"https:\/\/moodle.reikibr.org\/projetoluz\/wp-content\/uploads\/2019\/04\/Reiki-II-08032002.pdf\" target=\"_blank\" rel=\"noreferrer noopener\">Reiki n\u00edvel II<\/a><a href=\"https:\/\/moodle.reikibr.org\/projetoluz\/wp-content\/uploads\/2019\/04\/Reiki-II-08032002.pdf\" class=\"wp-block-file__button\" download>Baixar<\/a><\/div>\n\n\n\n<div class=\"wp-block-file\"><a href=\"http:\/\/moodle.reikibr.org\/projetoluz\/wp-content\/uploads\/2019\/04\/Reiki-IIIA-01052002.pdf\">Reiki n\u00edvel IIIA<\/a><a href=\"http:\/\/moodle.reikibr.org\/projetoluz\/wp-content\/uploads\/2019\/04\/Reiki-IIIA-01052002.pdf\" class=\"wp-block-file__button\" download>Baixar<\/a><\/div>\n\n\n\n<div class=\"wp-block-file\"><a href=\"http:\/\/moodle.reikibr.org\/projetoluz\/wp-content\/uploads\/2019\/04\/Karuna-Ki-I-II-e-IIIA-02042015.pdf\">Karuna Ki n\u00edveis I, II e IIIA<\/a><a href=\"http:\/\/moodle.reikibr.org\/projetoluz\/wp-content\/uploads\/2019\/04\/Karuna-Ki-I-II-e-IIIA-02042015.pdf\" class=\"wp-block-file__button\" download>Baixar<\/a><\/div>\n\n\n\n<div class=\"wp-block-file\"><a href=\"http:\/\/moodle.reikibr.org\/projetoluz\/wp-content\/uploads\/2019\/04\/21_tecnicas_mestre_usui.pdf\">As vinte e uma t\u00e9cnicas do Mestre Usui<\/a><a href=\"http:\/\/moodle.reikibr.org\/projetoluz\/wp-content\/uploads\/2019\/04\/21_tecnicas_mestre_usui.pdf\" class=\"wp-block-file__button\" download>Baixar<\/a><\/div>\n\n\n\n<div class=\"wp-block-file\"><a href=\"http:\/\/moodle.reikibr.org\/projetoluz\/wp-content\/uploads\/2019\/04\/Regress\u00f5es-espont\u00e2neas-em-aplica\u00e7\u00f5es-de-Reiki.pdf\">Regress\u00f5es espont\u00e2neas em aplica\u00e7\u00f5es de Reiki<\/a><a href=\"http:\/\/moodle.reikibr.org\/projetoluz\/wp-content\/uploads\/2019\/04\/Regress\u00f5es-espont\u00e2neas-em-aplica\u00e7\u00f5es-de-Reiki.pdf\" class=\"wp-block-file__button\" download>Baixar<\/a><\/div>\n\n\n\n<div class=\"wp-block-file\"><a href=\"http:\/\/moodle.reikibr.org\/projetoluz\/wp-content\/uploads\/2019\/04\/Florais-de-Bach.pdf\">Florais de Bach<\/a><a href=\"http:\/\/moodle.reikibr.org\/projetoluz\/wp-content\/uploads\/2019\/04\/Florais-de-Bach.pdf\" class=\"wp-block-file__button\" download>Baixar<\/a><\/div>\n","protected":false},"excerpt":{"rendered":"<p>Apostilas N\u00e3o recomendamos a pr\u00e1tica das t\u00e9cnicas Reiki sem ser iniciado (a)<\/p>\n","protected":false},"author":1,"featured_media":0,"parent":17,"menu_order":0,"comment_status":"closed","ping_status":"closed","template":"","meta":{"jetpack_post_was_ever_published":false,"footnotes":""},"class_list":["post-20","page","type-page","status-publish","hentry"],"jetpack_sharing_enabled":true,"jetpack_shortlink":"https:\/\/wp.me\/PaUIHY-k","_links":{"self":[{"href":"http:\/\/moodle.reikibr.org\/projetoluz\/index.php\/wp-json\/wp\/v2\/pages\/20","targetHints":{"allow":["GET"]}}],"collection":[{"href":"http:\/\/moodle.reikibr.org\/projetoluz\/index.php\/wp-json\/wp\/v2\/pages"}],"about":[{"href":"http:\/\/moodle.reikibr.org\/projetoluz\/index.php\/wp-json\/wp\/v2\/types\/page"}],"author":[{"embeddable":true,"href":"http:\/\/moodle.reikibr.org\/projetoluz\/index.php\/wp-json\/wp\/v2\/users\/1"}],"replies":[{"embeddable":true,"href":"http:\/\/moodle.reikibr.org\/projetoluz\/index.php\/wp-json\/wp\/v2\/comments?post=20"}],"version-history":[{"count":10,"href":"http:\/\/moodle.reikibr.org\/projetoluz\/index.php\/wp-json\/wp\/v2\/pages\/20\/revisions"}],"predecessor-version":[{"id":531,"href":"http:\/\/moodle.reikibr.org\/projetoluz\/index.php\/wp-json\/wp\/v2\/pages\/20\/revisions\/531"}],"up":[{"embeddable":true,"href":"http:\/\/moodle.reikibr.org\/projetoluz\/index.php\/wp-json\/wp\/v2\/pages\/17"}],"wp:attachment":[{"href":"http:\/\/moodle.reikibr.org\/projetoluz\/index.php\/wp-json\/wp\/v2\/media?parent=20"}],"curies":[{"name":"wp","href":"https:\/\/api.w.org\/{rel}","templated":true}]}}