{"id":17,"date":"2019-04-20T00:04:13","date_gmt":"2019-04-20T03:04:13","guid":{"rendered":"http:\/\/moodle.reikibr.org\/projetoluz\/?page_id=17"},"modified":"2025-02-22T10:06:54","modified_gmt":"2025-02-22T13:06:54","slug":"projeto-luz","status":"publish","type":"page","link":"http:\/\/moodle.reikibr.org\/projetoluz\/index.php\/projeto-luz\/","title":{"rendered":"Projeto Luz &#8211; Curso Online"},"content":{"rendered":"\n<h4 class=\"wp-block-heading\"><strong>23 anos de servi\u00e7os prestados \u00e0 egr\u00e9gora Rei<\/strong>ki<\/h4>\n\n\n\n<p>Abra aqui um fluxograma, para melhor entendimento da estrutura do Projeto Luz&nbsp;Calend\u00e1rio do curso &#8211;&nbsp;Leia com aten\u00e7\u00e3o!<\/p>\n\n\n\n<div class=\"wp-block-file\"><a href=\"http:\/\/moodle.reikibr.org\/projetoluz\/wp-content\/uploads\/2019\/04\/Fluxo-ReikiBr-N\u00edvel-1-1.png\" class=\"wp-block-file__button wp-element-button\" download>Baixar<\/a><\/div>\n\n\n\n<p><strong><a href=\"http:\/\/moodle.reikibr.org\/projetoluz\/index.php\/f-a-q-perguntas-frequentes\/\">Veja aqui a p\u00e1gina F.A.Q. &#8211; perguntas mais frequentes<\/a><\/strong> <\/p>\n\n\n\n<p><strong>O &nbsp;Projeto Luz<\/strong><\/p>\n\n\n\n<p><strong>O que \u00e9 Reiki?<\/strong><\/p>\n\n\n\n<p>Resumidamente, podemos dizer que a Reiki \u00e9 uma t\u00e9cnica curativa milenar, aplicada atrav\u00e9s da imposi\u00e7\u00e3o das m\u00e3os, ou direcionada atrav\u00e9s da inten\u00e7\u00e3o. Para saber mais, baixe a<a href=\"http:\/\/moodle.reikibr.org\/projetoluz\/wp-content\/uploads\/2019\/04\/Reiki-I-05082003-te%C3%B3rica.pdf\"> apostila de n\u00edvel I.<\/a><\/p>\n\n\n\n<p><strong>O que \u00e9 o Projeto Luz?<\/strong> <\/p>\n\n\n\n<p><p>\u00c9 um projeto desenvolvido atrav\u00e9s do <a rel=\"noreferrer noopener\" href=\"https:\/\/www.facebook.com\/groups\/projetoluzreikibr\/\" target=\"_blank\">F\u00f3rum ReikiBr<\/a>, que oferece inicia\u00e7\u00f5es \u00e0 dist\u00e2ncia nos n\u00edveis I, II, III-A, III-B do Sistema Reiki Usui Shiki Ryoho e Karuna Ki I, II e III-A para seus membros ativos. Essas inicia\u00e7\u00f5es s\u00e3o gratuitas, sendo que o iniciado apenas assume um compromisso perante o Universo de fazer bom uso das t\u00e9cnicas que recebeu, ajudando tantas pessoas quanto lhe for poss\u00edvel (mais detalhes abaixo).<\/p><\/p>\n\n\n\n<p><p><strong>Qual \u00e9 sua miss\u00e3o?<br><\/strong> Oferecer gratuitamente a forma\u00e7\u00e3o Reiki para aquelas pessoas que n\u00e3o tem acesso aos cursos presenciais, ou que, por algum motivo, preferem nossa forma\u00e7\u00e3o remota.\u00a0<\/p><\/p>\n\n\n\n<p><p><strong>Por que ele oferece os cursos e inicia\u00e7\u00f5es gratuitamente?<\/strong>Acreditamos que, ao auxiliar nos processos de cura (evolu\u00e7\u00e3o) pessoal, estamos tamb\u00e9m ajudando na cura deste planeta, tornando o mundo mais pac\u00edfico, alegre, pr\u00f3spero e amoroso, de acordo com o projeto Divino para a Terra. Nosso projeto \u00e9 uma a\u00e7\u00e3o desinteressada a servi\u00e7o dos Mestres C\u00f3smicos e a favor da humanidade.<\/p><\/p>\n\n\n\n<p><strong>O que s\u00e3o as inicia\u00e7\u00f5es \u00e0 dist\u00e2ncia?<\/strong>&nbsp;<br \/>Cerim\u00f4nias onde s\u00e3o realizados procedimentos energ\u00e9ticos que habilitam o iniciado a trabalhar com a Reiki. Essas cerim\u00f4nias s\u00e3o semelhantes \u00e0s presenciais, diferenciando-se apenas pela dist\u00e2ncia f\u00edsica entre mestre\/iniciado. A dist\u00e2ncia n\u00e3o interfere no processo, visto que a energia n\u00e3o reconhece tempo\/espa\u00e7o. Para maiores informa\u00e7\u00f5es sobre inicia\u00e7\u00e3o, por favor, leia a <a href=\"http:\/\/reikibr.org\/resources\/apostilas\/Reiki%20I%2005082003.pdf\">a<\/a><a href=\"http:\/\/moodle.reikibr.org\/projetoluz\/wp-content\/uploads\/2019\/04\/Reiki-I-05082003-te%C3%B3rica.pdf\">postila de n\u00edvel I<\/a>&nbsp;ou&nbsp;<a href=\"http:\/\/moodle.reikibr.org\/projetoluz\/index.php\/projeto-luz\/a-cerimonia-de-iniciacao\/\" target=\"_blank\" rel=\"noreferrer noopener\" aria-label=\"esse texto. (abre numa nova aba)\">esse texto.<\/a> N\u00e3o recomendamos que tente praticar as t\u00e9cnicas Reiki sem ser iniciado.<\/p>\n\n\n\n<p><strong>Suporte t\u00e9cnico<\/strong><\/p>\n\n\n\n<p>Amado buscador: o grupo ReikiBr \u00e9 uma organiza\u00e7\u00e3o sem fins lucrativos. Por esse motivo, n\u00e3o contamos com pessoas dedicadas a oferecer suporte nas quest\u00f5es de inform\u00e1tica. Caso tenha dificuldades nessa \u00e1rea, sugerimos que solicite aux\u00edlio \u00e0 uma pessoa que possua mais facilidade. Por outro lado, poder\u00e1 contar tamb\u00e9m com os<a href=\"http:\/\/moodle.reikibr.org\/projetoluz\/index.php\/tutoriais\/\"> tutoriais em v\u00eddeo<\/a>, para facilitar o seu entendimento.<\/p>\n\n\n\n<p><strong>Extravio de senha ou nome de usu\u00e1rio:<\/strong><\/p>\n\n\n\n<p>Verifique <a href=\"http:\/\/moodle.reikibr.org\/projetoluz\/index.php\/projeto-luz\/o-modulo-de-cursos\/\" target=\"_blank\" rel=\"noreferrer noopener\" aria-label=\"essa p\u00e1gina. (abre numa nova aba)\">essa p\u00e1gina.<\/a> Anote imediatamente o nome de usu\u00e1rio, e-mail e senha cadastrada, em local seguro, pois ela ser\u00e1 garantir\u00e1 seu acesso para todas as turmas, at\u00e9 o n\u00edvel 3B. A perda desses dados implica no rebaixamento ao n\u00edvel anterior, a partir do dois, e a perda do cadastro, se estiver no n\u00edvel 1.<\/p>\n\n\n\n<p><strong>Como se preparar para o n\u00edvel 1<\/strong><\/p>\n\n\n\n<p>Estude atentamente as seguintes p\u00e1ginas:<\/p>\n\n\n\n<p>Calend\u00e1rio: <a rel=\"noreferrer noopener\" href=\"http:\/\/moodle.reikibr.org\/projetoluz\/index.php\/projeto-luz\/calendario-de-cursos\/\" target=\"_blank\">http:\/\/moodle.reikibr.org\/projetoluz\/index.php\/projeto-luz\/calendario-de-cursos\/<\/a><\/p>\n\n\n\n<p>Tutoriais: <a rel=\"noreferrer noopener\" href=\"http:\/\/moodle.reikibr.org\/projetoluz\/index.php\/tutoriais\/\" target=\"_blank\">http:\/\/moodle.reikibr.org\/projetoluz\/index.php\/tutoriais\/<\/a><\/p>\n\n\n\n<p><strong>Como fazer a inscri\u00e7\u00e3o para o n\u00edvel I?<\/strong><\/p>\n\n\n\n<ol class=\"wp-block-list\">\n<li>Primeiro, fa\u00e7a a seu cadastro no&nbsp;<a rel=\"noreferrer noopener\" href=\"http:\/\/moodle.reikibr.org\/projetoluz\/index.php\/projeto-luz\/o-modulo-de-cursos\/\" target=\"_blank\">m\u00f3dulo de cursos<\/a>&nbsp; e no&nbsp;<a rel=\"noreferrer noopener\" href=\"https:\/\/www.facebook.com\/groups\/projetoluzreikibr\/\" target=\"_blank\">f\u00f3rum do Projeto Luz<\/a>, onde postamos os avisos sobre a abertura das turmas, conforme o&nbsp;<a rel=\"noopener noreferrer\" href=\"http:\/\/moodle.reikibr.org\/projetoluz\/index.php\/projeto-luz\/calendario-de-cursos\/\" target=\"_blank\">calend\u00e1rio<\/a>;&nbsp;&nbsp;<\/li>\n\n\n\n<li>Aguarde o in\u00edcio do seu curso e use o endere\u00e7o e chave de acesso <strong>Reiki-ProjetoLuz-Shoden<\/strong> (copie ou digite sem espa\u00e7os) para fazer a inscri\u00e7\u00e3o;<\/li>\n\n\n\n<li>Fa\u00e7a o teste referente ao conte\u00fado das apostilas e <strong>obtenha 70%<\/strong> de acertos, para ser aprovado e receber a inicia\u00e7\u00e3o no dia 15 do m\u00eas subsequente ao da inscri\u00e7\u00e3o. S\u00e3o concedidas tr\u00eas tentativas para obter o n\u00famero de acertos necess\u00e1rios, em intervalos m\u00ednimos de 24h.&nbsp;<\/li>\n<\/ol>\n\n\n\n<p><strong>Como acessar os demais n\u00edveis (II, III-A e III-B)? <\/strong><\/p>\n\n\n\n<p>\u00c9 necess\u00e1rio iniciar pelo n\u00edvel I, mesmo que j\u00e1 tenha realizado as inicia\u00e7\u00f5es com outro mestre. <a rel=\"noreferrer noopener\" aria-label=\"Clique aqui (opens in a new tab)\" href=\"http:\/\/moodle.reikibr.org\/projetoluz\/index.php\/por-que-refazer-as-iniciacoes\/\" target=\"_blank\">Clique aqui<\/a> e saiba os motivos. A chave de acesso est\u00e1 na sua turma enviada para a sua caixa de mensagens no moodle, quando da abertura das turmas do n\u00edvel II em diante, bem como constar\u00e1 em mensagem no f\u00f3rum da sua turma de n\u00edvel imediatamente inferior ao pretendido (para a de n\u00edvel 1, caso pretenda fazer o 2, por exemplo).<\/p>\n\n\n\n<p><strong>Como saber se foi aprovado e como proceder na cerim\u00f4nia?<\/strong><\/p>\n\n\n\n<p>Entre os dias 02 e 10 de cada m\u00eas ser\u00e1 postada no <a rel=\"noreferrer noopener\" href=\"https:\/\/www.facebook.com\/groups\/projetoluzreikibr\/\" target=\"_blank\">f\u00f3rum do Projeto Luz<\/a>&nbsp;a lista de nomes confirmadas, aprovados para serem iniciados, bem como mensagem dando conta de como proceder durante a cerim\u00f4nia de inicia\u00e7\u00e3o. Por favor, acompanhe atentamente as mensagens de nosso grupo.<\/p>\n\n\n\n<p><strong>Como encaminho as d\u00favidas?<\/strong>&nbsp;<\/p>\n\n\n\n<p>As d\u00favidas te\u00f3ricas e pr\u00e1ticas quanto ao Reiki ser\u00e3o esclarecidas <strong>somente<\/strong> pelo <a rel=\"noreferrer noopener\" href=\"https:\/\/www.facebook.com\/groups\/projetoluzreikibr\/\" target=\"_blank\">F\u00f3rum do Projeto Luz<\/a>,&nbsp;&nbsp;tendo em vista o aprendizado coletivo. Al\u00e9m disso, o consulente recebe resposta de v\u00e1rias pessoas, n\u00e3o se restringindo apenas a uma linha de pensamento. <strong>Leia sempre as postagens marcadas como aviso, nesse f\u00f3rum. <\/strong>Caso deseje, <a rel=\"noreferrer noopener\" aria-label=\"siga as postagens do nosso blog (opens in a new tab)\" href=\"http:\/\/moodle.reikibr.org\/projetoluz\/index.php\/projeto-luz\/blog-do-projeto-luz\/\" target=\"_blank\">siga as postagens do nosso blog.<\/a> <\/p>\n\n\n\n<p><strong>O que \u00e9 necess\u00e1rio para fazer a inicia\u00e7\u00e3o em Karuna Ki?<\/strong>&nbsp;<\/p>\n\n\n\n<p>O Karuna Ki \u00e9 um sistema distinto de cura (maiores informa\u00e7\u00f5es na apostila), e \u00e9 oferecido exclusivamente aos que fizeram os n\u00edveis I, II e III-A do Reiki Usui pelo <strong>Projeto Luz<\/strong>. Em uma \u00fanica inicia\u00e7\u00e3o, os aprovados s\u00e3o sintonizados nos n\u00edveis I, II e III-A desse sistema. A senha de acesso \u00e9 enviada pelo f\u00f3rum da turma de n\u00edvel 3A, quando for aberta a turma. Deve-se atentar para os avisos no grupo.<\/p>\n\n\n\n<p><strong>E o mestrado (III-B) quando pode ser solicitado?<\/strong> <br \/>O Mestre Instrutor \u00e9 uma pessoa incumbida de especial responsabilidade dentro do Sistema Reiki que praticamos. \u00c9 ele quem difunde o conhecimento, servindo como &#8220;farol de luz&#8221; aos novos praticantes. \u00c9 necess\u00e1rio muito estudo e dedica\u00e7\u00e3o para atingir este n\u00edvel. Oferecemos a possibilidade de ser iniciado mestre a todos que participarem ativamente do f\u00f3rum do&nbsp;<a rel=\"noreferrer noopener\" href=\"https:\/\/www.facebook.com\/groups\/projetoluzreikibr\/\" target=\"_blank\">Projeto Luz<\/a> e aceitarem as condi\u00e7\u00f5es abaixo:<\/p>\n\n\n\n<p><br \/>1-&nbsp; Que todos os n\u00edveis do Reiki Usui, mais o Karuna Ki, tenham sido feitos pelo Projeto Luz;<\/p>\n\n\n\n<p>2 &#8211; Ter dezoito anos;<\/p>\n\n\n\n<p>3 &#8211; M\u00ednimo de cinco meses entre o Karuna Ki e o n\u00edvel III-B;<\/p>\n\n\n\n<p>4 &#8211; Manter em car\u00e1ter restrito o material que receber\u00e1 no curso;<\/p>\n\n\n\n<p>5 &#8211; A ci\u00eancia e concord\u00e2ncia do peticion\u00e1rio, quanto ao <a href=\"http:\/\/moodle.reikibr.org\/projetoluz\/index.php\/codigo-de-etica\/\" target=\"_blank\" rel=\"noopener noreferrer\">C\u00f3digo de \u00c9tica do grupo.<\/a><\/p>\n\n\n\n<p><strong>Quantas vagas existem mensalmente?<\/strong><\/p>\n\n\n\n<p>N\u00e3o h\u00e1 limites de vagas, reservando-se ao Projeto Luz, o direito de cancelar turmas, caso haja algum problema no seu <a href=\"http:\/\/moodle.reikibr.org\/projetoluz\/index.php\/projeto-luz\/o-modulo-de-cursos\/\" target=\"_blank\" rel=\"noopener noreferrer\">m\u00f3dulo de cursos<\/a> ou por motivo de for\u00e7a maior.<\/p>\n\n\n\n<p><strong>H\u00e1 certificado de conclus\u00e3o?<\/strong><\/p>\n\n\n\n<p>Sim, ap\u00f3s a inicia\u00e7\u00e3o, o certificado pode ser emitido eletronicamente pelo m\u00f3dulo de cursos, e possui uma chave de controle exclusiva.<\/p>\n\n\n\n<p><strong>Compromisso com o projeto<\/strong><\/p>\n\n\n\n<p>N\u00e3o haver\u00e1 nenhum v\u00ednculo obrigat\u00f3rio entre os mestres do projeto e os iniciados. Contudo<strong>, <\/strong>ao solicitar a sua inscri\u00e7\u00e3o em qualquer n\u00edvel, declara que est\u00e1 ciente do <a href=\"http:\/\/moodle.reikibr.org\/projetoluz\/index.php\/codigo-de-etica\/\">C\u00f3digo de \u00c9tica do grupo.<\/a><\/p>\n\n\n\n<p><strong>Penalidades<\/strong><\/p>\n\n\n\n<p>Criar perfis duplicados no moodle com o intuito de realizar a prova diversas vezes, ou compartilhar a senha de acesso \u00e0s turmas, ser\u00e1 penalizado com a exclus\u00e3o imediata do candidato.<\/p>\n\n\n\n<p>&nbsp;<\/p>\n\n\n<div class=\"wp-block-image\">\n<figure class=\"aligncenter is-resized\"><img loading=\"lazy\" decoding=\"async\" width=\"320\" height=\"320\" src=\"http:\/\/moodle.reikibr.org\/projetoluz\/wp-content\/uploads\/2019\/04\/heart-chakra.jpg\" alt=\"\" class=\"wp-image-18\" style=\"width:175px;height:175px\" srcset=\"http:\/\/moodle.reikibr.org\/projetoluz\/wp-content\/uploads\/2019\/04\/heart-chakra.jpg 320w, http:\/\/moodle.reikibr.org\/projetoluz\/wp-content\/uploads\/2019\/04\/heart-chakra-150x150.jpg 150w, http:\/\/moodle.reikibr.org\/projetoluz\/wp-content\/uploads\/2019\/04\/heart-chakra-300x300.jpg 300w\" sizes=\"auto, (max-width: 320px) 100vw, 320px\" \/><\/figure><\/div>","protected":false},"excerpt":{"rendered":"<p>23 anos de servi\u00e7os prestados \u00e0 egr\u00e9gora Reiki Abra aqui um fluxograma, para melhor entendimento da estrutura do Projeto Luz&nbsp;Calend\u00e1rio do curso &#8211;&nbsp;Leia com aten\u00e7\u00e3o! Veja aqui a p\u00e1gina F.A.Q. &#8211; perguntas mais frequentes O &nbsp;Projeto Luz O que \u00e9 Reiki? Resumidamente, podemos dizer que a Reiki \u00e9 uma t\u00e9cnica curativa milenar, aplicada atrav\u00e9s da [&hellip;]<\/p>\n","protected":false},"author":1,"featured_media":0,"parent":0,"menu_order":0,"comment_status":"closed","ping_status":"closed","template":"","meta":{"jetpack_post_was_ever_published":false,"footnotes":""},"class_list":["post-17","page","type-page","status-publish","hentry"],"jetpack_sharing_enabled":true,"jetpack_shortlink":"https:\/\/wp.me\/PaUIHY-h","_links":{"self":[{"href":"http:\/\/moodle.reikibr.org\/projetoluz\/index.php\/wp-json\/wp\/v2\/pages\/17","targetHints":{"allow":["GET"]}}],"collection":[{"href":"http:\/\/moodle.reikibr.org\/projetoluz\/index.php\/wp-json\/wp\/v2\/pages"}],"about":[{"href":"http:\/\/moodle.reikibr.org\/projetoluz\/index.php\/wp-json\/wp\/v2\/types\/page"}],"author":[{"embeddable":true,"href":"http:\/\/moodle.reikibr.org\/projetoluz\/index.php\/wp-json\/wp\/v2\/users\/1"}],"replies":[{"embeddable":true,"href":"http:\/\/moodle.reikibr.org\/projetoluz\/index.php\/wp-json\/wp\/v2\/comments?post=17"}],"version-history":[{"count":23,"href":"http:\/\/moodle.reikibr.org\/projetoluz\/index.php\/wp-json\/wp\/v2\/pages\/17\/revisions"}],"predecessor-version":[{"id":592,"href":"http:\/\/moodle.reikibr.org\/projetoluz\/index.php\/wp-json\/wp\/v2\/pages\/17\/revisions\/592"}],"wp:attachment":[{"href":"http:\/\/moodle.reikibr.org\/projetoluz\/index.php\/wp-json\/wp\/v2\/media?parent=17"}],"curies":[{"name":"wp","href":"https:\/\/api.w.org\/{rel}","templated":true}]}}