{"id":153,"date":"2019-04-20T19:47:46","date_gmt":"2019-04-20T22:47:46","guid":{"rendered":"http:\/\/moodle.reikibr.org\/projetoluz\/?page_id=153"},"modified":"2019-04-20T19:49:20","modified_gmt":"2019-04-20T22:49:20","slug":"perda-de-senha","status":"publish","type":"page","link":"http:\/\/moodle.reikibr.org\/projetoluz\/index.php\/projeto-luz\/perda-de-senha\/","title":{"rendered":"Perda de senha &#8211; moodle"},"content":{"rendered":"\n<p style=\"text-align:center\"><strong>Senha, nome de usu\u00e1rio e e-mail &#8211; recupera\u00e7\u00e3o de dados de acesso<\/strong><\/p>\n\n\n\n<p><br>Para recuperar a senha ou nome de usu\u00e1rio acesso acesse <a rel=\"noreferrer noopener\" href=\"https:\/\/moodle.reikibr.org\/moodle\/login\/forgot_password.php\" target=\"_blank\">essa p\u00e1gina<\/a> preenchendo apenas um dos campos requeridos (nome de usu\u00e1rio ou e-mail cadastrado).  &nbsp;Voc\u00ea receber\u00e1 um e-mail contendo um link para a troca de senha.  Reiteramos o pedido de que ela seja anotada em local seguro, junto com o  nome de usu\u00e1rio e e-mail cadastrado.Quem  requisitar altera\u00e7\u00e3o de dados de acesso ao moodle, por esquecimento ou  por ter perdido o email cadastrado, ser\u00e1 atendido, mas penalizado com o  rebaixamento de acesso ao n\u00edvel imediatamente inferior ao que se  encontra. Por ex.: quem estiver no n\u00edvel 3A ter\u00e1 o acesso limitado ao  n\u00edvel 2, e assim consecutivamente.&nbsp;J\u00e1  s\u00e3o mais de dezesseis mil cadastrados, motivo pelo qual cada um dever\u00e1  ter responsabilidade pelo seu acesso. Portanto: anote email, senha e  nome de usu\u00e1rio em local seguro. Eles ir\u00e3o te acompanhar por toda essa  jornada. <\/p>\n\n\n\n<figure class=\"wp-block-embed-youtube wp-block-embed is-type-video is-provider-youtube wp-embed-aspect-16-9 wp-has-aspect-ratio\"><div class=\"wp-block-embed__wrapper\">\n<div class=\"jetpack-video-wrapper\"><span class=\"embed-youtube\" style=\"text-align:center; display: block;\"><iframe loading=\"lazy\" class=\"youtube-player\" width=\"820\" height=\"462\" src=\"https:\/\/www.youtube.com\/embed\/u8GkL4Aco9s?version=3&#038;rel=1&#038;showsearch=0&#038;showinfo=1&#038;iv_load_policy=1&#038;fs=1&#038;hl=pt-BR&#038;autohide=2&#038;wmode=transparent\" allowfullscreen=\"true\" style=\"border:0;\" sandbox=\"allow-scripts allow-same-origin allow-popups allow-presentation allow-popups-to-escape-sandbox\"><\/iframe><\/span><\/div>\n<\/div><\/figure>\n","protected":false},"excerpt":{"rendered":"<p>Senha, nome de usu\u00e1rio e e-mail &#8211; recupera\u00e7\u00e3o de dados de acesso Para recuperar a senha ou nome de usu\u00e1rio acesso acesse essa p\u00e1gina preenchendo apenas um dos campos requeridos (nome de usu\u00e1rio ou e-mail cadastrado). &nbsp;Voc\u00ea receber\u00e1 um e-mail contendo um link para a troca de senha. Reiteramos o pedido de que ela seja [&hellip;]<\/p>\n","protected":false},"author":1,"featured_media":0,"parent":17,"menu_order":0,"comment_status":"closed","ping_status":"closed","template":"","meta":{"jetpack_post_was_ever_published":false,"footnotes":""},"class_list":["post-153","page","type-page","status-publish","hentry"],"jetpack_sharing_enabled":true,"jetpack_shortlink":"https:\/\/wp.me\/PaUIHY-2t","_links":{"self":[{"href":"http:\/\/moodle.reikibr.org\/projetoluz\/index.php\/wp-json\/wp\/v2\/pages\/153","targetHints":{"allow":["GET"]}}],"collection":[{"href":"http:\/\/moodle.reikibr.org\/projetoluz\/index.php\/wp-json\/wp\/v2\/pages"}],"about":[{"href":"http:\/\/moodle.reikibr.org\/projetoluz\/index.php\/wp-json\/wp\/v2\/types\/page"}],"author":[{"embeddable":true,"href":"http:\/\/moodle.reikibr.org\/projetoluz\/index.php\/wp-json\/wp\/v2\/users\/1"}],"replies":[{"embeddable":true,"href":"http:\/\/moodle.reikibr.org\/projetoluz\/index.php\/wp-json\/wp\/v2\/comments?post=153"}],"version-history":[{"count":2,"href":"http:\/\/moodle.reikibr.org\/projetoluz\/index.php\/wp-json\/wp\/v2\/pages\/153\/revisions"}],"predecessor-version":[{"id":155,"href":"http:\/\/moodle.reikibr.org\/projetoluz\/index.php\/wp-json\/wp\/v2\/pages\/153\/revisions\/155"}],"up":[{"embeddable":true,"href":"http:\/\/moodle.reikibr.org\/projetoluz\/index.php\/wp-json\/wp\/v2\/pages\/17"}],"wp:attachment":[{"href":"http:\/\/moodle.reikibr.org\/projetoluz\/index.php\/wp-json\/wp\/v2\/media?parent=153"}],"curies":[{"name":"wp","href":"https:\/\/api.w.org\/{rel}","templated":true}]}}