{"id":15,"date":"2019-04-20T00:02:05","date_gmt":"2019-04-20T03:02:05","guid":{"rendered":"http:\/\/moodle.reikibr.org\/projetoluz\/?page_id=15"},"modified":"2019-04-20T00:02:05","modified_gmt":"2019-04-20T03:02:05","slug":"codigo-de-etica","status":"publish","type":"page","link":"http:\/\/moodle.reikibr.org\/projetoluz\/index.php\/codigo-de-etica\/","title":{"rendered":"C\u00f3digo de \u00c9tica"},"content":{"rendered":"\n<p><strong>C\u00f3digo de \u00c9tica &#8211; ReikiBr<\/strong><\/p>\n\n\n\n<ul class=\"wp-block-list\"><li>Acreditamos que a energia Reiki n\u00e3o pertence a nenhum mestre ou terapeuta &#8211; ela \u00e9 divina. Portanto, o trabalho com ela n\u00e3o deve ser condicionado ao lucro;<\/li><\/ul>\n\n\n\n<ul class=\"wp-block-list\"><li>Cremos que a caridade deve brotar nos cora\u00e7\u00f5es, n\u00e3o por imposi\u00e7\u00e3o, mas\nsim como fruto da evolu\u00e7\u00e3o de cada um;<\/li><\/ul>\n\n\n\n<ul class=\"wp-block-list\"><li>Incentivamos o trabalho feito com amor, dedica\u00e7\u00e3o e zelo, independente\ndas trocas realizadas, sejam elas financeiras ou apenas de energia;<\/li><\/ul>\n\n\n\n<ul class=\"wp-block-list\"><li>Sugerimos a reserva de vagas em tratamentos e cursos para todos aqueles\nque momentaneamente n\u00e3o possam arcar com despesas financeiras, mas demonstram\nimensa vontade em curarem-se e serem canais de luz;<\/li><\/ul>\n\n\n\n<ul class=\"wp-block-list\"><li>Cremos que a evolu\u00e7\u00e3o \u00e9 imposs\u00edvel sem a responsabilidade, e que,\nperante o Deus interior de cada um, assume-se aqui um grande compromisso com o\nUniverso, fazendo bom uso das inicia\u00e7\u00f5es que receber, em prol da coletividade,\ncomo express\u00e3o da pura caridade.&nbsp;<\/li><\/ul>\n","protected":false},"excerpt":{"rendered":"<p>C\u00f3digo de \u00c9tica &#8211; ReikiBr Acreditamos que a energia Reiki n\u00e3o pertence a nenhum mestre ou terapeuta &#8211; ela \u00e9 divina. Portanto, o trabalho com ela n\u00e3o deve ser condicionado ao lucro; Cremos que a caridade deve brotar nos cora\u00e7\u00f5es, n\u00e3o por imposi\u00e7\u00e3o, mas sim como fruto da evolu\u00e7\u00e3o de cada um; Incentivamos o trabalho [&hellip;]<\/p>\n","protected":false},"author":1,"featured_media":0,"parent":0,"menu_order":0,"comment_status":"closed","ping_status":"closed","template":"","meta":{"jetpack_post_was_ever_published":false,"footnotes":""},"class_list":["post-15","page","type-page","status-publish","hentry"],"jetpack_sharing_enabled":true,"jetpack_shortlink":"https:\/\/wp.me\/PaUIHY-f","_links":{"self":[{"href":"http:\/\/moodle.reikibr.org\/projetoluz\/index.php\/wp-json\/wp\/v2\/pages\/15","targetHints":{"allow":["GET"]}}],"collection":[{"href":"http:\/\/moodle.reikibr.org\/projetoluz\/index.php\/wp-json\/wp\/v2\/pages"}],"about":[{"href":"http:\/\/moodle.reikibr.org\/projetoluz\/index.php\/wp-json\/wp\/v2\/types\/page"}],"author":[{"embeddable":true,"href":"http:\/\/moodle.reikibr.org\/projetoluz\/index.php\/wp-json\/wp\/v2\/users\/1"}],"replies":[{"embeddable":true,"href":"http:\/\/moodle.reikibr.org\/projetoluz\/index.php\/wp-json\/wp\/v2\/comments?post=15"}],"version-history":[{"count":2,"href":"http:\/\/moodle.reikibr.org\/projetoluz\/index.php\/wp-json\/wp\/v2\/pages\/15\/revisions"}],"predecessor-version":[{"id":588,"href":"http:\/\/moodle.reikibr.org\/projetoluz\/index.php\/wp-json\/wp\/v2\/pages\/15\/revisions\/588"}],"wp:attachment":[{"href":"http:\/\/moodle.reikibr.org\/projetoluz\/index.php\/wp-json\/wp\/v2\/media?parent=15"}],"curies":[{"name":"wp","href":"https:\/\/api.w.org\/{rel}","templated":true}]}}