{"id":13,"date":"2019-04-20T00:00:26","date_gmt":"2019-04-20T03:00:26","guid":{"rendered":"http:\/\/moodle.reikibr.org\/projetoluz\/?page_id=13"},"modified":"2025-05-16T22:27:20","modified_gmt":"2025-05-17T01:27:20","slug":"f-a-q-perguntas-frequentes","status":"publish","type":"page","link":"http:\/\/moodle.reikibr.org\/projetoluz\/index.php\/f-a-q-perguntas-frequentes\/","title":{"rendered":"F.A.Q. \u2013 Perguntas Frequentes"},"content":{"rendered":"\n<h3 class=\"wp-block-heading\">1. Como fa\u00e7o para me inscrever no N\u00edvel 1? O site est\u00e1 pedindo uma senha que n\u00e3o recebi.<\/h3>\n\n\n\n<p>A senha de acesso est\u00e1 dispon\u00edvel na p\u00e1gina principal do Projeto Luz. Recomendamos que leia atentamente at\u00e9 o final e consulte tamb\u00e9m o <a href=\"https:\/\/moodle.reikibr.org\/projetoluz\/wp-content\/uploads\/2019\/04\/Fluxo-ReikiBr-N%C3%ADvel-1-1.png\" target=\"_blank\" rel=\"noreferrer noopener\">fluxograma<\/a> para entender todos os passos necess\u00e1rios.<\/p>\n\n\n\n<h3 class=\"wp-block-heading\">2. Quando ser\u00e3o abertas as turmas para os pr\u00f3ximos n\u00edveis?<\/h3>\n\n\n\n<p>O cronograma completo est\u00e1 detalhado no <a href=\"https:\/\/moodle.reikibr.org\/projetoluz\/index.php\/projeto-luz\/calendario-de-cursos\/\">Calend\u00e1rio de Cursos<\/a>.<\/p>\n\n\n\n<h3 class=\"wp-block-heading\">3. A inicia\u00e7\u00e3o \u00e9 realizada pelo computador ou celular?<\/h3>\n\n\n\n<p>N\u00e3o. A inicia\u00e7\u00e3o \u00e9 um processo energ\u00e9tico que ocorre \u00e0 dist\u00e2ncia, sem a necessidade de dispositivos eletr\u00f4nicos. Apenas os estudos e materiais s\u00e3o acessados online.<\/p>\n\n\n\n<h3 class=\"wp-block-heading\">4. \u00c9 fornecido certificado de conclus\u00e3o?<\/h3>\n\n\n\n<p>Sim. O certificado em formato PDF estar\u00e1 dispon\u00edvel para download no dia seguinte \u00e0 sua inicia\u00e7\u00e3o.<\/p>\n\n\n\n<h3 class=\"wp-block-heading\">5. Li que n\u00e3o existe inicia\u00e7\u00e3o \u00e0 dist\u00e2ncia e fiquei confuso. Isso procede?<\/h3>\n\n\n\n<p>Recomendamos a leitura deste <a href=\"https:\/\/moodle.reikibr.org\/projetoluz\/index.php\/projeto-luz\/a-validade-das-iniciacoes\/\" target=\"_blank\" rel=\"noreferrer noopener\">texto explicativo <\/a>para esclarecer suas d\u00favidas sobre a efic\u00e1cia e validade das inicia\u00e7\u00f5es \u00e0 dist\u00e2ncia.<\/p>\n\n\n\n<h3 class=\"wp-block-heading\">6. Receberei uma linhagem at\u00e9 o Mestre Usui?<\/h3>\n\n\n\n<p>Sim. A linhagem dos mestres do Projeto Luz est\u00e1 dispon\u00edvel neste <a href=\"https:\/\/moodle.reikibr.org\/projetoluz\/index.php\/projeto-luz\/corpo-de-mestres\/\" target=\"_blank\" rel=\"noreferrer noopener\">documento.<\/a><\/p>\n\n\n\n<h3 class=\"wp-block-heading\">7. Perdi minha senha de acesso. Como posso recuper\u00e1-la?<\/h3>\n\n\n\n<p>Acesse a <a href=\"https:\/\/moodle.reikibr.org\/projetoluz\/index.php\/projeto-luz\/perda-de-senha\/\" target=\"_blank\" rel=\"noreferrer noopener\">p\u00e1gina de recupera\u00e7\u00e3o de senha<\/a> e preencha apenas <strong>um<\/strong> dos campos solicitados (nome de usu\u00e1rio <strong>ou<\/strong> e-mail). N\u00e3o preencha ambos simultaneamente.<\/p>\n\n\n\n<h3 class=\"wp-block-heading\">8. Tenho d\u00favidas que n\u00e3o encontrei no site. Posso perguntar no Facebook dos mestres?<\/h3>\n\n\n\n<p>N\u00e3o. Para garantir que todos tenham acesso \u00e0s informa\u00e7\u00f5es e evitar sobrecarregar os administradores, utilize exclusivamente os f\u00f3runs do Projeto Luz para esclarecer suas d\u00favidas.<\/p>\n\n\n\n<p class=\"has-text-align-center\"><strong>Em caso de d\u00favidas ainda n\u00e3o esclarecidas por essa p\u00e1gina de F.A.Q., poste no f\u00f3rum do grupo no Facebook, WhatsApp ou Telegram.<\/strong><\/p>\n\n\n\n<p><\/p>\n","protected":false},"excerpt":{"rendered":"<p>1. Como fa\u00e7o para me inscrever no N\u00edvel 1? O site est\u00e1 pedindo uma senha que n\u00e3o recebi. A senha de acesso est\u00e1 dispon\u00edvel na p\u00e1gina principal do Projeto Luz. Recomendamos que leia atentamente at\u00e9 o final e consulte tamb\u00e9m o fluxograma para entender todos os passos necess\u00e1rios. 2. Quando ser\u00e3o abertas as turmas para [&hellip;]<\/p>\n","protected":false},"author":1,"featured_media":0,"parent":0,"menu_order":0,"comment_status":"closed","ping_status":"closed","template":"","meta":{"jetpack_post_was_ever_published":false,"footnotes":""},"class_list":["post-13","page","type-page","status-publish","hentry"],"jetpack_sharing_enabled":true,"jetpack_shortlink":"https:\/\/wp.me\/PaUIHY-d","_links":{"self":[{"href":"http:\/\/moodle.reikibr.org\/projetoluz\/index.php\/wp-json\/wp\/v2\/pages\/13","targetHints":{"allow":["GET"]}}],"collection":[{"href":"http:\/\/moodle.reikibr.org\/projetoluz\/index.php\/wp-json\/wp\/v2\/pages"}],"about":[{"href":"http:\/\/moodle.reikibr.org\/projetoluz\/index.php\/wp-json\/wp\/v2\/types\/page"}],"author":[{"embeddable":true,"href":"http:\/\/moodle.reikibr.org\/projetoluz\/index.php\/wp-json\/wp\/v2\/users\/1"}],"replies":[{"embeddable":true,"href":"http:\/\/moodle.reikibr.org\/projetoluz\/index.php\/wp-json\/wp\/v2\/comments?post=13"}],"version-history":[{"count":5,"href":"http:\/\/moodle.reikibr.org\/projetoluz\/index.php\/wp-json\/wp\/v2\/pages\/13\/revisions"}],"predecessor-version":[{"id":660,"href":"http:\/\/moodle.reikibr.org\/projetoluz\/index.php\/wp-json\/wp\/v2\/pages\/13\/revisions\/660"}],"wp:attachment":[{"href":"http:\/\/moodle.reikibr.org\/projetoluz\/index.php\/wp-json\/wp\/v2\/media?parent=13"}],"curies":[{"name":"wp","href":"https:\/\/api.w.org\/{rel}","templated":true}]}}