{"id":125,"date":"2019-04-20T19:16:34","date_gmt":"2019-04-20T22:16:34","guid":{"rendered":"http:\/\/moodle.reikibr.org\/projetoluz\/?page_id=125"},"modified":"2019-04-20T19:48:50","modified_gmt":"2019-04-20T22:48:50","slug":"a-grande-fraternidade-branca","status":"publish","type":"page","link":"http:\/\/moodle.reikibr.org\/projetoluz\/index.php\/projeto-luz\/a-grande-fraternidade-branca\/","title":{"rendered":"A Grande Fraternidade Branca"},"content":{"rendered":"\n<p><strong>O que \u00e9 a Fraternidade Branca<\/strong><\/p>\n\n\n\n<p>H\u00e1  muitas e muitas eras, esteve esta Terra prestes a ser condenada \u00e0  completa dissolu\u00e7\u00e3o devido \u00e0s trevas geradas pela humanidade. No intuito  de salv\u00e1-la, SANAT KUMARA, um Ser de muita luz, num gesto de  auto-sacrif\u00edcio, abandonou o seu lar e a companhia de sua amada alma  g\u00eamea V\u00eanus e aqui se estabeleceu dando in\u00edcio \u00e0 irradia\u00e7\u00e3o do Esp\u00edrito  da GRANDE FRATERNIDADE&nbsp;BRANCA. Os Iniciados o chamavam Senhor do Mundo  ou Anci\u00e3o dos Dias.<\/p>\n\n\n\n<p>Ap\u00f3s fixar sua \nresid\u00eancia em Shamballa, o Bem-Amado Sanat Kumara concebeu a id\u00e9ia de \numa Fraternidade, composta de seres que sairiam da pr\u00f3pria evolu\u00e7\u00e3o \nterrestre para instalar cada vez mais fundo a Trindade Sagrada que flu\u00eda\n da sua pr\u00f3pria aura e daria condi\u00e7\u00e3o de tranq\u00fcilamente retornar ao seu \nplaneta de origem, sabendo que o trabalho da Luz continuaria a \ndesenvolver-se na Terra.<\/p>\n\n\n\n<p>A institui\u00e7\u00e3o de uma Fraternidade era \nnecess\u00e1ria, para estabelecer uma comunidade consciente entre as esferas \ndos Mestres Ascensionados e a consci\u00eancia externa da humanidade. A ordem\n foi estabelecida pela aspira\u00e7\u00e3o de alcan\u00e7ar a mente de alguns que ainda\n possu\u00edssem um pouco da recorda\u00e7\u00e3o de sua verdadeira consci\u00eancia para \nexecutarem o Plano Divino e conviver em \u00edntima rela\u00e7\u00e3o: Os Mestres, os \nAnjos e os Elementais.<\/p>\n\n\n\n<p>Muitos s\u00e9culos se passaram at\u00e9 que Ele \nconseguiu encontrar duas emana\u00e7\u00f5es de vida que concordaram em participar\n da Fraternidade. Uma delas foi o pr\u00f3prio LORD GAUTAMA, O BUDA, hoje \nSenhor do Mundo; o outro Ser \u00e9 hoje o CRISTO C\u00d3SMICO ou INSTRUTOR DO \nMUNDO, Lord Maitreya, atualmente com o nome de LORD DIVINO.<\/p>\n\n\n\n<p>Esta \nFraternidade cresceu no decorrer dos tempos; todos os cargos foram \npreenchidos por seres da Terra j\u00e1 evolu\u00eddos ou por alguns outros que, \nespontaneamente, resolveram ficar no planeta, a fim de cooperarem para o\n seu desenvolvimento.<\/p>\n\n\n\n<p>\u00c9 uma ordem espiritual representada por \nmestres orientais (santos ocidentais) que colaboram das oitavas de luz &#8211;\n dimens\u00f5es superiores &#8211; com disc\u00edpulos (estudantes) e adeptos \n(iniciados) que utilizam a Terra como sala de estudos.<\/p>\n\n\n\n<p>A \ndenomina\u00e7\u00e3o &#8220;branca&#8221; refere-se n\u00e3o a ra\u00e7a, mas \u00e0 aura (halo) de Luz \nbranca que os envolve. Branca, representa, limpidez, clareza, \nsinceridade, servi\u00e7o desinteressado.<\/p>\n\n\n\n<p>Fraternidade quer dizer \nparentesco entre irm\u00e3os; uni\u00e3o fraternal; conviv\u00eancia como de irm\u00e3os de \nsangue; amor ao pr\u00f3ximo; harmonia e camaradagem, conforme etimologia do \ndicion\u00e1rio, para a Fraternidade Branca poderemos acrescentar as palavras\n colabora\u00e7\u00e3o, caridade, amor, compreens\u00e3o, amizade e sinceridade.<\/p>\n\n\n\n<p>A\n hist\u00f3ria de todas as grandes religi\u00f5es demonstra a presen\u00e7a de seres \nsuperiores, t\u00e3o cheios de vida Divina que repetidamente t\u00eam sido \nconsiderados aut\u00eanticos representantes do pr\u00f3prio Deus.<\/p>\n\n\n\n<p>Os \nhindu\u00edstas t\u00eam grandes avatares ou encarna\u00e7\u00f5es divinas como Krishna, \nBuda. Todo crist\u00e3o conhece a seriedade de profetas de sua religi\u00e3o que \nrepresentam a figura de Cristo, seu Instrutor Supremo, que foi homem e \u00e9\n Deus.<\/p>\n\n\n\n<p>Esses Excelsos Seres n\u00e3o s\u00f3 se interessam pelo despertar \nda natureza espiritual dos homens, como por tudo que contribua para o \nbem-estar desse homem na Terra.<br><\/p>\n\n\n\n<figure class=\"wp-block-image\"><img loading=\"lazy\" decoding=\"async\" width=\"600\" height=\"600\" src=\"http:\/\/moodle.reikibr.org\/projetoluz\/wp-content\/uploads\/2019\/04\/gfb.jpg\" alt=\"\" class=\"wp-image-127\" srcset=\"http:\/\/moodle.reikibr.org\/projetoluz\/wp-content\/uploads\/2019\/04\/gfb.jpg 600w, http:\/\/moodle.reikibr.org\/projetoluz\/wp-content\/uploads\/2019\/04\/gfb-150x150.jpg 150w, http:\/\/moodle.reikibr.org\/projetoluz\/wp-content\/uploads\/2019\/04\/gfb-300x300.jpg 300w\" sizes=\"auto, (max-width: 600px) 100vw, 600px\" \/><\/figure>\n","protected":false},"excerpt":{"rendered":"<p>O que \u00e9 a Fraternidade Branca H\u00e1 muitas e muitas eras, esteve esta Terra prestes a ser condenada \u00e0 completa dissolu\u00e7\u00e3o devido \u00e0s trevas geradas pela humanidade. No intuito de salv\u00e1-la, SANAT KUMARA, um Ser de muita luz, num gesto de auto-sacrif\u00edcio, abandonou o seu lar e a companhia de sua amada alma g\u00eamea V\u00eanus [&hellip;]<\/p>\n","protected":false},"author":1,"featured_media":0,"parent":17,"menu_order":0,"comment_status":"closed","ping_status":"closed","template":"","meta":{"jetpack_post_was_ever_published":false,"footnotes":""},"class_list":["post-125","page","type-page","status-publish","hentry"],"jetpack_sharing_enabled":true,"jetpack_shortlink":"https:\/\/wp.me\/PaUIHY-21","_links":{"self":[{"href":"http:\/\/moodle.reikibr.org\/projetoluz\/index.php\/wp-json\/wp\/v2\/pages\/125","targetHints":{"allow":["GET"]}}],"collection":[{"href":"http:\/\/moodle.reikibr.org\/projetoluz\/index.php\/wp-json\/wp\/v2\/pages"}],"about":[{"href":"http:\/\/moodle.reikibr.org\/projetoluz\/index.php\/wp-json\/wp\/v2\/types\/page"}],"author":[{"embeddable":true,"href":"http:\/\/moodle.reikibr.org\/projetoluz\/index.php\/wp-json\/wp\/v2\/users\/1"}],"replies":[{"embeddable":true,"href":"http:\/\/moodle.reikibr.org\/projetoluz\/index.php\/wp-json\/wp\/v2\/comments?post=125"}],"version-history":[{"count":2,"href":"http:\/\/moodle.reikibr.org\/projetoluz\/index.php\/wp-json\/wp\/v2\/pages\/125\/revisions"}],"predecessor-version":[{"id":128,"href":"http:\/\/moodle.reikibr.org\/projetoluz\/index.php\/wp-json\/wp\/v2\/pages\/125\/revisions\/128"}],"up":[{"embeddable":true,"href":"http:\/\/moodle.reikibr.org\/projetoluz\/index.php\/wp-json\/wp\/v2\/pages\/17"}],"wp:attachment":[{"href":"http:\/\/moodle.reikibr.org\/projetoluz\/index.php\/wp-json\/wp\/v2\/media?parent=125"}],"curies":[{"name":"wp","href":"https:\/\/api.w.org\/{rel}","templated":true}]}}