{"id":123,"date":"2019-04-20T19:14:54","date_gmt":"2019-04-20T22:14:54","guid":{"rendered":"http:\/\/moodle.reikibr.org\/projetoluz\/?page_id=123"},"modified":"2019-04-20T19:17:35","modified_gmt":"2019-04-20T22:17:35","slug":"a-canalizacao","status":"publish","type":"page","link":"http:\/\/moodle.reikibr.org\/projetoluz\/index.php\/projeto-luz\/a-canalizacao\/","title":{"rendered":"A canaliza\u00e7\u00e3o"},"content":{"rendered":"\n<p>Como a energia Reiki \u00e9 canalizada?<\/p>\n\n\n\n<p>Nota: n\u00e3o h\u00e1 uma resposta definitiva sobre o tema. Se algu\u00e9m afirmar como verdade absoluta, desconfie&#8230;<\/p>\n\n\n\n<p>Resposta obtida atrav\u00e9s de medita\u00e7\u00e3o e intui\u00e7\u00e3o:<\/p>\n\n\n\n<p>Pelo chakra da coroa, entra a energia Rei, vinda das paragens celestiais, indo at\u00e9 o card\u00edaco, centro da compaix\u00e3o e doa\u00e7\u00e3o.&nbsp;<\/p>\n\n\n\n<p>Pelo chacra b\u00e1sico, absorvemos energia da m\u00e3e Terra.<\/p>\n\n\n\n<p>Atrav\u00e9s\n da respira\u00e7\u00e3o absorvemos a Ki, que \u00e9 levada at\u00e9 os pulm\u00f5es e, pela \ncorrente sangu\u00ednea, at\u00e9 o cora\u00e7\u00e3o. Nesse templo de amor a fus\u00e3o se d\u00e1, \npermitindo que a Rei fique compat\u00edvel com o plano terrestre &#8211; Reiki &#8211; \npermeando cada c\u00e9lula e canais de energia do terapeuta, que a irradia.&nbsp;<\/p>\n\n\n\n<p>A canaliza\u00e7\u00e3o poder\u00e1 ser realizada de v\u00e1rias formas, como ensinaremos no decorrer dos cursos.<\/p>\n","protected":false},"excerpt":{"rendered":"<p>Como a energia Reiki \u00e9 canalizada? Nota: n\u00e3o h\u00e1 uma resposta definitiva sobre o tema. Se algu\u00e9m afirmar como verdade absoluta, desconfie&#8230; Resposta obtida atrav\u00e9s de medita\u00e7\u00e3o e intui\u00e7\u00e3o: Pelo chakra da coroa, entra a energia Rei, vinda das paragens celestiais, indo at\u00e9 o card\u00edaco, centro da compaix\u00e3o e doa\u00e7\u00e3o.&nbsp; Pelo chacra b\u00e1sico, absorvemos energia [&hellip;]<\/p>\n","protected":false},"author":1,"featured_media":0,"parent":17,"menu_order":0,"comment_status":"closed","ping_status":"closed","template":"","meta":{"jetpack_post_was_ever_published":false,"footnotes":""},"class_list":["post-123","page","type-page","status-publish","hentry"],"jetpack_sharing_enabled":true,"jetpack_shortlink":"https:\/\/wp.me\/PaUIHY-1Z","_links":{"self":[{"href":"http:\/\/moodle.reikibr.org\/projetoluz\/index.php\/wp-json\/wp\/v2\/pages\/123","targetHints":{"allow":["GET"]}}],"collection":[{"href":"http:\/\/moodle.reikibr.org\/projetoluz\/index.php\/wp-json\/wp\/v2\/pages"}],"about":[{"href":"http:\/\/moodle.reikibr.org\/projetoluz\/index.php\/wp-json\/wp\/v2\/types\/page"}],"author":[{"embeddable":true,"href":"http:\/\/moodle.reikibr.org\/projetoluz\/index.php\/wp-json\/wp\/v2\/users\/1"}],"replies":[{"embeddable":true,"href":"http:\/\/moodle.reikibr.org\/projetoluz\/index.php\/wp-json\/wp\/v2\/comments?post=123"}],"version-history":[{"count":1,"href":"http:\/\/moodle.reikibr.org\/projetoluz\/index.php\/wp-json\/wp\/v2\/pages\/123\/revisions"}],"predecessor-version":[{"id":124,"href":"http:\/\/moodle.reikibr.org\/projetoluz\/index.php\/wp-json\/wp\/v2\/pages\/123\/revisions\/124"}],"up":[{"embeddable":true,"href":"http:\/\/moodle.reikibr.org\/projetoluz\/index.php\/wp-json\/wp\/v2\/pages\/17"}],"wp:attachment":[{"href":"http:\/\/moodle.reikibr.org\/projetoluz\/index.php\/wp-json\/wp\/v2\/media?parent=123"}],"curies":[{"name":"wp","href":"https:\/\/api.w.org\/{rel}","templated":true}]}}