{"id":121,"date":"2019-04-20T19:13:06","date_gmt":"2019-04-20T22:13:06","guid":{"rendered":"http:\/\/moodle.reikibr.org\/projetoluz\/?page_id=121"},"modified":"2019-05-19T23:20:34","modified_gmt":"2019-05-20T02:20:34","slug":"a-mensagem","status":"publish","type":"page","link":"http:\/\/moodle.reikibr.org\/projetoluz\/index.php\/projeto-luz\/a-mensagem\/","title":{"rendered":"A mensagem"},"content":{"rendered":"\n<p>Nota: Mensagem canalizada por Fabiola Silva Ramos, durante a sua inicia\u00e7\u00e3o ao mestrado, pelo Projeto Luz<\/p>\n\n\n\n<p><\/p>\n\n\n\n<h2 class=\"wp-block-heading\"><strong>Sobre as inicia\u00e7\u00f5es em Reiki, a fonte do amor universal<\/strong><\/h2>\n\n\n\n<p>&#8220;Todos\n trazemos em n\u00f3s as sementes que nos conduzir\u00e3o \u00e0 evolu\u00e7\u00e3o. Mas para que\n germinem \u00e9 necess\u00e1rio a luz e a nutri\u00e7\u00e3o necess\u00e1ria. A luz \u00e9 a \norienta\u00e7\u00e3o necess\u00e1ria para que se saiba em qual dire\u00e7\u00e3o seguir&#8230; as \nplantinhas, por exemplo, n\u00e3o sabem exatamente que devem crescer para \ncima, mas seguem a luz e saem-se muito bem. J\u00e1 a nutri\u00e7\u00e3o necess\u00e1ria \npara a nossa evolu\u00e7\u00e3o, prov\u00e9m do amor, isto vai garantir que o caminho \nseja promissor e que os desvios sejam amenizados.<\/p>\n\n\n\n<p>Todos aqui \npresentes somos respons\u00e1veis na contribui\u00e7\u00e3o desta luz que faz germinar,\n que orienta e guia. No entanto, mesmo as pessoas que recebem esta luz, \naceitam e agradecem, em algum momento, se fechar\u00e3o para ela. E n\u00e3o \njulgueis, pois n\u00e3o h\u00e1 nada de errado nisso. A natureza funciona assim, \nexatamente assim. Ap\u00f3s o dia vem a noite, escura&#8230; \u00e0s vezes se enxerga \nalgo com a ajuda da lua&#8230; mas em outros momentos a escurid\u00e3o se faz \ntotal. E percebei que belo: o sol n\u00e3o se p\u00f4r em momento algum&#8230; A Terra\n parece n\u00e3o querer que a luz penetre naquele local, prefere a escurid\u00e3o \nnaquele momento. Mas o sol n\u00e3o deixou de brilhar por isto. O sol n\u00e3o \nnega sua luz e o seu calor jamais&#8230; A Terra precisa girar e proteger da\n luz aquele lado que ficar\u00e1 na sombra, na escurid\u00e3o, no descanso, no \nadormecimento&#8230; e n\u00e3o h\u00e1 nada de errado nisto&#8230; e n\u00e3o haver\u00e1 desespero\n nem julgamento, pois o novo dia vir\u00e1&#8230; Essa certeza est\u00e1 impregnada em\n cada part\u00edcula na face da terra.<\/p>\n\n\n\n<p>E da mesma maneira ocorrer\u00e1 \nconvosco. Apenas algum tempo depois de contribuirdes com a luz \u00e0queles \nque a necessitem, da mesma maneira vir\u00e1 a escurid\u00e3o, a treva, a nega\u00e7\u00e3o \ndessa luz t\u00e3o boa&#8230; e vir\u00e1 o adormecimento&#8230; \u00c9 certo que a luz \nvoltar\u00e1, mas na mente do humano n\u00e3o existe a certeza disso. Ao \ncontr\u00e1rio, a mente do humano cultiva o medo, a d\u00favida, a ansiedade, a \nincerteza. A mente do humano possui grande for\u00e7a de destrui\u00e7\u00e3o, ao \npermanecer grandes per\u00edodos na treva. E \u00e9 por isto que sois o sol. E \u00e9 \npor esta raz\u00e3o que n\u00e3o podereis deixar de brilhar jamais.<\/p>\n\n\n\n<p>Estando\n nas trevas, o humano parece n\u00e3o ser capaz de perceber a luz que \ncontinua irradiando. E com isso, pode sentir-se incapaz de livrar-se das\n sombras sozinho. Muito tempo na escurid\u00e3o pode gerar grande \nenfraquecimento e at\u00e9 mesmo a morte de muitas import\u00e2ncias ali contida. \nNo entanto se ele for mantido aquecido pelo calor isto ajudar\u00e1 a manter \nmuito da vida ali existente. E este calor prov\u00e9m do amor. E vossa \ninicia\u00e7\u00e3o neste momento servir\u00e1 justamente para contribuir com a \nemana\u00e7\u00e3o desse amor. AMOR: LUZ E CALOR. ORIENTA\u00c7\u00c3O E MANUTEN\u00c7\u00c3O. E v\u00f3s \nn\u00e3o julgareis jamais, porque o sol n\u00e3o julga se a plantinha cresceu de \nmais ou de menos, se \u00e9 mais ou menos merecedora daquela luz ou daquele \ncalor. Da mesma maneira jamais negareis este calor ao pr\u00f3ximo (o \nsorriso, o abra\u00e7o, o &#8216;eu te compreendo&#8217;).<br>N\u00e3o\n duvideis de serdes capaz de manter toda esta constante irradia\u00e7\u00e3o. \nPerguntastes o que \u00e9 o Reiki e de que se trata. Pois a\u00ed est\u00e1. Fonte \nimediata da luz e do calor. Fonte inesgot\u00e1vel do amor.<\/p>\n\n\n\n<p>Repito:  haver\u00e1 dias em que tudo parecer\u00e1 estar nublado. Os fatores f\u00edsicos e  materiais estar\u00e3o gerando fortes tempestades, verdadeiros vendavais. Com  isso, quero vos dizer que os que vos cercam vos cuspir\u00e3o, vos  apedrejar\u00e3o. V\u00f3s tereis a impress\u00e3o de serdes atingidos \u201cmas que  injusti\u00e7a, justo comigo que tanto me esforcei em trazer luz e  aconchego?\u201d. Mas percebeis que do mesmo modo que da parte do sol n\u00e3o  h\u00e1 esfor\u00e7o para irradiar toda a sua luz e n\u00e3o espera nenhuma gratid\u00e3o em  troca, do mesmo modo dever\u00e1 se dar convosco. A energia apenas flui.  Incondicionalmente flui a todos e a todas. N\u00e3o existe a possibilidade de  n\u00e3o haverem merecedores. N\u00e3o existe jamais a possibilidade de que o  calor n\u00e3o emane do sol. O sol sabe das tempestades que ocorrem na terra,  mas n\u00e3o economiza em sua luz, nem t\u00e3o pouco, se preocupa em ser mais  intenso para compensar o aparente desequil\u00edbrio. Nem de mais nem de  menos. Apenas permanece ali, imperturb\u00e1vel, irredut\u00edvel, simplesmente  celestial. E da mesma maneira permanecereis v\u00f3s.<\/p>\n\n\n\n<p>N\u00e3o espereis por\n aplausos, por reconhecimento cont\u00ednuo, isto n\u00e3o ocorrer\u00e1. Foi-se o \ntempo em que se cultuava o sol. No entanto, sua import\u00e2ncia continua a \nser a mesma. Continueis a brilhar&#8230; pouco a pouco aprendereis a \ncontentar-se e aquietar vossa mente com a satisfa\u00e7\u00e3o e equil\u00edbrio de seu\n pr\u00f3prio brilho, de seu pr\u00f3prio calor, e teu ego te aquietar\u00e1s. Aqui \nestais assumindo tal compromisso.<\/p>\n\n\n\n<p>E tranquilizai-vos, pois em seu\n dia-a-dia, durante os momentos de trevas alheias n\u00e3o havereis de \noferecer a outra face para aquele que o agride. Simplesmente n\u00e3o vos \nmachucareis. Jamais. N\u00e3o haver\u00e1 danos. Pois n\u00e3o haver\u00e1 ofensa. A \nexternaliza\u00e7\u00e3o do sofrimento do outro n\u00e3o ser\u00e1 ofensa a v\u00f3s. Nem \ntampouco sentireis pena ou dor diante da situa\u00e7\u00e3o alheia. O sol n\u00e3o \njulga. O outro apenas est\u00e1 em sua fase de sombra. E tudo o que tendeis a\n dar \u00e9 amor. Porque a\u00ed, a vossa luz talvez n\u00e3o tenha como atravessar as \ngrossas nuvens, mas o vosso amor o manter\u00e1 aquecido e diminuir\u00e1 o medo \ndestrutivo da mente humana. E gra\u00e7as ao vosso empenho e determina\u00e7\u00e3o, o \nciclo do crescimento poder\u00e1 se concluir sem que tenha que recome\u00e7ar do \nzero, dispendendo energias desnecess\u00e1rias.<\/p>\n\n\n\n<p>V\u00f3s perguntais que  inicia\u00e7\u00e3o \u00e9 esta. Pois esta \u00e9 a resposta que tenho a vos dar. Trata-se  de uma ancoragem no amor. Uma liga\u00e7\u00e3o mais direta e mais pulsante,  inesgot\u00e1vel, transbordante, fonte vital e criativa (com poder de  cria\u00e7\u00e3o). N\u00e3o duvideis um s\u00f3 instante de vossa capacidade, pois sois  filhos da luz. Reativeis vossas mem\u00f3rias e resgateis vossos poderes pois  sois co-criadores deste vasto universo. Brilhar \u00e9 permitir expandir-se.  V\u00f3s sois parte do todo e, por isto mesmo, individualmente v\u00f3s n\u00e3o sois  nada, absolutamente nada. Por isso negar a luz significa apagar-se,  seria a \u00fanica maneira. N\u00e3o permitais tais apag\u00f5es. A luz deve ser  incessante.<\/p>\n\n\n\n<p>Essa inicia\u00e7\u00e3o \u00e9 a amplia\u00e7\u00e3o de vossos horizontes.  Significa a capacidade de uma percep\u00e7\u00e3o mais s\u00f3lida da amplitude e  vastid\u00e3o de que vos cerca e da qual fazem parte. Trata-se de um passo a  mais para reconhecer a celestialidade existente em v\u00f3s. Espera-se que  permitai-vos vivenciar cotidianamente esta luz. Abri vossos cora\u00e7\u00f5es, e permitir-vos esta entrega.<br>Guardai  esta breve orienta\u00e7\u00e3o caso sinta que possa-vos ser \u00fatil em algum  momento. Ela vos ajudar\u00e1 na autoprote\u00e7\u00e3o contra o medo da sombra alheia  assim como a avareza do ego que ainda carregais dentro de v\u00f3s.&#8221;<\/p>\n","protected":false},"excerpt":{"rendered":"<p>Nota: Mensagem canalizada por Fabiola Silva Ramos, durante a sua inicia\u00e7\u00e3o ao mestrado, pelo Projeto Luz Sobre as inicia\u00e7\u00f5es em Reiki, a fonte do amor universal &#8220;Todos trazemos em n\u00f3s as sementes que nos conduzir\u00e3o \u00e0 evolu\u00e7\u00e3o. Mas para que germinem \u00e9 necess\u00e1rio a luz e a nutri\u00e7\u00e3o necess\u00e1ria. A luz \u00e9 a orienta\u00e7\u00e3o necess\u00e1ria [&hellip;]<\/p>\n","protected":false},"author":1,"featured_media":0,"parent":17,"menu_order":0,"comment_status":"closed","ping_status":"closed","template":"","meta":{"jetpack_post_was_ever_published":false,"footnotes":""},"class_list":["post-121","page","type-page","status-publish","hentry"],"jetpack_sharing_enabled":true,"jetpack_shortlink":"https:\/\/wp.me\/PaUIHY-1X","_links":{"self":[{"href":"http:\/\/moodle.reikibr.org\/projetoluz\/index.php\/wp-json\/wp\/v2\/pages\/121","targetHints":{"allow":["GET"]}}],"collection":[{"href":"http:\/\/moodle.reikibr.org\/projetoluz\/index.php\/wp-json\/wp\/v2\/pages"}],"about":[{"href":"http:\/\/moodle.reikibr.org\/projetoluz\/index.php\/wp-json\/wp\/v2\/types\/page"}],"author":[{"embeddable":true,"href":"http:\/\/moodle.reikibr.org\/projetoluz\/index.php\/wp-json\/wp\/v2\/users\/1"}],"replies":[{"embeddable":true,"href":"http:\/\/moodle.reikibr.org\/projetoluz\/index.php\/wp-json\/wp\/v2\/comments?post=121"}],"version-history":[{"count":5,"href":"http:\/\/moodle.reikibr.org\/projetoluz\/index.php\/wp-json\/wp\/v2\/pages\/121\/revisions"}],"predecessor-version":[{"id":427,"href":"http:\/\/moodle.reikibr.org\/projetoluz\/index.php\/wp-json\/wp\/v2\/pages\/121\/revisions\/427"}],"up":[{"embeddable":true,"href":"http:\/\/moodle.reikibr.org\/projetoluz\/index.php\/wp-json\/wp\/v2\/pages\/17"}],"wp:attachment":[{"href":"http:\/\/moodle.reikibr.org\/projetoluz\/index.php\/wp-json\/wp\/v2\/media?parent=121"}],"curies":[{"name":"wp","href":"https:\/\/api.w.org\/{rel}","templated":true}]}}