{"id":116,"date":"2019-04-20T19:09:06","date_gmt":"2019-04-20T22:09:06","guid":{"rendered":"http:\/\/moodle.reikibr.org\/projetoluz\/?page_id=116"},"modified":"2019-05-19T23:38:04","modified_gmt":"2019-05-20T02:38:04","slug":"floral-de-protecao","status":"publish","type":"page","link":"http:\/\/moodle.reikibr.org\/projetoluz\/index.php\/projeto-luz\/floral-de-protecao\/","title":{"rendered":"Floral de prote\u00e7\u00e3o"},"content":{"rendered":"\n<p style=\"text-align:left\">O floral composto j\u00e1 possui todas as ess\u00eancias descritas abaixo.<\/p>\n\n\n\n<p>Floral do buqu\u00ea de Saint Germain, excelente para limpar e proteger o corpo f\u00edsico e os de energia.<\/p>\n\n\n\n<p>S\u00e3o Miguel ( Petrea subserrata)<br>\u00c9  um floral que cont\u00e9m o poder de desmanchar trabalhos de magia negra,  neutraliza a irradia\u00e7\u00e3o da energia preta, cuja fonte s\u00e3o os trabalhos  feitos, despachos em macumba, quimbanda, etc. O floral S\u00e3o Miguel tem o  poder de libertar corpos supra-f\u00edsicos presos (acorrentados) em sub n\u00edveis  do plano Astral das pessoas que foram v\u00edtimas destes trabalhos feitos. A  energia S\u00e3o Miguel vem refor\u00e7ar a determina\u00e7\u00e3o em cumprir o seu  prop\u00f3sito, n\u00e3o permitindo nada atrapalhar o caminho de sua perfei\u00e7\u00e3o.  N\u00f3s somos o nosso pr\u00f3prio escudo em contato com a Presen\u00e7a Eu Sou. Que \u00e9  o seu pr\u00f3prio protetor.\u00a0<\/p>\n\n\n\n<p><strong>Boa Sorte (Cordia verben\u00e1cea)<\/strong><br>Remove  obst\u00e1culos para prosperar diante das dificuldades. Este floral cont\u00e9m  energias de potente prote\u00e7\u00e3o. Ess\u00eancia floral que traz o despertar da  prosperidade c\u00f3smica. Energia que faz o trabalho de atrair as riquezas  da terra em sintonia com a Unidade do Cosmos. Vem concretizar a vit\u00f3ria  divina da realiza\u00e7\u00e3o do Cristo em nosso plano f\u00edsico, atrav\u00e9s da  opul\u00eancia Divina em nossos trabalhos. Prosperar em todos os momentos.  Energia-express\u00e3o Divina que remove obst\u00e1culos, traz a paz e o conforto  solar, discernimento divino, calma interna, integridade, equil\u00edbrio, a  certeza do bem feito, pureza e coragem Divina, qualidades- suporte para o  restabelecimento da sincronicidade com o Universo. Combate energias  destrutivas enviadas por outros, energias que promovem desgra\u00e7as,  doen\u00e7as e at\u00e9 a morte. Estas perversas energias enviadas (por trabalho  feito ou formas-pensamento) s\u00e3o elementais criados em candombl\u00e9, umbanda  ou quimbanda), n\u00e3o \u00e9 a energia preta. Estas energias inicialmente,  fazem surgir nas v\u00edtimas estados de negatividade, de des\u00e2nimo, de  tristeza, e t\u00eam levado muitos a cometer atos insanos contra s\u00ed pr\u00f3prios,  por perceberem os seus caminhos totalmente fechados. \u00c9 um floral  restaurador e harmonizador dos chacras que foram obstru\u00eddos por estas  m\u00e1s energias. Na Fitoterapia esta planta \u00e9 usada para combater a artrite  reumatoide, gota, dores musculares, dores na coluna, prostatites,  nevralgias, inflama\u00e7\u00f5es em geral. Na medicina popular \u00e9 usada para  acelerar o processo de cicatriza\u00e7\u00e3o.\u00a0<\/p>\n\n\n\n<p><strong>Chap\u00e9u de Sol (Terminalia cappata)<\/strong><br>Para  pessoas que s\u00e3o invejadas. Ess\u00eancia floral que vem nos proteger da  energia da inveja emitida por pessoas que se sentem amea\u00e7adas de ficar \u00e0  sombra. Esta ess\u00eancia floral \u00e9 muito \u00fatil aos que come\u00e7am a se  destacar. A energia do sentimento de inveja, que muitas vezes \u00e9 emitida  inconscientemente, \u00e9 muito prejudicial \u00e0 v\u00edtima.&nbsp;<\/p>\n\n\n\n<p>Algod\u00e3o (Gossypium religiosum)<br>O  floral Algod\u00e3o trabalha a vis\u00e3o e a audi\u00e7\u00e3o no n\u00edvel da alma. Faz a  limpeza, remove obst\u00e1culos (bloqueios) em nossa audi\u00e7\u00e3o supra-f\u00edsica.  Refaz a conex\u00e3o de nossa personalidade com nosso Eu Superior. Ess\u00eancia  floral ben\u00e9fica para pessoas que ocupam cargos em posi\u00e7\u00e3o de comando:  governantes, l\u00edderes revolucion\u00e1rios, l\u00edderes pol\u00edticos, dirigentes  sindicais, etc. Atua tamb\u00e9m em nossos corpos f\u00edsico e sutis, costurando  rombos em nossa aura causados por traumas f\u00edsicos e ps\u00edquicos, ou  produzidos pela mediunidade for\u00e7ada e n\u00e3o natural no indiv\u00edduo. Na  fitoterapia o Algod\u00e3o \u00e9 usado nas afec\u00e7\u00f5es do ouvido, combate algumas  doen\u00e7as de pele: espinhas, cravos, herpes, bouba (doen\u00e7a infecciosa  causada pelo Treponema pertenue), cura feridas (tamb\u00e9m uso t\u00f3pico),  alivia dores de queimaduras. Combate enfermidades pr\u00f3prias da mulher:  aus\u00eancia de menstrua\u00e7\u00e3o, menstrua\u00e7\u00e3o dolorosa, hemorragia do p\u00f3s-parto,  inflama\u00e7\u00e3o do \u00fatero e do ov\u00e1rio. Provoca contra\u00e7\u00f5es uterinas nas  reten\u00e7\u00f5es de placenta, devolvendo \u00e0s paredes do \u00fatero suas fun\u00e7\u00f5es  naturais. \u00c9 eficiente na expectora\u00e7\u00e3o com sangue, combate as  hemorragias, favorece a digest\u00e3o, \u00e9 auxiliar nas afec\u00e7\u00f5es e no  funcionamento das vias urin\u00e1rias. Tem propriedades diur\u00e9ticas, atua  contra os catarros, disenteria, diarreia e enterite.\u00a0<\/p>\n\n\n\n<p>Goiaba (Psidium guayava)<br>Trabalha  os medos concretos em geral. Traz coragem para enfrentarmos situa\u00e7\u00f5es  de grande perigo, as grandes provas da alma, ou em situa\u00e7\u00f5es de muita  press\u00e3o, e para quando surge o medo da perda do controle. O uso dessa  ess\u00eancia floral nos traz grande for\u00e7a interna acompanhada de um  sentimento de paz, tranq\u00fcilidade e equil\u00edbrio. Goiaba harmoniza todos os  chacras e corpos, principalmente o chacra do plexo solar, que em  situa\u00e7\u00f5es de emerg\u00eancia \u00e9 o primeiro a ser desestabilizado e assim,  dando entrada \u00e0 atua\u00e7\u00e3o de for\u00e7as astrais negativas em nosso campo  energ\u00e9tico. Floral \u00fatil para os beb\u00eas que se assustam com facilidade e  com os movimentos bruscos dos adultos. Na medicina dom\u00e9stica partes  desta planta s\u00e3o utilizadas para combater: \u00e1cido \u00farico, diarreias,  gastroenterite, tosse, hemorragias uterinas, bronquite, tuberculose  pulmonar, catarros gastrointestinais e da bexiga, afec\u00e7\u00f5es dos rins e da  bexiga, artrite, reumatismo, acidez g\u00e1strica, dispepsia, incha\u00e7o das  pernas; \u00e9 vitaminizante (vitamina C); atua contra as varizes, \u00fatil nas convalescen\u00e7as, nas lavagens das \u00falceras e dos ferimentos, nos  gargarejos para as afec\u00e7\u00f5es bucais, nas lavagens vaginais e na  incontin\u00eancia urin\u00e1ria.\u00a0<\/p>\n\n\n\n<p>L\u00f3tus\/Magn\u00f3lia (Nymphaea alba\/ Magnolia grandiflora)<br>Nivel  da personalidade: L\u00f3tus\/Magn\u00f3lia \u00e9 um floral de prote\u00e7\u00e3o, transmuta  energias desclassificadas emitidas por outros e acopladas aos corpos  sutis da personalidade. Vem remover drasticamente o sentimento de  desespero muito antigo, calcado no mais profundo da alma, devido ter  passado por tanto sofrimento e dor em vidas passadas, e devido a isto,  este aspecto da personalidade ficou paralisado e preso em um dos  sub planos baixos do Plano Astral. Esta ess\u00eancia floral vem transformar  sombras em Luz. Aciona a energia criativa dedicada aos aspectos mais  elevados do Eu, elevando o esp\u00edrito da paix\u00e3o \u00e0 pureza. Floral  importante aos que vivem em constante estado de paix\u00e3o. L\u00f3tus\/Magn\u00f3lia  traz inspira\u00e7\u00e3o e sensa\u00e7\u00e3o de bem estar de pertencer a Terra, como  tamb\u00e9m, traz o sentimento da real grandeza de nossa Alma. Este floral  define a intera\u00e7\u00e3o dos campos energ\u00e9ticos, passamos a perceber o que  realmente \u00e9 nosso, e o que \u00e9 do outro (sentimentos, energias, etc).  Floral para os que em vidas passadas tiveram seus corpos, ou partes  deles, usados em rituais de magia negra. \u00datil tamb\u00e9m aos que tiveram  seus corpos mumificados. O Terceiro Raio e o Raio Violeta trabalham  conjuntamente o desenvolvimento do potencial do amor, juntamente com a  transforma\u00e7\u00e3o das energias desclassificadas, tornando-nos assim, um  canal mais receptivo \u00e0s influ\u00eancias do Alto. Trabalha de forma intensa o  chacra do Plexo Solar, o chacra Card\u00edaco, o chacra Lar\u00edngeo e o chacra  da coroa, equilibrando e harmonizando os quatro chacras inferiores. Traz  a compreens\u00e3o do desequil\u00edbrio sofrido e remove a dor dos desn\u00edveis  sofridos. Traz o fortalecimento do chacra card\u00edaco, trazendo a uni\u00e3o do  C\u00e9u com a Terra.\u00a0<\/p>\n\n\n\n<p>Nivel da Alma: \u201cO floral L\u00f3tus\/Magn\u00f3lia \u00e9 uma \nespada de Luz e Verdade que corta os sofrimentos antigos, remove dores \ndo cora\u00e7\u00e3o, alinhando. Ess\u00eancia floral que traz leveza, Luz e Verdade ao\n cora\u00e7\u00e3o. Une as emo\u00e7\u00f5es do cora\u00e7\u00e3o com os reinos mais elevados, para \nque o indiv\u00edduo seja capaz de experimentar o infinito amor do Esp\u00edrito. \nUne as pessoas \u00e0 sua pr\u00f3pria fonte infinita do amor. Tem o objetivo de \npreparar o amor pr\u00f3prio internalizado para que se expresse externamente.\n Estado mental equilibrado pelo Raio Violeta que d\u00e1 a vis\u00e3o da perfei\u00e7\u00e3o\n Divina em todas as coisas, compreendendo o des\u00edgnio Divino.\u201d&nbsp;<\/p>\n\n\n\n<p>Pesquisa  das propriedades medicinais da planta Nynphaea alba (Ver L\u00f3tus do Egito) Pesquisa: propriedades medicinais da planta Magn\u00f3lia grandiflora.  Esta planta \u00e9 usada para tratar paralisias; tonificar o ba\u00e7o, o  est\u00f4mago, o pulm\u00e3o e intestino grosso. Facilita a digest\u00e3o, \u00e9 um t\u00f4nico  digestivo. Combate a febre, debela a leucorr\u00e9ia, combate c\u00f3licas e a  diarreia aguda, combate v\u00edrus e micr\u00f3bios. \u00c9 diur\u00e9tica. Na fitoterapia \u00e9  usada para feitura de \u00f3leos essenciais que s\u00e3o antimicrobianos de largo  espectro.\u00a0<\/p>\n\n\n\n<p>Allium (Allium)<br>Desfaz  encantamentos. Traz potente prote\u00e7\u00e3o aos ataques de for\u00e7as ps\u00edquicas  astrais e consequentes vampirismos. \u00c9 um poderoso desobsessor. O floral  Allium devolve a calma, o discernimento, atua como floral coadjuvante  nos estados de: esgotamento f\u00edsico e ps\u00edquico, ins\u00f4nia, hipocondria,  atua contra h\u00f3spedes indesej\u00e1veis, hipotens\u00e3o, anorexia, dist\u00farbios  metab\u00f3licos, obesidade, menstrua\u00e7\u00e3o atrasada. Pr\u00f3prio para anular o \u201cmau  olhado\u201d e consequente bocejos. Nas gripes fortes usar 4 gotas de 15 em  15 minutos at\u00e9 desaparecer os sintomas .A composi\u00e7\u00e3o qu\u00edmica do alho  encerra a\u00e7\u00e3o terap\u00eautica porque \u00e9 rico em vitamina C, pot\u00e1ssio, \u00e1cido  salic\u00edlico, nitrato de s\u00f3dio e magn\u00e9sio. Atua beneficamente no centro de  forma\u00e7\u00e3o do sangue. Traz benef\u00edcios para o aparelho digestivo, vias  respirat\u00f3rias e vias urin\u00e1rias. \u00c9 diur\u00e9tico, depurativo e estimulante.  Indicado no tratamento da anorexia. Expulsa vermes, mesmo a solit\u00e1ria.  Regulariza o peristaltismo. Combate toxinas intestinais. \u00c9 usado contra  loucura provocada por mordida de cachorro louco. Seu uso \u00e9 eficiente nas  gripes, resfriados, febres, tosses, bronquites, dor de ouvido, catarros  bronquiais agudos e cr\u00f4nicos, defici\u00eancia de vitamina C, \u00e9  antiss\u00e9ptico. Coadjuvante nos tratamentos: afec\u00e7\u00f5es dos rins, da  ves\u00edcula, do p\u00e2ncreas, do f\u00edgado, dist\u00farbios metab\u00f3licos, obesidade,  degenera\u00e7\u00e3o dos vasos sangu\u00edneos, abscessos, picadas de abelhas, areias e  pedras na bexiga, diabetes, \u00e9 depurativo do sangue, combate o \u00e1cido  \u00farico, c\u00e1lculos, c\u00f3lera, difteria, mal\u00e1ria, tifo, \u00falceras, \u00falceras  purulentas, picadas de animais venenosos, combate a pris\u00e3o de ventre,  flatul\u00eancia estomacal, varizes, \u00e9 verm\u00edfugo e anti-inflamat\u00f3rio. \u00c9 \u00fatil  uso externo e interno contra calos, verrugas, sarna, impingens, tinha e  manchas da pele.\u00a0<\/p>\n\n\n\n<p><strong>Incensum (Tetradenia riparia)<\/strong><br>Promove  a eleva\u00e7\u00e3o do n\u00edvel vibrat\u00f3rio. \u00c9 uma ess\u00eancia floral de limpeza da  aura e dos ambientes. Remove manchas e res\u00edduos (miasmas), energias  negativas emitidas por pessoas, por baixas entidades astrais ou por  for\u00e7as ps\u00edquicas. Essas baixas energias circulam e impregnam os  ambientes e a aura dos que circulam por esses locais. Desde os tempos  mais remotos, o incenso \u00e9 usado para limpar e elevar o padr\u00e3o vibrat\u00f3rio  dos locais onde se realizam rituais religiosos, para invocar e  sintonizar os Seres do Reino Superior, por exemplo: os Seres da linhagem  ang\u00e9lica, nas missas e nos cultos religiosos. O floral Incensum quando  usado internamente nos conecta com as For\u00e7as da Luz. Usado como spray  purifica os ambientes.&nbsp;<\/p>\n\n\n\n<p><strong>Myrtus (Myrtus communis)<\/strong><br>Liberta  o nosso mental que est\u00e1 preso no mental poderoso do outro. Esta  ess\u00eancia floral vem libertar tamb\u00e9m, os que n\u00e3o percebem que est\u00e3o  aprisionados, pela sintonia, em egr\u00e9goras de grupos espirituais com  prop\u00f3sitos escusos (inici\u00e1ticos, de orienta\u00e7\u00e3o espiritual, etc), cujo  l\u00edder possui um mental poderoso e com prop\u00f3sitos n\u00e3o afins com a Alma  Divina. Esta pris\u00e3o permite que nossas energias sejam manipuladas e  vampirizadas, principalmente atrav\u00e9s do chacra do plexo solar e do  chacra b\u00e1sico. Esta ess\u00eancia floral nos traz a energia do poder  pessoal.\u00a0<\/p>\n\n\n\n<p><strong>Arnica Silvestre (Solidago microglossa)<\/strong><br>\u00c9  uma ess\u00eancia floral emergencial; indicada para as situa\u00e7\u00f5es em que h\u00e1 o  comprometimento dos corpos f\u00edsico e supra-f\u00edsicos, nos traumatismos, nas  fortes contus\u00f5es, nas tor\u00e7\u00f5es e ferimentos. Indicada para o pr\u00e9 e  p\u00f3s-operat\u00f3rio. A ess\u00eancia floral Arnica Silvestre trabalha os  ferimentos morais. \u00c9 indicada para os que sofreram abusos, e aos que  abusam na alimenta\u00e7\u00e3o, nas bebidas e nas drogas. Indicada tamb\u00e9m nos  casos de rompimento de aura devido a mediunidade for\u00e7ada. Arnica  Silvestre traz para a consci\u00eancia o mais profundo do autoconhecimento  para se curar e perceber o desequil\u00edbrio e transmutar. Floral indicado  para os que n\u00e3o t\u00eam pleno controle do que \u00e9 capaz.\u00a0<\/p>\n\n\n\n<p>Carrapich\u00e3o (Desmondium sp)<br>Combate  o vampirismo por sondas astrais. Esta ess\u00eancia floral vem libertar as  pessoas que s\u00e3o vampirizadas por seres encarnados ou desencarnados,  atrav\u00e9s de sondas astrais. Este tipo de vampirismo n\u00e3o permite que as  v\u00edtimas expressem o seu verdadeiro Eu. Estas sondas s\u00e3o lan\u00e7adas tamb\u00e9m \u00e0  dist\u00e2ncia, por telefone, ou quando entram em sintonia com o mental dos  que vampirizam. Um dos primeiros sintomas deste tipo de vampirismo \u00e9 o  r\u00e1pido enfraquecimento da vis\u00e3o, a seguir, surgem olheiras. O uso desta  ess\u00eancia floral faz a sonda astral se desprender do corpo sutil ao qual  estava acoplada. O emissor da sonda n\u00e3o suporta a alta vibra\u00e7\u00e3o  energ\u00e9tica deste floral. Este tipo de vampirismo provoca nas pessoas  dificuldade de desenvolver seus trabalhos, como tamb\u00e9m, o envelhecimento  precoce, cansa\u00e7o al\u00e9m do enfraquecimento da vis\u00e3o e profundas e escuras  olheiras. Na medicina caseira esta planta \u00e9 usada para combater o  corrimento vaginal e do \u00fatero. \u00c9 utilizada tamb\u00e9m para combater a  gonorreia. <\/p>\n\n\n\n<div class=\"wp-block-file\"><a href=\"http:\/\/moodle.reikibr.org\/projetoluz\/wp-content\/uploads\/2019\/04\/Formula_de_Protecao.pdf\">F\u00f3rmula de Prote\u00e7\u00e3o<\/a><a href=\"http:\/\/moodle.reikibr.org\/projetoluz\/wp-content\/uploads\/2019\/04\/Formula_de_Protecao.pdf\" class=\"wp-block-file__button\" download>Baixar<\/a><\/div>\n\n\n\n<p><a href=\"http:\/\/www.fsg.com.br\/onde-comprar\/\" target=\"_blank\" rel=\"noreferrer noopener\" aria-label=\"Sugest\u00e3o de onde comprar (abre numa nova aba)\">Sugest\u00e3o de onde comprar<\/a><\/p>\n\n\n\n<p>Como preparar o frasco de uso &#8211; p\u00e1gina 28 da <a rel=\"noreferrer noopener\" aria-label=\" (opens in a new tab)\" href=\"http:\/\/moodle.reikibr.org\/projetoluz\/index.php\/projeto-luz\/apostilas\/\" target=\"_blank\">a<\/a><a href=\"http:\/\/moodle.reikibr.org\/projetoluz\/index.php\/projeto-luz\/apostilas\/\" target=\"_blank\" rel=\"noreferrer noopener\" aria-label=\"postila sobre florais (opens in a new tab)\">postila sobre florais<\/a><\/p>\n\n\n\n<div class=\"wp-block-image\"><figure class=\"aligncenter is-resized\"><img loading=\"lazy\" decoding=\"async\" src=\"http:\/\/moodle.reikibr.org\/projetoluz\/wp-content\/uploads\/2019\/04\/floral.jpg\" alt=\"\" class=\"wp-image-118\" width=\"124\" height=\"187\" srcset=\"http:\/\/moodle.reikibr.org\/projetoluz\/wp-content\/uploads\/2019\/04\/floral.jpg 307w, http:\/\/moodle.reikibr.org\/projetoluz\/wp-content\/uploads\/2019\/04\/floral-199x300.jpg 199w\" sizes=\"auto, (max-width: 124px) 100vw, 124px\" \/><\/figure><\/div>\n","protected":false},"excerpt":{"rendered":"<p>O floral composto j\u00e1 possui todas as ess\u00eancias descritas abaixo. Floral do buqu\u00ea de Saint Germain, excelente para limpar e proteger o corpo f\u00edsico e os de energia. S\u00e3o Miguel ( Petrea subserrata)\u00c9 um floral que cont\u00e9m o poder de desmanchar trabalhos de magia negra, neutraliza a irradia\u00e7\u00e3o da energia preta, cuja fonte s\u00e3o os [&hellip;]<\/p>\n","protected":false},"author":1,"featured_media":0,"parent":17,"menu_order":0,"comment_status":"closed","ping_status":"closed","template":"","meta":{"jetpack_post_was_ever_published":false,"footnotes":""},"class_list":["post-116","page","type-page","status-publish","hentry"],"jetpack_sharing_enabled":true,"jetpack_shortlink":"https:\/\/wp.me\/PaUIHY-1S","_links":{"self":[{"href":"http:\/\/moodle.reikibr.org\/projetoluz\/index.php\/wp-json\/wp\/v2\/pages\/116","targetHints":{"allow":["GET"]}}],"collection":[{"href":"http:\/\/moodle.reikibr.org\/projetoluz\/index.php\/wp-json\/wp\/v2\/pages"}],"about":[{"href":"http:\/\/moodle.reikibr.org\/projetoluz\/index.php\/wp-json\/wp\/v2\/types\/page"}],"author":[{"embeddable":true,"href":"http:\/\/moodle.reikibr.org\/projetoluz\/index.php\/wp-json\/wp\/v2\/users\/1"}],"replies":[{"embeddable":true,"href":"http:\/\/moodle.reikibr.org\/projetoluz\/index.php\/wp-json\/wp\/v2\/comments?post=116"}],"version-history":[{"count":9,"href":"http:\/\/moodle.reikibr.org\/projetoluz\/index.php\/wp-json\/wp\/v2\/pages\/116\/revisions"}],"predecessor-version":[{"id":438,"href":"http:\/\/moodle.reikibr.org\/projetoluz\/index.php\/wp-json\/wp\/v2\/pages\/116\/revisions\/438"}],"up":[{"embeddable":true,"href":"http:\/\/moodle.reikibr.org\/projetoluz\/index.php\/wp-json\/wp\/v2\/pages\/17"}],"wp:attachment":[{"href":"http:\/\/moodle.reikibr.org\/projetoluz\/index.php\/wp-json\/wp\/v2\/media?parent=116"}],"curies":[{"name":"wp","href":"https:\/\/api.w.org\/{rel}","templated":true}]}}