{"id":109,"date":"2019-04-20T19:00:27","date_gmt":"2019-04-20T22:00:27","guid":{"rendered":"http:\/\/moodle.reikibr.org\/projetoluz\/?page_id=109"},"modified":"2019-06-02T17:45:52","modified_gmt":"2019-06-02T20:45:52","slug":"a-validade-das-iniciacoes","status":"publish","type":"page","link":"http:\/\/moodle.reikibr.org\/projetoluz\/index.php\/projeto-luz\/a-validade-das-iniciacoes\/","title":{"rendered":"A validade das inicia\u00e7\u00f5es"},"content":{"rendered":"\n<p><\/p>\n\n\n\n<p><em><strong>\u201cTudo aquilo que o homem ignora, n\u00e3o existe pra ele. Por isso o universo de cada um se resume no tamanho de seu saber.\u201d <\/strong><\/em><strong>A<\/strong><em><strong>lbert Einstein<\/strong><\/em><a href=\"http:\/\/kdfrases.com\/frase\/91278\"><\/a><\/p>\n\n\n\n<p>Assim como\n na imposi\u00e7\u00e3o de m\u00e3os, onde o terapeuta reikiano \u00e9 apenas um canal para a\n energia curativa e harmonizadora, um mestre em Reiki, quando faz uma \ninicia\u00e7\u00e3o, seja ela presencial ou \u00e0 dist\u00e2ncia, \u00e9 apenas um canal para a energia inici\u00e1tica. Est\u00e3o surgindo v\u00e1rias teorias como a dos &#8220;fios&#8221;, apenas para sustentar a vontade do ego\n de alguns mestres, de serem os controladores do processo. Aqueles que \nnegam a possibilidade de iniciar \u00e0 dist\u00e2ncia, n\u00e3o deveriam ensinar mais \ndo que o primeiro n\u00edvel, ou seja, o tratamento presencial, mantendo \nassim a coer\u00eancia nas suas afirma\u00e7\u00f5es. H\u00e1 quem duvide, mas ora, \nesperando as&nbsp;b\u00ean\u00e7\u00e3os&nbsp;do divino, n\u00e3o apenas nos seus templos, igrejas ou \nlocais sagrados, mas tamb\u00e9m em casa&#8230; N\u00e3o seria a inicia\u00e7\u00e3o Reiki uma \nd\u00e1diva a ser recebida por verdadeiros Mestres de Luz?<\/p>\n\n\n\n<p><strong>O Projeto Luz n\u00e3o faz inicia\u00e7\u00f5es &#8220;online&#8221;?<\/strong><\/p>\n\n\n\n<p>Apenas  o curso \u00e9 atrav\u00e9s de EAD (educa\u00e7\u00e3o \u00e0 dist\u00e2ncia), j\u00e1 a inicia\u00e7\u00e3o \u00e9 feita  remotamente, por v\u00e1rios mestres, num mesmo momento, mobilizando intensa  energia pela egr\u00e9gora formada.<\/p>\n\n\n\n<p><strong>H\u00e1 certificado? Terei uma linhagem?<\/strong><\/p>\n\n\n\n<p>Cada  iniciado pelo Projeto Luz recebe um certificado com c\u00f3digo de controle  exclusivo, que poder\u00e1 ter a sua validade conferida. A linhagem consta na  <a href=\"http:\/\/moodle.reikibr.org\/projetoluz\/index.php\/projeto-luz\/corpo-de-mestres\/\">p\u00e1gina sobre os mestres do grupo.&nbsp;<\/a><\/p>\n\n\n\n<p><strong>Os tipos de mestres:<\/strong><\/p>\n\n\n\n<p><strong>O Mestre\/a mental (Guiado pela voz do Ego)<\/strong><\/p>\n\n\n\n<p>Ret\u00e9m informa\u00e7\u00f5es<br> D\u00e1 ordens<br> Exige<br> Testa<br> Escolhe por ti<br> Aprisiona<br> Quer que tu dependas dele\/a<br> Imp\u00f5e<br> Pressiona<br> Exclui<br> D\u00e1 import\u00e2ncia ao status<br> Insiste na obedi\u00eancia<br> Afirma ser autoridade m\u00e1xima<br> Divide o Reiki em v\u00e1rias linhas<br> Busca reconhecimento pessoal<br> <\/p>\n\n\n\n<p><strong><br> Mestre\/a Cora\u00e7\u00e3o (Guiado pela voz do esp\u00edrito)<\/strong><\/p>\n\n\n\n<p>Ensina sem reservas<br>\nSugere<br>\nOrienta<br>\nIncentiva<br>\nDeixa que tu escolhas<br>\nConfere poder<br>\nQuer que sejas independente<br>\nRespeita<br>\nApoia<br>\nInclui<br>\nEst\u00e1 dispon\u00edvel para todos<br>\nIncentiva o crescimento pessoal<br>\nReconhece um poder superior<br>\nEnsina integra\u00e7\u00e3o<br>Busca a divina ordem e o bem do todo<\/p>\n\n\n\n<p>Luz e Paz,<\/p>\n\n\n\n<p>Os mestres do Projeto Luz.<\/p>\n","protected":false},"excerpt":{"rendered":"<p>\u201cTudo aquilo que o homem ignora, n\u00e3o existe pra ele. Por isso o universo de cada um se resume no tamanho de seu saber.\u201d Albert Einstein Assim como na imposi\u00e7\u00e3o de m\u00e3os, onde o terapeuta reikiano \u00e9 apenas um canal para a energia curativa e harmonizadora, um mestre em Reiki, quando faz uma inicia\u00e7\u00e3o, seja [&hellip;]<\/p>\n","protected":false},"author":1,"featured_media":0,"parent":17,"menu_order":0,"comment_status":"closed","ping_status":"closed","template":"","meta":{"jetpack_post_was_ever_published":false,"footnotes":""},"class_list":["post-109","page","type-page","status-publish","hentry"],"jetpack_sharing_enabled":true,"jetpack_shortlink":"https:\/\/wp.me\/PaUIHY-1L","_links":{"self":[{"href":"http:\/\/moodle.reikibr.org\/projetoluz\/index.php\/wp-json\/wp\/v2\/pages\/109","targetHints":{"allow":["GET"]}}],"collection":[{"href":"http:\/\/moodle.reikibr.org\/projetoluz\/index.php\/wp-json\/wp\/v2\/pages"}],"about":[{"href":"http:\/\/moodle.reikibr.org\/projetoluz\/index.php\/wp-json\/wp\/v2\/types\/page"}],"author":[{"embeddable":true,"href":"http:\/\/moodle.reikibr.org\/projetoluz\/index.php\/wp-json\/wp\/v2\/users\/1"}],"replies":[{"embeddable":true,"href":"http:\/\/moodle.reikibr.org\/projetoluz\/index.php\/wp-json\/wp\/v2\/comments?post=109"}],"version-history":[{"count":6,"href":"http:\/\/moodle.reikibr.org\/projetoluz\/index.php\/wp-json\/wp\/v2\/pages\/109\/revisions"}],"predecessor-version":[{"id":446,"href":"http:\/\/moodle.reikibr.org\/projetoluz\/index.php\/wp-json\/wp\/v2\/pages\/109\/revisions\/446"}],"up":[{"embeddable":true,"href":"http:\/\/moodle.reikibr.org\/projetoluz\/index.php\/wp-json\/wp\/v2\/pages\/17"}],"wp:attachment":[{"href":"http:\/\/moodle.reikibr.org\/projetoluz\/index.php\/wp-json\/wp\/v2\/media?parent=109"}],"curies":[{"name":"wp","href":"https:\/\/api.w.org\/{rel}","templated":true}]}}